{"id":199840,"date":"2024-07-29T19:03:50","date_gmt":"2025-02-11T11:22:13","guid":{"rendered":"https:\/\/staging.nbg.eu\/product\/the-shear-hammock\/"},"modified":"2025-02-11T11:24:26","modified_gmt":"2025-02-11T11:24:26","slug":"shear-hamakas","status":"publish","type":"product","link":"https:\/\/staging.nbg.eu\/lt\/produktas\/shear-hamakas\/","title":{"rendered":"Shear Hamakas"},"content":{"rendered":"<div class=\"product-description\">\n<h2>\u017dirkli\u0173 hamakas<\/h2>\n<p>\u012erenginys, skirtas ne\u0161ioti b\u016btiniausi\u0105 medicinin\u0119 \u012frang\u0105: \u017dirkli\u0173 hamakas. \u0160is produktas leid\u017eia greitai ir lengvai ne\u0161ioti turniket\u0105, \u017eirkles ar kitus pana\u0161aus dyd\u017eio daiktus ant esamo dir\u017eo ar MOLLE tvirtinimo krep\u0161io.<\/p>\n<h2>Pagrindin\u0117s savyb\u0117s:<\/h2>\n<ul>\n<li>Paruo\u0161tas tvirtinti prie bet kokio MOLLE ar dir\u017eo pried\u0173<\/li>\n<li>Sukurtas greitam naudojimui<\/li>\n<li>Tinka CAT turniketui ir kitiems pana\u0161aus dyd\u017eio daiktams<\/li>\n<li>Apsaugo \u012frang\u0105 nuo UV spinduli\u0173, oro s\u0105lyg\u0173, purvo ir \u0161iuk\u0161li\u0173<\/li>\n<li>Nereikalauja papildomos tvirtinimo vietos<\/li>\n<\/ul>\n<h2>Specifikacijos:<\/h2>\n<ul>\n<li>Svoris: 19g<\/li>\n<li>Dalies nr.: TSP-TQ-01<\/li>\n<li>Matmenys (tu\u0161\u010dias): 12,7 cm x 7,6 cm x 0,95 cm<\/li>\n<li>Matmenys (pilnas): 12,7 cm x 7,6 cm x 6,35 cm<\/li>\n<li>Med\u017eiagos: Ultracomp, da\u017eytas CORDURA\u00ae audinys<\/li>\n<li>Galimos spalvos: Juoda, Kojoto ruda ir Multicam<\/li>\n<\/ul>\n<p>\u017dirkli\u0173 hamakas tinka naudoti su Micro Trauma Kit NOW!\u00ae, leid\u017eiantis laikyti turniket\u0105 lengvai pasiekiam\u0105, neaukojant vietos ar apsaugos. J\u012f galima lengvai pritvirtinti prie bet kokio MOLLE ar dir\u017eo tvirtinamo Micro TKN, arba bet kokio kito MOLLE krep\u0161io su 3 stulpeli\u0173 MOLLE p\u0117dsaku.<\/p>\n<p>\u017dirkli\u0173 hamakas yra skirtas j\u016bs\u0173 svarbiausiai medicininei \u012frangai.<\/p>\n<\/div>\n","protected":false},"excerpt":{"rendered":"<p>Greitai pasiekiamas hamakas turniketams ir \u017eirkl\u0117ms ant MOLLE ekipuot\u0117s.<\/p>\n","protected":false},"featured_media":153987,"template":"","meta":{"_acf_changed":false},"product_brand":[11135],"product_cat":[13708,13699,13743],"product_tag":[],"class_list":{"0":"post-199840","1":"product","2":"type-product","3":"status-publish","4":"has-post-thumbnail","6":"product_brand-blue-force-gear","7":"product_cat-iranga","8":"product_cat-krepseliai","9":"product_cat-medicininiai","11":"first","12":"instock","13":"taxable","14":"shipping-taxable","15":"purchasable","16":"product-type-variable","17":"wvs-archive-product-wrapper"},"acf":[],"_links":{"self":[{"href":"https:\/\/staging.nbg.eu\/lt\/wp-json\/wp\/v2\/product\/199840","targetHints":{"allow":["GET"]}}],"collection":[{"href":"https:\/\/staging.nbg.eu\/lt\/wp-json\/wp\/v2\/product"}],"about":[{"href":"https:\/\/staging.nbg.eu\/lt\/wp-json\/wp\/v2\/types\/product"}],"wp:featuredmedia":[{"embeddable":true,"href":"https:\/\/staging.nbg.eu\/lt\/wp-json\/wp\/v2\/media\/153987"}],"wp:attachment":[{"href":"https:\/\/staging.nbg.eu\/lt\/wp-json\/wp\/v2\/media?parent=199840"}],"wp:term":[{"taxonomy":"product_brand","embeddable":true,"href":"https:\/\/staging.nbg.eu\/lt\/wp-json\/wp\/v2\/product_brand?post=199840"},{"taxonomy":"product_cat","embeddable":true,"href":"https:\/\/staging.nbg.eu\/lt\/wp-json\/wp\/v2\/product_cat?post=199840"},{"taxonomy":"product_tag","embeddable":true,"href":"https:\/\/staging.nbg.eu\/lt\/wp-json\/wp\/v2\/product_tag?post=199840"}],"curies":[{"name":"wp","href":"https:\/\/api.w.org\/{rel}","templated":true}]}}