{"id":199709,"date":"2024-07-29T13:09:29","date_gmt":"2025-02-11T11:07:11","guid":{"rendered":"https:\/\/staging.nbg.eu\/product\/single-pistol-belt-pouch\/"},"modified":"2025-02-11T11:09:27","modified_gmt":"2025-02-11T11:09:27","slug":"viengubas-pistoleto-dirzo-deklas","status":"publish","type":"product","link":"https:\/\/staging.nbg.eu\/lt\/produktas\/viengubas-pistoleto-dirzo-deklas\/","title":{"rendered":"Viengubas Pistoleto Dir\u017eo D\u0117klas"},"content":{"rendered":"<div class=\"product-description\">\n<h2>Vieno pistoleto d\u0117tuv\u0117s dir\u017eo krep\u0161elis<\/h2>\n<p>Vieno pistoleto d\u0117tuv\u0117s dir\u017eo krep\u0161elis. \u0160is krep\u0161elis laiko vien\u0105 pistoleto d\u0117tuv\u0119 ir yra skirtas naudoti pareigoms arba pasl\u0117ptam ne\u0161iojimui.<\/p>\n<ul>\n<li>Tinka dir\u017eams iki 5 cm plo\u010dio<\/li>\n<li>Patogus ne\u0161ioti vis\u0105 dien\u0105, be a\u0161tri\u0173 kra\u0161t\u0173<\/li>\n<li>Elastinis priekis su laminatu<\/li>\n<li>U\u017esegimas su kabliukais ir kilpomis<\/li>\n<li>Tinka vienos arba dviej\u0173 eili\u0173 d\u0117tuv\u0117ms (iki HK45\/USP dyd\u017eio)<\/li>\n<li>Taip pat tinka \u017eibintuv\u0117liams, daugiafunkciniams \u012frankiams ar pana\u0161iems daiktams<\/li>\n<li>Nuimamas dir\u017eo tvirtinimas horizontaliam montavimui<\/li>\n<\/ul>\n<p>Dydis: 5,7 cm x 11,4 cm | Svoris: 20 gram\u0173<\/p>\n<p>\u0160is krep\u0161elis yra lengvas, patvarus ir pritaikomas.<\/p>\n<\/div>\n","protected":false},"excerpt":{"rendered":"<p>Saugus, plonas dir\u017eo krep\u0161elis pistolet\u0173 d\u0117tuv\u0117ms ar \u012frankiams. Greitas pri\u0117jimas.<\/p>\n","protected":false},"featured_media":164228,"template":"","meta":{"_acf_changed":false},"product_brand":[11135],"product_cat":[13684,13708,13699],"product_tag":[],"class_list":{"0":"post-199709","1":"product","2":"type-product","3":"status-publish","4":"has-post-thumbnail","6":"product_brand-blue-force-gear","7":"product_cat-detuviu-laikikliai","8":"product_cat-iranga","9":"product_cat-krepseliai","11":"first","12":"instock","13":"taxable","14":"shipping-taxable","15":"purchasable","16":"product-type-simple"},"acf":[],"_links":{"self":[{"href":"https:\/\/staging.nbg.eu\/lt\/wp-json\/wp\/v2\/product\/199709","targetHints":{"allow":["GET"]}}],"collection":[{"href":"https:\/\/staging.nbg.eu\/lt\/wp-json\/wp\/v2\/product"}],"about":[{"href":"https:\/\/staging.nbg.eu\/lt\/wp-json\/wp\/v2\/types\/product"}],"wp:featuredmedia":[{"embeddable":true,"href":"https:\/\/staging.nbg.eu\/lt\/wp-json\/wp\/v2\/media\/164228"}],"wp:attachment":[{"href":"https:\/\/staging.nbg.eu\/lt\/wp-json\/wp\/v2\/media?parent=199709"}],"wp:term":[{"taxonomy":"product_brand","embeddable":true,"href":"https:\/\/staging.nbg.eu\/lt\/wp-json\/wp\/v2\/product_brand?post=199709"},{"taxonomy":"product_cat","embeddable":true,"href":"https:\/\/staging.nbg.eu\/lt\/wp-json\/wp\/v2\/product_cat?post=199709"},{"taxonomy":"product_tag","embeddable":true,"href":"https:\/\/staging.nbg.eu\/lt\/wp-json\/wp\/v2\/product_tag?post=199709"}],"curies":[{"name":"wp","href":"https:\/\/api.w.org\/{rel}","templated":true}]}}