{"id":198877,"date":"2024-09-02T10:35:09","date_gmt":"2025-02-11T09:18:34","guid":{"rendered":"https:\/\/staging.nbg.eu\/product\/badger-ordnance-low-profile-enhanced-bipod-kit-with-picatinny-mount\/"},"modified":"2025-02-11T09:20:21","modified_gmt":"2025-02-11T09:20:21","slug":"badger-ordnance-zemo-profilio-patobulinta-dvikojo-rinkinys-su-picatinny-laikikliu","status":"publish","type":"product","link":"https:\/\/staging.nbg.eu\/lt\/produktas\/badger-ordnance-zemo-profilio-patobulinta-dvikojo-rinkinys-su-picatinny-laikikliu\/","title":{"rendered":"Badger Ordnance \u017demo Profilio Patobulinta Dvikojo Rinkinys su Picatinny Laikikliu"},"content":{"rendered":"<div class=\"product-description\">\n<h2>BADGER ORDNANCE \u017dEMO PROFILIO PAGERINTAS DVIKOJOS KOMPLEKTAS SU PICATINNY TVIRTINIMU<\/h2>\n<p>Badger Ordnance \u017eemo profilio pagerintas dvikojos komplektas skirtas tiksliems \u0161auliams, kuriems reikia stabilumo ir universalumo lauke.<\/p>\n<h2>Pagrindin\u0117s savyb\u0117s:<\/h2>\n<ul>\n<li>Specialiai modifikuota Harris BRM-S 6&#8243;-9&#8243; dvikoja<\/li>\n<li>Komplekte yra LPHM Picatinny tvirtinimas<\/li>\n<li>Koj\u0173 i\u0161traukimo mygtukai perkelti \u012f vidin\u0119 pus\u0119<\/li>\n<li>Dviguba paskirtis: naudojama kaip dvikoja arba u\u017etvara<\/li>\n<li>Lengvas, sveria tik 11,7 uncij\u0173 (0,72 svar\u0173)<\/li>\n<li>Pagaminta Jungtin\u0117se Amerikos Valstijose<\/li>\n<li>Pagaminta i\u0161 aliuminio<\/li>\n<li>Galima \u012fsigyti juodos arba rudos spalvos<\/li>\n<li>Pirkimui nereikalinga FFL licencija<\/li>\n<\/ul>\n<p>\u0160is \u017eemo profilio dvikojos komplektas u\u017etikrina stabilum\u0105 ir pritaikomum\u0105 \u012fvairioms \u0161audymo pozicijoms. Koj\u0173 i\u0161traukimo mygtukai perkelti, kad b\u016bt\u0173 i\u0161vengta atsitiktinio i\u0161siskleidimo naudojant kaip u\u017etvar\u0105.<\/p>\n<p>Pagamintas i\u0161 auk\u0161tos kokyb\u0117s aliuminio, \u0161is dvikojos komplektas yra tvirtas ir lengvas. Komplekte esantis Picatinny tvirtinimas u\u017etikrina suderinamum\u0105 su daugeliu \u0161aunam\u0173j\u0173 ginkl\u0173.<\/p>\n<p>Badger Ordnance \u017eemo profilio pagerintas dvikojos komplektas tinka var\u017eyb\u0173 dalyviams, med\u017eiotojams ir taktiniams profesionalams, suteikdamas stabilum\u0105 ir universalum\u0105.<\/p>\n<\/div>\n","protected":false},"excerpt":{"rendered":"<p>Lengvas, \u017eemo profilio dvikojos komplektas su Picatinny tvirtinimu. 15-23 cm reguliuojamos kojel\u0117s, 332 g.<\/p>\n","protected":false},"featured_media":35271,"template":"","meta":{"_acf_changed":false},"product_brand":[11089],"product_cat":[13734,13690],"product_tag":[],"class_list":{"0":"post-198877","1":"product","2":"type-product","3":"status-publish","4":"has-post-thumbnail","6":"product_brand-badger-ordnance","7":"product_cat-dvikojes-atramos","8":"product_cat-sautuvo-derinimas","10":"first","11":"instock","12":"taxable","13":"shipping-taxable","14":"purchasable","15":"product-type-simple"},"acf":[],"_links":{"self":[{"href":"https:\/\/staging.nbg.eu\/lt\/wp-json\/wp\/v2\/product\/198877","targetHints":{"allow":["GET"]}}],"collection":[{"href":"https:\/\/staging.nbg.eu\/lt\/wp-json\/wp\/v2\/product"}],"about":[{"href":"https:\/\/staging.nbg.eu\/lt\/wp-json\/wp\/v2\/types\/product"}],"wp:featuredmedia":[{"embeddable":true,"href":"https:\/\/staging.nbg.eu\/lt\/wp-json\/wp\/v2\/media\/35271"}],"wp:attachment":[{"href":"https:\/\/staging.nbg.eu\/lt\/wp-json\/wp\/v2\/media?parent=198877"}],"wp:term":[{"taxonomy":"product_brand","embeddable":true,"href":"https:\/\/staging.nbg.eu\/lt\/wp-json\/wp\/v2\/product_brand?post=198877"},{"taxonomy":"product_cat","embeddable":true,"href":"https:\/\/staging.nbg.eu\/lt\/wp-json\/wp\/v2\/product_cat?post=198877"},{"taxonomy":"product_tag","embeddable":true,"href":"https:\/\/staging.nbg.eu\/lt\/wp-json\/wp\/v2\/product_tag?post=198877"}],"curies":[{"name":"wp","href":"https:\/\/api.w.org\/{rel}","templated":true}]}}