{"id":190248,"date":"2024-09-17T20:00:20","date_gmt":"2024-09-17T20:00:20","guid":{"rendered":"https:\/\/staging.nbg.eu\/product\/holosun-aems-red\/"},"modified":"2025-02-04T15:33:08","modified_gmt":"2025-02-04T15:33:08","slug":"holosun-aems-raudonas","status":"publish","type":"product","link":"https:\/\/staging.nbg.eu\/lt\/produktas\/holosun-aems-raudonas\/","title":{"rendered":"Holosun AEMS Raudonas"},"content":{"rendered":"<div class=\"product-description\">\n<h2>Holosun AEMS Red: Pa\u017eangus u\u017edaro tipo mikro taikiklis<\/h2>\n<p>Holosun AEMS-Red (Pa\u017eangus u\u017edaro tipo mikro taikiklis) yra kompakti\u0161kas optinis taikiklis su 2 kartus didesniu l\u0119\u0161io pavir\u0161iaus plotu nei standartiniai 20 mm mikro stiliaus taikikliai, suteikiantis didesn\u012f matymo lauk\u0105.<\/p>\n<h2>Pagrindin\u0117s savyb\u0117s:<\/h2>\n<ul>\n<li>Kompakti\u0161kas ir lengvas dizainas su dideliu matymo lauku<\/li>\n<li>Tvirta 7075 T6 aliuminio konstrukcija<\/li>\n<li>1.63&#8243; ta\u0161ko auk\u0161tis su Picatinny tvirtinimu<\/li>\n<li>Stikliniai atlenkiami l\u0119\u0161i\u0173 dangteliai apsaugai<\/li>\n<li>Keli\u0173 taikikli\u0173 sistema su 2 MOA ta\u0161ku ir 65 MOA apskritimu<\/li>\n<li>Saul\u0117s energijos atsarginis maitinimas ir judesio aktyvavimo technologija<\/li>\n<li>\u0160one montuojamas baterijos d\u0117klas lengvam pakeitimui<\/li>\n<li>Iki 50 000 valand\u0173 baterijos veikimo laikas su CR2032 baterija<\/li>\n<li>12 intensyvumo nustatym\u0173, \u012fskaitant 4 suderinamas su naktinio matymo prietaisais<\/li>\n<\/ul>\n<h2>Pa\u017eangios technologijos:<\/h2>\n<h3>Saul\u0117s energijos atsarginis maitinimas<\/h3>\n<p>\u0160i funkcija suteikia atsargin\u012f maitinimo \u0161altin\u012f naudojant nat\u016brali\u0105 ar dirbtin\u0119 \u0161vies\u0105.<\/p>\n<h3>Judesio aktyvavimo technologija<\/h3>\n<p>\u0160i funkcija i\u0161jungia LED, kai nenaudojama, ir i\u0161 karto \u012fjungia, aptikus judes\u012f.<\/p>\n<h3>Keli\u0173 taikikli\u0173 sistema<\/h3>\n<p>Galima rinktis tarp 2 MOA ta\u0161ko, 65 MOA apskritimo arba abiej\u0173 derinio.<\/p>\n<h3>Super LED<\/h3>\n<p>Efektyvus energijos naudojimas ir \u012fvair\u016bs ry\u0161kumo nustatymai, pritaikomi \u012fvairioms ap\u0161vietimo s\u0105lygoms.<\/p>\n<h2>Specifikacijos:<\/h2>\n<ul>\n<li>Lango dydis: 1.1&#8243; x 0.87&#8243;<\/li>\n<li>Matmenys: 2.2&#8243; x 1.54&#8243; x 1.7&#8243;<\/li>\n<li>Svoris: 3.9 oz<\/li>\n<li>Reguliavimas vienam spustel\u0117jimui: 0.5 MOA<\/li>\n<li>Horizontalaus ir vertikalaus reguliavimo diapazonas: \u00b150 MOA<\/li>\n<li>Darbin\u0117 temperat\u016bra: nuo -30\u00b0C iki 60\u00b0C<\/li>\n<li>Atsparumo vandeniui klas\u0117: IPX8<\/li>\n<li>Atsparumas vibracijai: 1000G<\/li>\n<\/ul>\n<\/div>\n","protected":false},"excerpt":{"rendered":"<p>Kompakti\u0161kas raudonojo ta\u0161ko taikiklis su dideliu reg\u0117jimo lauku, keli\u0173 taikikli\u0173 sistema ir \u201eShake Awake&#8221; funkcija.<\/p>\n","protected":false},"featured_media":63820,"template":"","meta":{"_acf_changed":false},"product_brand":[11433],"product_cat":[13718,13751,13717],"product_tag":[],"class_list":{"0":"post-190248","1":"product","2":"type-product","3":"status-publish","4":"has-post-thumbnail","6":"product_brand-holosun","7":"product_cat-raudoni-taskai","8":"product_cat-sautuvu-taikikliai","9":"product_cat-taikymas","11":"first","12":"outofstock","13":"taxable","14":"shipping-taxable","15":"purchasable","16":"product-type-simple"},"acf":[],"_links":{"self":[{"href":"https:\/\/staging.nbg.eu\/lt\/wp-json\/wp\/v2\/product\/190248","targetHints":{"allow":["GET"]}}],"collection":[{"href":"https:\/\/staging.nbg.eu\/lt\/wp-json\/wp\/v2\/product"}],"about":[{"href":"https:\/\/staging.nbg.eu\/lt\/wp-json\/wp\/v2\/types\/product"}],"wp:featuredmedia":[{"embeddable":true,"href":"https:\/\/staging.nbg.eu\/lt\/wp-json\/wp\/v2\/media\/63820"}],"wp:attachment":[{"href":"https:\/\/staging.nbg.eu\/lt\/wp-json\/wp\/v2\/media?parent=190248"}],"wp:term":[{"taxonomy":"product_brand","embeddable":true,"href":"https:\/\/staging.nbg.eu\/lt\/wp-json\/wp\/v2\/product_brand?post=190248"},{"taxonomy":"product_cat","embeddable":true,"href":"https:\/\/staging.nbg.eu\/lt\/wp-json\/wp\/v2\/product_cat?post=190248"},{"taxonomy":"product_tag","embeddable":true,"href":"https:\/\/staging.nbg.eu\/lt\/wp-json\/wp\/v2\/product_tag?post=190248"}],"curies":[{"name":"wp","href":"https:\/\/api.w.org\/{rel}","templated":true}]}}