{"id":181361,"date":"2024-04-19T07:15:03","date_gmt":"2025-01-30T06:23:27","guid":{"rendered":"https:\/\/staging.nbg.eu\/product\/blue-force-gear-burnsed-socket\/"},"modified":"2025-01-30T06:25:30","modified_gmt":"2025-01-30T06:25:30","slug":"blue-force-gear-burnsed-lizdas","status":"publish","type":"product","link":"https:\/\/staging.nbg.eu\/lt\/produktas\/blue-force-gear-burnsed-lizdas\/","title":{"rendered":"Blue Force Gear Burnsed lizdas"},"content":{"rendered":"<p>Here&#8217;s the translated product description in Lithuanian without colorful or marketing language:<\/p>\n<p>Burnsed Socket<\/p>\n<p>Burnsed Socket yra Blue Force Gear gaminys. Tai atskira dalis, kuri paver\u010dia Vickers Combat Applications dir\u017e\u0105 \u012f 2-1 ta\u0161ko konvertuojam\u0105 dir\u017e\u0105, kai naudojama kartu su mygtukine dir\u017eo suktuvu arba RED suktuvu. Burnsed Socket buvo sukurtas 2005 metais kaip pagrindinis SOC-C dir\u017eo komponentas, leid\u017eiantis konvertuoti dir\u017e\u0105 \u012f 1, 2 arba 3 ta\u0161k\u0173.<\/p>\n<p>Dir\u017eo universalumo padidinimas: U\u017emaukite Burnsed Socket ant galin\u0117s dir\u017eo dalies link galin\u0117s imtuvo arba \u012fprastos vieno ta\u0161ko dir\u017eo vietos, tada atjunkite priekin\u012f mygtukin\u012f suktuv\u0105 nuo ginklo priekio ir pritvirtinkite j\u012f prie Burnsed Socket.<\/p>\n<p>***Dir\u017eas ne\u012ftrauktas. Tik 1 Burnsed Socket dalis***<\/p>\n<p>Dvi technin\u0117s \u012frangos parinktys:<br \/>\n\u2022 Frezuotas aliuminis &#8211; itin tvirtas sujungimas, anodizuotas matine juoda spalva.<br \/>\n\u2022 Formuotas polimeras &#8211; lengvas, paprastas dir\u017eo prijungimo ta\u0161kas, juodos spalvos.<\/p>\n<p>Pagaminta JAV &#8211; Kaip ir visi Blue Force Gear gaminiai, pagaminta JAV ir turi ribot\u0105 viso gyvenimo garantij\u0105.<\/p>\n<p>SPECIFIKACIJOS<\/p>\n<p>Savyb\u0117s: Veikia kartu su bet kokiu mygtukinio dir\u017eo suktuvu arba EDTM suktuvu 2-1 ta\u0161ko konvertuojamam dir\u017eui (parduodama atskirai). Leid\u017eia ne\u0161ioti ginkl\u0105 2 ta\u0161k\u0173 re\u017eimu maksimaliam valdymui ir komfortui, greitai konvertuojasi \u012f vieno ta\u0161ko dir\u017e\u0105 dinamin\u0117ms aplinkoms.<\/p>\n<p>Svoris: 13g<\/p>\n<p>Dydis: 0,75&#8243; x 1,5&#8243; x 0,5&#8243; &#8211; Tinka bet kokiam 1&#8243; arba 1,25&#8243; dir\u017eo austiniam audiniui<\/p>\n<p>Med\u017eiaga(-os):<br \/>\n\u2022 Frezuotas aliuminis<br \/>\n\u2022 Formuotas polimeras<\/p>\n<p>Papildoma informacija: Rekomenduojama sutepti mygtukinus suktuvus ir Burnsed Socket kiekvien\u0105 kart\u0105, kai tepamas pagrindinis ginklas.<\/p>\n","protected":false},"excerpt":{"rendered":"<p><span style=\"font-size: 110%\"><strong>Padarykite savo dir\u017ein\u012f krep\u0161\u012f universalesn\u012f<\/strong><\/span><\/p>\n","protected":false},"featured_media":163255,"template":"","meta":{"_acf_changed":false},"product_brand":[11135],"product_cat":[13704,13708],"product_tag":[],"class_list":{"0":"post-181361","1":"product","2":"type-product","3":"status-publish","4":"has-post-thumbnail","6":"product_brand-blue-force-gear","7":"product_cat-dirzai","8":"product_cat-iranga","10":"first","11":"instock","12":"taxable","13":"shipping-taxable","14":"purchasable","15":"product-type-simple"},"acf":[],"_links":{"self":[{"href":"https:\/\/staging.nbg.eu\/lt\/wp-json\/wp\/v2\/product\/181361","targetHints":{"allow":["GET"]}}],"collection":[{"href":"https:\/\/staging.nbg.eu\/lt\/wp-json\/wp\/v2\/product"}],"about":[{"href":"https:\/\/staging.nbg.eu\/lt\/wp-json\/wp\/v2\/types\/product"}],"wp:featuredmedia":[{"embeddable":true,"href":"https:\/\/staging.nbg.eu\/lt\/wp-json\/wp\/v2\/media\/163255"}],"wp:attachment":[{"href":"https:\/\/staging.nbg.eu\/lt\/wp-json\/wp\/v2\/media?parent=181361"}],"wp:term":[{"taxonomy":"product_brand","embeddable":true,"href":"https:\/\/staging.nbg.eu\/lt\/wp-json\/wp\/v2\/product_brand?post=181361"},{"taxonomy":"product_cat","embeddable":true,"href":"https:\/\/staging.nbg.eu\/lt\/wp-json\/wp\/v2\/product_cat?post=181361"},{"taxonomy":"product_tag","embeddable":true,"href":"https:\/\/staging.nbg.eu\/lt\/wp-json\/wp\/v2\/product_tag?post=181361"}],"curies":[{"name":"wp","href":"https:\/\/api.w.org\/{rel}","templated":true}]}}