{"id":173082,"date":"2024-08-16T19:55:05","date_gmt":"2025-01-23T11:17:08","guid":{"rendered":"https:\/\/staging.nbg.eu\/product\/barwarus-bw-t4-handguards-with-m-lok\/"},"modified":"2025-01-23T11:18:38","modified_gmt":"2025-01-23T11:18:38","slug":"barwarus-bw-t4-rankenos-su-m-lok","status":"publish","type":"product","link":"https:\/\/staging.nbg.eu\/lt\/produktas\/barwarus-bw-t4-rankenos-su-m-lok\/","title":{"rendered":"Barwarus BW-T4 rankenos su M-Lok"},"content":{"rendered":"<div class=\"product-description\">\n<h2>Barwarus BW-T4 rankenos su M-Lok<\/h2>\n<p>BW-T4 rankenos rinkinys skirtas ilgavamzd\u017eiams AK tipo \u0161autuvams (16&#8243;). \u0160i sistema leid\u017eia prijungti M-LOK priedus.<\/p>\n<ul>\n<li>Suderinama su \u012fvairiais AK modeliais (AKUSA 100 serija, AK-74, Saiga, Vepr ir kitais)<\/li>\n<li>Pagaminta i\u0161 6082-T6 lydinio<\/li>\n<li>Juoda Cerakote danga<\/li>\n<li>Integruoti M-LOK lizdai visose pus\u0117se<\/li>\n<li>Pagerina vamzd\u017eio au\u0161inim\u0105 ir \u0161ilumos sklaid\u0105<\/li>\n<li>Lengvas dizainas<\/li>\n<li>Veikia ekstremalioje temperat\u016broje (nuo -50\u00b0C iki +50\u00b0C)<\/li>\n<\/ul>\n<p>Barwarus BW-T4 rankenos leid\u017eia pritaikyti ginkl\u0105, geriau valdyti \u0161ilum\u0105 ir yra patvarios.<\/p>\n<\/div>\n","protected":false},"excerpt":{"rendered":"<p>Barwarus BW-T4 rank\u0173 apsaugos: suderinamos su M-Lok sistema, AK tobulinimas, u\u017etikrinantis geresn\u012f au\u0161inim\u0105 ir pried\u0173 tvirtinim\u0105.<\/p>\n","protected":false},"featured_media":23620,"template":"","meta":{"_acf_changed":false},"product_brand":[11116],"product_cat":[13675,13689,13690],"product_tag":[],"class_list":{"0":"post-173082","1":"product","2":"type-product","3":"status-publish","4":"has-post-thumbnail","6":"product_brand-barwarus","7":"product_cat-ak-derinimas","8":"product_cat-begiai","9":"product_cat-sautuvo-derinimas","11":"first","12":"instock","13":"taxable","14":"shipping-taxable","15":"product-type-variable","16":"wvs-archive-product-wrapper"},"acf":[],"_links":{"self":[{"href":"https:\/\/staging.nbg.eu\/lt\/wp-json\/wp\/v2\/product\/173082","targetHints":{"allow":["GET"]}}],"collection":[{"href":"https:\/\/staging.nbg.eu\/lt\/wp-json\/wp\/v2\/product"}],"about":[{"href":"https:\/\/staging.nbg.eu\/lt\/wp-json\/wp\/v2\/types\/product"}],"wp:featuredmedia":[{"embeddable":true,"href":"https:\/\/staging.nbg.eu\/lt\/wp-json\/wp\/v2\/media\/23620"}],"wp:attachment":[{"href":"https:\/\/staging.nbg.eu\/lt\/wp-json\/wp\/v2\/media?parent=173082"}],"wp:term":[{"taxonomy":"product_brand","embeddable":true,"href":"https:\/\/staging.nbg.eu\/lt\/wp-json\/wp\/v2\/product_brand?post=173082"},{"taxonomy":"product_cat","embeddable":true,"href":"https:\/\/staging.nbg.eu\/lt\/wp-json\/wp\/v2\/product_cat?post=173082"},{"taxonomy":"product_tag","embeddable":true,"href":"https:\/\/staging.nbg.eu\/lt\/wp-json\/wp\/v2\/product_tag?post=173082"}],"curies":[{"name":"wp","href":"https:\/\/api.w.org\/{rel}","templated":true}]}}