{"id":172243,"date":"2024-08-16T20:00:59","date_gmt":"2025-01-22T17:56:26","guid":{"rendered":"https:\/\/staging.nbg.eu\/product\/barwarus-rail-set-bw-t4-bw-t33\/"},"modified":"2025-01-22T17:57:59","modified_gmt":"2025-01-22T17:57:59","slug":"barwarus-begeliu-rinkinys-bw-t4-ir-bw-t33","status":"publish","type":"product","link":"https:\/\/staging.nbg.eu\/lt\/produktas\/barwarus-begeliu-rinkinys-bw-t4-ir-bw-t33\/","title":{"rendered":"BARWARUS b\u0117geli\u0173 rinkinys (BW-T4 ir BW-T33)"},"content":{"rendered":"<div class=\"product-description\">\n<h2>BARWARUS B\u0116GELI\u0172 RINKINYS (BW-T4 ir BW-T33)<\/h2>\n<p>BARWARUS B\u0116GELI\u0172 RINKINYS, kur\u012f sudaro BW-T33 dangtelio Picatinny b\u0117gelis ir BW-T4 rankena, skirtas AK platformos \u0161autuvams.<\/p>\n<h2>BW-T4 Rankena<\/h2>\n<ul>\n<li>Pakei\u010dia standartin\u0119 ranken\u0105 AK platformos \u0161autuvuose su 16&#8243; vamzd\u017eiais<\/li>\n<li>Turi MLOK angas pried\u0173 montavimui<\/li>\n<li>Suderinama su \u012fvairiais AK modeliais, \u012fskaitant AKUSA 100 SERIJ\u0104, KM, AKMS, AK-74 ir kitus<\/li>\n<li>Pagaminta i\u0161 6082-T6 lydinio su juoda Cerakote danga<\/li>\n<li>Pagerina vamzd\u017eio au\u0161inim\u0105<\/li>\n<li>Veikia temperat\u016broje nuo -50\u00b0C iki +50\u00b0C<\/li>\n<\/ul>\n<h2>BW-T33 Dangtelis<\/h2>\n<ul>\n<li>Integruotas Picatinny b\u0117gelis taikikli\u0173 montavimui<\/li>\n<li>U\u017etikrina pastov\u0173 ta\u0161kinio poveikio ta\u0161k\u0105 atidarant ir u\u017edarant<\/li>\n<li>Pagamintas i\u0161 7075 T6 aliuminio lydinio<\/li>\n<li>170mm \u00b15mm Picatinny b\u0117gelio ilgis<\/li>\n<li>Tvirtinamas penkiais var\u017etais<\/li>\n<li>Svoris: 1559 g \u00b1 0,85 g<\/li>\n<li>Bendri matmenys: 551 mm \u00b1 12,7 mm<\/li>\n<\/ul>\n<p>BARWARUS B\u0116GELI\u0172 RINKINYS skirtas AK platformos \u0161autuvams. Jis suteikia MLOK suderinamum\u0105 ir integruot\u0105 Picatinny b\u0117gel\u012f.<\/p>\n<p><strong>Pastaba:<\/strong> Montavimui gali reik\u0117ti \u0161lifavimo, nes ne visi gamintojai laikosi originalaus rusi\u0161ko Kala\u0161nikovo dizaino. Rekomenduojamas montavimo sukimo momentas: \u2264 11,3 kg.<\/p>\n<\/div>\n","protected":false},"excerpt":{"rendered":"<p>Modulin\u0117 AK b\u0117geli\u0173 sistema, suderinama su MLOK ir Picatinny.<\/p>\n","protected":false},"featured_media":280599,"template":"","meta":{"_acf_changed":false},"product_brand":[11116],"product_cat":[13675,13689,13690],"product_tag":[],"class_list":{"0":"post-172243","1":"product","2":"type-product","3":"status-publish","4":"has-post-thumbnail","6":"product_brand-barwarus","7":"product_cat-ak-derinimas","8":"product_cat-begiai","9":"product_cat-sautuvo-derinimas","11":"first","12":"instock","13":"taxable","14":"shipping-taxable","15":"product-type-variable","16":"wvs-archive-product-wrapper"},"acf":[],"_links":{"self":[{"href":"https:\/\/staging.nbg.eu\/lt\/wp-json\/wp\/v2\/product\/172243","targetHints":{"allow":["GET"]}}],"collection":[{"href":"https:\/\/staging.nbg.eu\/lt\/wp-json\/wp\/v2\/product"}],"about":[{"href":"https:\/\/staging.nbg.eu\/lt\/wp-json\/wp\/v2\/types\/product"}],"wp:featuredmedia":[{"embeddable":true,"href":"https:\/\/staging.nbg.eu\/lt\/wp-json\/wp\/v2\/media\/280599"}],"wp:attachment":[{"href":"https:\/\/staging.nbg.eu\/lt\/wp-json\/wp\/v2\/media?parent=172243"}],"wp:term":[{"taxonomy":"product_brand","embeddable":true,"href":"https:\/\/staging.nbg.eu\/lt\/wp-json\/wp\/v2\/product_brand?post=172243"},{"taxonomy":"product_cat","embeddable":true,"href":"https:\/\/staging.nbg.eu\/lt\/wp-json\/wp\/v2\/product_cat?post=172243"},{"taxonomy":"product_tag","embeddable":true,"href":"https:\/\/staging.nbg.eu\/lt\/wp-json\/wp\/v2\/product_tag?post=172243"}],"curies":[{"name":"wp","href":"https:\/\/api.w.org\/{rel}","templated":true}]}}