{"id":171506,"date":"2024-08-16T19:44:20","date_gmt":"2025-01-21T16:25:21","guid":{"rendered":"https:\/\/staging.nbg.eu\/product\/barwarus-bw-t33-picatinny-rail-cover\/"},"modified":"2025-01-21T16:27:26","modified_gmt":"2025-01-21T16:27:26","slug":"barwarus-bw-t33-picatinny-begelio-dangtelis","status":"publish","type":"product","link":"https:\/\/staging.nbg.eu\/lt\/produktas\/barwarus-bw-t33-picatinny-begelio-dangtelis\/","title":{"rendered":"Barwarus BW-T33 Picatinny b\u0117gelio dangtelis"},"content":{"rendered":"<div class=\"product-description\">\n<h2>Barwarus BW-T33 Picatinny b\u0117gelio dangtelis<\/h2>\n<p>Barwarus BW-T33 dulki\u0173 dangtelis su integruotu Picatinny b\u0117geliu, skirtas AK tipo \u0161autuvams. Tinka Kala\u0161nikovo tipo sportiniams \u0161autuvams ir karabinams. \u0160is dangtelis leid\u017eia lengvai montuoti \u012fvairius taikiklius.<\/p>\n<ul>\n<li>Pagamintas i\u0161 7075 T6 aliuminio lydinio<\/li>\n<li>Picatinny b\u0117gelio ilgis: 170mm \u00b15mm<\/li>\n<li>I\u0161laiko nustatymus atidarant\/u\u017edarant<\/li>\n<li>Tvirtinamas penkiais var\u017etais<\/li>\n<li>Svoris: 55 oz \u00b10,03 oz<\/li>\n<li>Matmenys: 21,7&#8243; \u00b10,5&#8243;<\/li>\n<li>Darbin\u0117 temperat\u016bra: nuo -50\u00b0C iki +50\u00b0C<\/li>\n<\/ul>\n<p>Pastaba: Maksimalus sukimo momentas 25 svarai. Gali prireikti \u0161lifavimo.<\/p>\n<\/div>\n","protected":false},"excerpt":{"rendered":"<p>Patvari AK Picatinny b\u0117gelio apsauga. Montuoja optik\u0105, i\u0161laiko taiklum\u0105.<\/p>\n","protected":false},"featured_media":23459,"template":"","meta":{"_acf_changed":false},"product_brand":[11116],"product_cat":[13675,13689,13690],"product_tag":[],"class_list":{"0":"post-171506","1":"product","2":"type-product","3":"status-publish","4":"has-post-thumbnail","6":"product_brand-barwarus","7":"product_cat-ak-derinimas","8":"product_cat-begiai","9":"product_cat-sautuvo-derinimas","11":"first","12":"instock","13":"taxable","14":"shipping-taxable","15":"product-type-variable","16":"wvs-archive-product-wrapper"},"acf":[],"_links":{"self":[{"href":"https:\/\/staging.nbg.eu\/lt\/wp-json\/wp\/v2\/product\/171506","targetHints":{"allow":["GET"]}}],"collection":[{"href":"https:\/\/staging.nbg.eu\/lt\/wp-json\/wp\/v2\/product"}],"about":[{"href":"https:\/\/staging.nbg.eu\/lt\/wp-json\/wp\/v2\/types\/product"}],"wp:featuredmedia":[{"embeddable":true,"href":"https:\/\/staging.nbg.eu\/lt\/wp-json\/wp\/v2\/media\/23459"}],"wp:attachment":[{"href":"https:\/\/staging.nbg.eu\/lt\/wp-json\/wp\/v2\/media?parent=171506"}],"wp:term":[{"taxonomy":"product_brand","embeddable":true,"href":"https:\/\/staging.nbg.eu\/lt\/wp-json\/wp\/v2\/product_brand?post=171506"},{"taxonomy":"product_cat","embeddable":true,"href":"https:\/\/staging.nbg.eu\/lt\/wp-json\/wp\/v2\/product_cat?post=171506"},{"taxonomy":"product_tag","embeddable":true,"href":"https:\/\/staging.nbg.eu\/lt\/wp-json\/wp\/v2\/product_tag?post=171506"}],"curies":[{"name":"wp","href":"https:\/\/api.w.org\/{rel}","templated":true}]}}