{"id":170993,"date":"2024-08-16T20:04:24","date_gmt":"2025-01-21T10:26:20","guid":{"rendered":"https:\/\/staging.nbg.eu\/product\/barwarus-alpha-1-set-bw-t33-alpha-1\/"},"modified":"2025-01-21T10:28:26","modified_gmt":"2025-01-21T10:28:26","slug":"barwarus-alpha-1-rinkinys-bw-t33-ir-alpha-1","status":"publish","type":"product","link":"https:\/\/staging.nbg.eu\/lt\/produktas\/barwarus-alpha-1-rinkinys-bw-t33-ir-alpha-1\/","title":{"rendered":"Barwarus ALPHA-1 rinkinys (BW-T33 ir ALPHA-1)"},"content":{"rendered":"<div class=\"product-description\">\n<h2>Barwarus ALPHA-1 RINKINYS (BW-T33 ir ALPHA-1)<\/h2>\n<p>Barwarus ALPHA-1 RINKINYS skirtas AK \u0161autuvui, j\u012f sudaro ALPHA-1 priekiniai apsaugai ir BW-T33 dulki\u0173 dangtis. \u012e \u0161\u012f rinkin\u012f \u012feina:<\/p>\n<ul>\n<li>ALPHA-1 trumpi kvadratiniai Picatinny priekiniai apsaugai (vir\u0161utinis ir apatinis)<\/li>\n<li>BW-T33 dulki\u0173 dangtis su integruotu Picatinny b\u0117geliu<\/li>\n<\/ul>\n<p>ALPHA-1 priekiniai apsaugai pagaminti i\u0161 6082-T6 aliuminio ir padengti Cerakote danga. Tinka \u0161tampuoto imtuvo AK modeliams, \u012fskaitant AK 103, 104, 105, 74S, 74M, AKM, AKMS ir Saiga.<\/p>\n<p>BW-T33 dulki\u0173 dangtis pagamintas i\u0161 7075 T6 aliuminio lydinio ir suteikia stabil\u0173 pagrind\u0105 optikai, netrukdant mechanin\u0117ms taikykl\u0117ms. Barwarus ALPHA-1 RINKINYS u\u017etikrina tikslum\u0105 ir universalum\u0105.<\/p>\n<\/div>\n","protected":false},"excerpt":{"rendered":"<p>Auk\u0161\u010diausios kokyb\u0117s AK patobulinimas: Keturi\u0173 b\u0117gi\u0173 rankena ir dulki\u0173 dangtis su b\u0117giu<\/p>\n","protected":false},"featured_media":280691,"template":"","meta":{"_acf_changed":false},"product_brand":[11116],"product_cat":[13675,13689,13690],"product_tag":[],"class_list":{"0":"post-170993","1":"product","2":"type-product","3":"status-publish","4":"has-post-thumbnail","6":"product_brand-barwarus","7":"product_cat-ak-derinimas","8":"product_cat-begiai","9":"product_cat-sautuvo-derinimas","11":"first","12":"instock","13":"taxable","14":"shipping-taxable","15":"product-type-variable","16":"wvs-archive-product-wrapper"},"acf":[],"_links":{"self":[{"href":"https:\/\/staging.nbg.eu\/lt\/wp-json\/wp\/v2\/product\/170993","targetHints":{"allow":["GET"]}}],"collection":[{"href":"https:\/\/staging.nbg.eu\/lt\/wp-json\/wp\/v2\/product"}],"about":[{"href":"https:\/\/staging.nbg.eu\/lt\/wp-json\/wp\/v2\/types\/product"}],"wp:featuredmedia":[{"embeddable":true,"href":"https:\/\/staging.nbg.eu\/lt\/wp-json\/wp\/v2\/media\/280691"}],"wp:attachment":[{"href":"https:\/\/staging.nbg.eu\/lt\/wp-json\/wp\/v2\/media?parent=170993"}],"wp:term":[{"taxonomy":"product_brand","embeddable":true,"href":"https:\/\/staging.nbg.eu\/lt\/wp-json\/wp\/v2\/product_brand?post=170993"},{"taxonomy":"product_cat","embeddable":true,"href":"https:\/\/staging.nbg.eu\/lt\/wp-json\/wp\/v2\/product_cat?post=170993"},{"taxonomy":"product_tag","embeddable":true,"href":"https:\/\/staging.nbg.eu\/lt\/wp-json\/wp\/v2\/product_tag?post=170993"}],"curies":[{"name":"wp","href":"https:\/\/api.w.org\/{rel}","templated":true}]}}