{"id":141598,"date":"2025-01-01T20:56:43","date_gmt":"2025-01-10T22:55:17","guid":{"rendered":"https:\/\/staging.nbg.eu\/product\/area-419-ruger-american-short-action-scope-base\/"},"modified":"2025-01-10T22:57:03","modified_gmt":"2025-01-10T22:57:03","slug":"area-419-ruger-american-trumpo-veikimo-optikines-prietaiso-baze","status":"publish","type":"product","link":"https:\/\/staging.nbg.eu\/lt\/produktas\/area-419-ruger-american-trumpo-veikimo-optikines-prietaiso-baze\/","title":{"rendered":"Area 419 &#8211; Ruger American trumpo veikimo optikin\u0117s prietaiso baz\u0117"},"content":{"rendered":"<div class=\"product-description\">\n<h2>Area 419 &#8211; Ruger American trumpo veiksmo optikos baz\u0117<\/h2>\n<p>Ruger American \u0161autuvui skirta optikos baz\u0117. Pagaminta i\u0161 vieno T7075 aliuminio gabalo, \u0161i baz\u0117 yra:<\/p>\n<ul>\n<li>Pagaminta vietoje tiksliam pritaikymui<\/li>\n<li>Tvirta ir patvari<\/li>\n<li>III tipo juodu kietu anodu padengta<\/li>\n<li>Suprojektuota su 20MOA nuolyd\u017eiu tolimesniems \u0161\u016bviams<\/li>\n<\/ul>\n<p>Pridedamas ver\u017eliaraktis gnybt\u0173 var\u017etams priver\u017eti (rekomenduojama: 15 coli\u0173\/svar\u0173). Tinka tolimojo \u0161audymo patir\u010diai.<\/p>\n<h3>Specifikacijos:<\/h3>\n<ul>\n<li>Svoris: 0,2 svarai<\/li>\n<li>Matmenys: 8,5 \u00d7 1 \u00d7 1 coli\u0173<\/li>\n<li>Gamintojas: Area 419<\/li>\n<li>Dydis: 20MOA<\/li>\n<\/ul>\n<\/div>\n","protected":false},"excerpt":{"rendered":"<p>Precizi\u0161kai apdirbtas 20MOA optikos pagrindas Ruger American \u0161autuvams.<\/p>\n","protected":false},"featured_media":112127,"template":"","meta":{"_acf_changed":false},"product_brand":[11048],"product_cat":[13689,13741,390],"product_tag":[],"class_list":{"0":"post-141598","1":"product","2":"type-product","3":"status-publish","4":"has-post-thumbnail","6":"product_brand-area-419","7":"product_cat-begiai","8":"product_cat-sautuvas","9":"product_cat-aiming","11":"first","12":"instock","13":"taxable","14":"shipping-taxable","15":"purchasable","16":"product-type-simple"},"acf":[],"_links":{"self":[{"href":"https:\/\/staging.nbg.eu\/lt\/wp-json\/wp\/v2\/product\/141598","targetHints":{"allow":["GET"]}}],"collection":[{"href":"https:\/\/staging.nbg.eu\/lt\/wp-json\/wp\/v2\/product"}],"about":[{"href":"https:\/\/staging.nbg.eu\/lt\/wp-json\/wp\/v2\/types\/product"}],"wp:featuredmedia":[{"embeddable":true,"href":"https:\/\/staging.nbg.eu\/lt\/wp-json\/wp\/v2\/media\/112127"}],"wp:attachment":[{"href":"https:\/\/staging.nbg.eu\/lt\/wp-json\/wp\/v2\/media?parent=141598"}],"wp:term":[{"taxonomy":"product_brand","embeddable":true,"href":"https:\/\/staging.nbg.eu\/lt\/wp-json\/wp\/v2\/product_brand?post=141598"},{"taxonomy":"product_cat","embeddable":true,"href":"https:\/\/staging.nbg.eu\/lt\/wp-json\/wp\/v2\/product_cat?post=141598"},{"taxonomy":"product_tag","embeddable":true,"href":"https:\/\/staging.nbg.eu\/lt\/wp-json\/wp\/v2\/product_tag?post=141598"}],"curies":[{"name":"wp","href":"https:\/\/api.w.org\/{rel}","templated":true}]}}