{"id":141489,"date":"2025-01-04T07:53:30","date_gmt":"2025-01-10T22:37:26","guid":{"rendered":"https:\/\/staging.nbg.eu\/product\/area-419-s-m-a-l-single-mlok-arcalock-rail\/"},"modified":"2025-01-10T22:39:12","modified_gmt":"2025-01-10T22:39:12","slug":"area-419-smal-viengubas-mlok-arcalock-begelis","status":"publish","type":"product","link":"https:\/\/staging.nbg.eu\/lt\/produktas\/area-419-smal-viengubas-mlok-arcalock-begelis\/","title":{"rendered":"Area 419 &#8211; S.M.A.L. &#8211; viengubas MLOK ARCALOCK b\u0117gelis"},"content":{"rendered":"<div class=\"product-description\">\n<h2>Area 419 &#8211; S.M.A.L. &#8211; Viengubas MLOK ARCALOCK b\u0117gelis<\/h2>\n<p>S.M.A.L. (Viengubas MLOK ARCALOCK) b\u0117gelis tinka montuoti atstumo matuoklius, \u017ei\u016bronus, steb\u0117jimo prietaisus ir SBRs.<\/p>\n<ul>\n<li>MLOK tvirtinimo ta\u0161kai su pridedama \u012franga<\/li>\n<li>Centrinis 1\/4-20 tvirtinimo ta\u0161kas (\u012franga pridedama)<\/li>\n<li>Pagaminta Amerikoje i\u0161 6061-T6 aliuminio<\/li>\n<li>Juodas anodizuotas pavir\u0161ius<\/li>\n<\/ul>\n<h3>Specifikacijos:<\/h3>\n<ul>\n<li>Svoris: 0,18 kg<\/li>\n<li>Matmenys: 15,24 \u00d7 10,16 \u00d7 2,54 cm<\/li>\n<\/ul>\n<p>S.M.A.L. b\u0117gelis yra kompakti\u0161kas tvirtinimo sprendimas j\u016bs\u0173 tikslios \u012frangos montavimui.<\/p>\n<\/div>\n","protected":false},"excerpt":{"rendered":"<p>Kompakti\u0161ka MLOK ARCALOCK b\u0117gelio sistema, skirta \u012fvairiapusi\u0161kam montavimui. Pagaminta JAV i\u0161 6061-T6 aliuminio.<\/p>\n","protected":false},"featured_media":115745,"template":"","meta":{"_acf_changed":false},"product_brand":[11048],"product_cat":[13689,13741,390],"product_tag":[],"class_list":{"0":"post-141489","1":"product","2":"type-product","3":"status-publish","4":"has-post-thumbnail","6":"product_brand-area-419","7":"product_cat-begiai","8":"product_cat-sautuvas","9":"product_cat-aiming","11":"first","12":"instock","13":"taxable","14":"shipping-taxable","15":"purchasable","16":"product-type-simple"},"acf":[],"_links":{"self":[{"href":"https:\/\/staging.nbg.eu\/lt\/wp-json\/wp\/v2\/product\/141489","targetHints":{"allow":["GET"]}}],"collection":[{"href":"https:\/\/staging.nbg.eu\/lt\/wp-json\/wp\/v2\/product"}],"about":[{"href":"https:\/\/staging.nbg.eu\/lt\/wp-json\/wp\/v2\/types\/product"}],"wp:featuredmedia":[{"embeddable":true,"href":"https:\/\/staging.nbg.eu\/lt\/wp-json\/wp\/v2\/media\/115745"}],"wp:attachment":[{"href":"https:\/\/staging.nbg.eu\/lt\/wp-json\/wp\/v2\/media?parent=141489"}],"wp:term":[{"taxonomy":"product_brand","embeddable":true,"href":"https:\/\/staging.nbg.eu\/lt\/wp-json\/wp\/v2\/product_brand?post=141489"},{"taxonomy":"product_cat","embeddable":true,"href":"https:\/\/staging.nbg.eu\/lt\/wp-json\/wp\/v2\/product_cat?post=141489"},{"taxonomy":"product_tag","embeddable":true,"href":"https:\/\/staging.nbg.eu\/lt\/wp-json\/wp\/v2\/product_tag?post=141489"}],"curies":[{"name":"wp","href":"https:\/\/api.w.org\/{rel}","templated":true}]}}