{"id":141387,"date":"2025-01-04T07:20:19","date_gmt":"2025-01-10T22:32:57","guid":{"rendered":"https:\/\/staging.nbg.eu\/product\/area-419-arcalock-clamp\/"},"modified":"2025-01-10T22:34:44","modified_gmt":"2025-01-10T22:34:44","slug":"area-419-arcalock-spaustukas","status":"publish","type":"product","link":"https:\/\/staging.nbg.eu\/lt\/produktas\/area-419-arcalock-spaustukas\/","title":{"rendered":"Area 419 &#8211; ARCALOCK spaustukas"},"content":{"rendered":"<div class=\"product-description\">\n<h2>Area 419 &#8211; ARCALOCK spaustuvas<\/h2>\n<p>ARCALOCK spaustuvas i\u0161 Area 419 veikia su visais standartiniais ARCA\/1,5&#8243; kreg\u017edin\u0117s uodegos b\u0117geliais, si\u016blydamas mechani\u0161kai u\u017erakinam\u0105 sprendim\u0105 stabilumui padidinti.<\/p>\n<ul>\n<li>Dviej\u0173 pakop\u0173 var\u017eto dizainas greitam jud\u0117jimui ir papildomam sukimo momentui<\/li>\n<li>Suderinamas su Atlas dvikojais ir pritaikomas Harris dvikojams<\/li>\n<li>Gali b\u016bti naudojamas kaip barjero stabdiklis<\/li>\n<li>Suderinamas su standartiniais ARCA b\u0117geliais<\/li>\n<li>Pagamintas i\u0161 6061-T6 aliuminio su III tipo kietu anodavimu<\/li>\n<li>Sveria 72,5 gramus<\/li>\n<\/ul>\n<p>Area 419 ARCALOCK spaustuvas &#8211; priedas j\u016bs\u0173 tikslaus \u0161autuvo s\u0105rankai.<\/p>\n<\/div>\n","protected":false},"excerpt":{"rendered":"<p>Saugus ARCA laikiklis su u\u017erakinimo mechanizmu, skirtas preciziniams \u0161autuvams.<\/p>\n","protected":false},"featured_media":115252,"template":"","meta":{"_acf_changed":false},"product_brand":[11048],"product_cat":[13689,13741],"product_tag":[],"class_list":{"0":"post-141387","1":"product","2":"type-product","3":"status-publish","4":"has-post-thumbnail","6":"product_brand-area-419","7":"product_cat-begiai","8":"product_cat-sautuvas","10":"first","11":"instock","12":"taxable","13":"shipping-taxable","14":"purchasable","15":"product-type-simple"},"acf":[],"_links":{"self":[{"href":"https:\/\/staging.nbg.eu\/lt\/wp-json\/wp\/v2\/product\/141387","targetHints":{"allow":["GET"]}}],"collection":[{"href":"https:\/\/staging.nbg.eu\/lt\/wp-json\/wp\/v2\/product"}],"about":[{"href":"https:\/\/staging.nbg.eu\/lt\/wp-json\/wp\/v2\/types\/product"}],"wp:featuredmedia":[{"embeddable":true,"href":"https:\/\/staging.nbg.eu\/lt\/wp-json\/wp\/v2\/media\/115252"}],"wp:attachment":[{"href":"https:\/\/staging.nbg.eu\/lt\/wp-json\/wp\/v2\/media?parent=141387"}],"wp:term":[{"taxonomy":"product_brand","embeddable":true,"href":"https:\/\/staging.nbg.eu\/lt\/wp-json\/wp\/v2\/product_brand?post=141387"},{"taxonomy":"product_cat","embeddable":true,"href":"https:\/\/staging.nbg.eu\/lt\/wp-json\/wp\/v2\/product_cat?post=141387"},{"taxonomy":"product_tag","embeddable":true,"href":"https:\/\/staging.nbg.eu\/lt\/wp-json\/wp\/v2\/product_tag?post=141387"}],"curies":[{"name":"wp","href":"https:\/\/api.w.org\/{rel}","templated":true}]}}