{"id":141269,"date":"2025-01-04T07:26:25","date_gmt":"2025-01-10T21:46:16","guid":{"rendered":"https:\/\/staging.nbg.eu\/product\/area-419-arcalock-clamp-black\/"},"modified":"2025-01-10T21:48:04","modified_gmt":"2025-01-10T21:48:04","slug":"area-419-arcalock-spaustukas-juodas","status":"publish","type":"product","link":"https:\/\/staging.nbg.eu\/lt\/produktas\/area-419-arcalock-spaustukas-juodas\/","title":{"rendered":"Area 419 &#8211; ARCALOCK spaustukas juodas"},"content":{"rendered":"<div class=\"product-description\">\n<h2>Area 419 &#8211; ARCALOCK spaustuvas (juodas)<\/h2>\n<p>Area 419 ARCALOCK spaustuvas juodos spalvos. \u0160is spaustuvas tinka visiems standartiniams ARCA\/1,5&#8243; kreg\u017ed\u0117s uodegos b\u0117geliams, u\u017etikrindamas mechani\u0161kai u\u017erakint\u0105 sprendim\u0105.<\/p>\n<ul>\n<li>Dviej\u0173 pakop\u0173 var\u017eto dizainas greitam jud\u0117jimui ir papildomam sukimo momentui<\/li>\n<li>Suderinamas su Atlas dvikoj\u0119 ir pritaikomas Harris dvikoj\u0119<\/li>\n<li>Suderinamas su standartiniais ARCA b\u0117geliais<\/li>\n<li>Pagamintas i\u0161 6061-T6 aliuminio su III tipo kietojo anodavimo juoda apdaila<\/li>\n<li>303 ner\u016bdijan\u010dio plieno var\u017etas<\/li>\n<li>Svoris: 72,5 gramai<\/li>\n<\/ul>\n<p>Area 419 ARCALOCK spaustuvas sukurtas ir pagamintas JAV.<\/p>\n<\/div>\n","protected":false},"excerpt":{"rendered":"<p>Saugus ARCA b\u0117gelio spaustukas su juoda ranken\u0117le preciziniams \u0161autuvams.<\/p>\n","protected":false},"featured_media":115376,"template":"","meta":{"_acf_changed":false},"product_brand":[11048],"product_cat":[13689,13741,390],"product_tag":[],"class_list":{"0":"post-141269","1":"product","2":"type-product","3":"status-publish","4":"has-post-thumbnail","6":"product_brand-area-419","7":"product_cat-begiai","8":"product_cat-sautuvas","9":"product_cat-aiming","11":"first","12":"instock","13":"taxable","14":"shipping-taxable","15":"purchasable","16":"product-type-simple"},"acf":[],"_links":{"self":[{"href":"https:\/\/staging.nbg.eu\/lt\/wp-json\/wp\/v2\/product\/141269","targetHints":{"allow":["GET"]}}],"collection":[{"href":"https:\/\/staging.nbg.eu\/lt\/wp-json\/wp\/v2\/product"}],"about":[{"href":"https:\/\/staging.nbg.eu\/lt\/wp-json\/wp\/v2\/types\/product"}],"wp:featuredmedia":[{"embeddable":true,"href":"https:\/\/staging.nbg.eu\/lt\/wp-json\/wp\/v2\/media\/115376"}],"wp:attachment":[{"href":"https:\/\/staging.nbg.eu\/lt\/wp-json\/wp\/v2\/media?parent=141269"}],"wp:term":[{"taxonomy":"product_brand","embeddable":true,"href":"https:\/\/staging.nbg.eu\/lt\/wp-json\/wp\/v2\/product_brand?post=141269"},{"taxonomy":"product_cat","embeddable":true,"href":"https:\/\/staging.nbg.eu\/lt\/wp-json\/wp\/v2\/product_cat?post=141269"},{"taxonomy":"product_tag","embeddable":true,"href":"https:\/\/staging.nbg.eu\/lt\/wp-json\/wp\/v2\/product_tag?post=141269"}],"curies":[{"name":"wp","href":"https:\/\/api.w.org\/{rel}","templated":true}]}}