{"id":140974,"date":"2025-01-04T08:28:27","date_gmt":"2025-01-04T08:28:27","guid":{"rendered":"https:\/\/staging.nbg.eu\/product\/area-419-arcalock-dual-clamp-with-picatinny\/"},"modified":"2025-01-10T19:10:05","modified_gmt":"2025-01-10T19:10:05","slug":"area-419-arcalock-dvigubas-spaustukas-su-picatinny","status":"publish","type":"product","link":"https:\/\/staging.nbg.eu\/lt\/produktas\/area-419-arcalock-dvigubas-spaustukas-su-picatinny\/","title":{"rendered":"Area 419 &#8211; ARCALOCK dvigubas spaustukas su Picatinny"},"content":{"rendered":"<div class=\"product-description\">\n<h2>Area 419 &#8211; ARCALOCK dvigubas spaustuvas su Picatinny<\/h2>\n<p>\u0160is tiksliai apdirbtas, 100% Amerikoje pagamintas spaustuvas si\u016blo dvigub\u0105 funkcionalum\u0105 ARCALOCK ir Picatinny b\u0117geliams.<\/p>\n<ul>\n<li>Reguliuojama \u012ftampa tinkamam pritaikymui abiem pavir\u0161iams<\/li>\n<li>&#8222;\u012ejungimo\/I\u0161jungimo&#8221; ARCALOCK jungiklis suderinamumui su \u012fvairiais gamintojais<\/li>\n<li>Gr\u016bdinto plieno komponentai geresniam Picatinny fiksavimui<\/li>\n<li>ARMS 17S priedas naudojimui su populiariais dvikojai<\/li>\n<\/ul>\n<p>Pagamintas i\u0161 6061-T6 aliuminio ir ner\u016bdijan\u010dio plieno, \u0161is 0,57 kg gaminys yra 15,24 cm \u00d7 8,89 cm \u00d7 5,08 cm dyd\u017eio. Tinka vidutinio ir ilgo nuotolio \u0161audymo m\u0117g\u0117jams.<\/p>\n<p><strong>Pastaba:<\/strong> Nesuderinamas su visais Area 419 ARCALOCK prietaisais, \u012fskaitant Garmin XERO Arms ir RailChanger X.<\/p>\n<\/div>\n","protected":false},"excerpt":{"rendered":"<p>Universalus ARCALOCK\/Picatinny laikiklis tiksliam \u0161audymui.<\/p>\n","protected":false},"featured_media":115955,"template":"","meta":{"_acf_changed":false},"product_brand":[11048],"product_cat":[13689,13741],"product_tag":[],"class_list":{"0":"post-140974","1":"product","2":"type-product","3":"status-publish","4":"has-post-thumbnail","6":"product_brand-area-419","7":"product_cat-begiai","8":"product_cat-sautuvas","10":"first","11":"outofstock","12":"taxable","13":"shipping-taxable","14":"purchasable","15":"product-type-simple"},"acf":[],"_links":{"self":[{"href":"https:\/\/staging.nbg.eu\/lt\/wp-json\/wp\/v2\/product\/140974","targetHints":{"allow":["GET"]}}],"collection":[{"href":"https:\/\/staging.nbg.eu\/lt\/wp-json\/wp\/v2\/product"}],"about":[{"href":"https:\/\/staging.nbg.eu\/lt\/wp-json\/wp\/v2\/types\/product"}],"wp:featuredmedia":[{"embeddable":true,"href":"https:\/\/staging.nbg.eu\/lt\/wp-json\/wp\/v2\/media\/115955"}],"wp:attachment":[{"href":"https:\/\/staging.nbg.eu\/lt\/wp-json\/wp\/v2\/media?parent=140974"}],"wp:term":[{"taxonomy":"product_brand","embeddable":true,"href":"https:\/\/staging.nbg.eu\/lt\/wp-json\/wp\/v2\/product_brand?post=140974"},{"taxonomy":"product_cat","embeddable":true,"href":"https:\/\/staging.nbg.eu\/lt\/wp-json\/wp\/v2\/product_cat?post=140974"},{"taxonomy":"product_tag","embeddable":true,"href":"https:\/\/staging.nbg.eu\/lt\/wp-json\/wp\/v2\/product_tag?post=140974"}],"curies":[{"name":"wp","href":"https:\/\/api.w.org\/{rel}","templated":true}]}}