{"id":140868,"date":"2025-01-04T07:33:44","date_gmt":"2025-01-10T19:01:39","guid":{"rendered":"https:\/\/staging.nbg.eu\/product\/area-419-arcalock-qd-clamp\/"},"modified":"2025-01-10T19:03:29","modified_gmt":"2025-01-10T19:03:29","slug":"area-419-arcalock-qd-spaustukas","status":"publish","type":"product","link":"https:\/\/staging.nbg.eu\/lt\/produktas\/area-419-arcalock-qd-spaustukas\/","title":{"rendered":"Area 419 &#8211; ARCALOCK QD spaustukas"},"content":{"rendered":"<div class=\"product-description\">\n<h2>Area 419 &#8211; ARCALOCK QD spaustukas<\/h2>\n<p>Area 419 ARCALOCK QD spaustukas tinka visiems standartiniams ARCA\/1,5&#8243; kreg\u017ed\u0117s uodegos b\u0117geliams, si\u016blydamas mechani\u0161kai u\u017erakinam\u0105 sprendim\u0105 didesniam stabilumui.<\/p>\n<ul>\n<li>Dviej\u0173 etap\u0173 var\u017eto dizainas greitam jud\u0117jimui ir papildomam sukimo momentui<\/li>\n<li>Suderinamas su Atlas dvikojai ir pritaikomas Harris dvikojams<\/li>\n<li>Atgal suderinamas su standartiniais ARCA b\u0117geliais<\/li>\n<li>Pagamintas i\u0161 6061-T6 aliuminio su III tipo kietu juodu anodavimu<\/li>\n<li>303 ner\u016bdijan\u010dio plieno var\u017etas ilgaam\u017ei\u0161kumui<\/li>\n<li>Lengvas, sveria tik 72,5 gramus<\/li>\n<\/ul>\n<p>ARCALOCK QD spaustukas sukurtas ir pagamintas JAV, Area 419.<\/p>\n<\/div>\n","protected":false},"excerpt":{"rendered":"<p>Greitai nuimamas ARCA spaustuvas su fiksavimo mechanizmu, u\u017etikrinan\u010diu saug\u0173 tvirtinim\u0105.<\/p>\n","protected":false},"featured_media":115498,"template":"","meta":{"_acf_changed":false},"product_brand":[11048],"product_cat":[13689,13741,390],"product_tag":[],"class_list":{"0":"post-140868","1":"product","2":"type-product","3":"status-publish","4":"has-post-thumbnail","6":"product_brand-area-419","7":"product_cat-begiai","8":"product_cat-sautuvas","9":"product_cat-aiming","11":"first","12":"instock","13":"taxable","14":"shipping-taxable","15":"purchasable","16":"product-type-simple"},"acf":[],"_links":{"self":[{"href":"https:\/\/staging.nbg.eu\/lt\/wp-json\/wp\/v2\/product\/140868","targetHints":{"allow":["GET"]}}],"collection":[{"href":"https:\/\/staging.nbg.eu\/lt\/wp-json\/wp\/v2\/product"}],"about":[{"href":"https:\/\/staging.nbg.eu\/lt\/wp-json\/wp\/v2\/types\/product"}],"wp:featuredmedia":[{"embeddable":true,"href":"https:\/\/staging.nbg.eu\/lt\/wp-json\/wp\/v2\/media\/115498"}],"wp:attachment":[{"href":"https:\/\/staging.nbg.eu\/lt\/wp-json\/wp\/v2\/media?parent=140868"}],"wp:term":[{"taxonomy":"product_brand","embeddable":true,"href":"https:\/\/staging.nbg.eu\/lt\/wp-json\/wp\/v2\/product_brand?post=140868"},{"taxonomy":"product_cat","embeddable":true,"href":"https:\/\/staging.nbg.eu\/lt\/wp-json\/wp\/v2\/product_cat?post=140868"},{"taxonomy":"product_tag","embeddable":true,"href":"https:\/\/staging.nbg.eu\/lt\/wp-json\/wp\/v2\/product_tag?post=140868"}],"curies":[{"name":"wp","href":"https:\/\/api.w.org\/{rel}","templated":true}]}}