{"id":140758,"date":"2025-01-04T10:50:43","date_gmt":"2025-01-04T10:50:43","guid":{"rendered":"https:\/\/staging.nbg.eu\/product\/area-419-mlok-nut-and-screw-set\/"},"modified":"2025-01-10T18:39:24","modified_gmt":"2025-01-10T18:39:24","slug":"area-419-mlok-verzliu-ir-varztu-rinkinys","status":"publish","type":"product","link":"https:\/\/staging.nbg.eu\/lt\/produktas\/area-419-mlok-verzliu-ir-varztu-rinkinys\/","title":{"rendered":"Area 419 &#8211; MLOK ver\u017eli\u0173 ir var\u017et\u0173 rinkinys"},"content":{"rendered":"<div class=\"product-description\">\n<h2>Area 419 &#8211; MLOK ver\u017eli\u0173 ir var\u017et\u0173 rinkinys<\/h2>\n<p>Area 419 MLOK ver\u017eli\u0173 ir var\u017et\u0173 rinkinys skirtas M-LOK priedams. \u0160is rinkinys u\u017etikrina saug\u0173 tvirtinim\u0105 visiems M-LOK suderinamiems \u012frenginiams.<\/p>\n<h3>Pagrindin\u0117s savyb\u0117s:<\/h3>\n<ul>\n<li>4 MLOK ver\u017el\u0117s ir 4 var\u017etai<\/li>\n<li>Pagaminta i\u0161 4140 Chromoly plieno<\/li>\n<li>Mil-Spec mangano fosfato apdaila apsaugai nuo korozijos<\/li>\n<li>Suderinama su visais M-LOK priedais<\/li>\n<li>Tiksliai pagaminta optimaliam pritaikymui ir funkcijai<\/li>\n<\/ul>\n<h3>Specifikacijos:<\/h3>\n<ul>\n<li>Svoris: 0,1 svarai<\/li>\n<li>Matmenys: 0,3 \u00d7 0,3 \u00d7 0,3 coliai<\/li>\n<\/ul>\n<p>\u0160is M-LOK T-ver\u017eli\u0173 pakeitimo rinkinys skirtas \u0161aunamojo ginklo funkcionalumui. Area 419 gaminiai skirti ilgalaikiam naudojimui.<\/p>\n<\/div>\n","protected":false},"excerpt":{"rendered":"<p>4140 plieno M-LOK tvirtinimo element\u0173 rinkinys: 4 ver\u017el\u0117s, 4 var\u017etai. Karin\u0117s specifikacijos apdaila.<\/p>\n","protected":false},"featured_media":117743,"template":"","meta":{"_acf_changed":false},"product_brand":[11048],"product_cat":[13689,13741],"product_tag":[],"class_list":{"0":"post-140758","1":"product","2":"type-product","3":"status-publish","4":"has-post-thumbnail","6":"product_brand-area-419","7":"product_cat-begiai","8":"product_cat-sautuvas","10":"first","11":"instock","12":"taxable","13":"shipping-taxable","14":"purchasable","15":"product-type-simple"},"acf":[],"_links":{"self":[{"href":"https:\/\/staging.nbg.eu\/lt\/wp-json\/wp\/v2\/product\/140758","targetHints":{"allow":["GET"]}}],"collection":[{"href":"https:\/\/staging.nbg.eu\/lt\/wp-json\/wp\/v2\/product"}],"about":[{"href":"https:\/\/staging.nbg.eu\/lt\/wp-json\/wp\/v2\/types\/product"}],"wp:featuredmedia":[{"embeddable":true,"href":"https:\/\/staging.nbg.eu\/lt\/wp-json\/wp\/v2\/media\/117743"}],"wp:attachment":[{"href":"https:\/\/staging.nbg.eu\/lt\/wp-json\/wp\/v2\/media?parent=140758"}],"wp:term":[{"taxonomy":"product_brand","embeddable":true,"href":"https:\/\/staging.nbg.eu\/lt\/wp-json\/wp\/v2\/product_brand?post=140758"},{"taxonomy":"product_cat","embeddable":true,"href":"https:\/\/staging.nbg.eu\/lt\/wp-json\/wp\/v2\/product_cat?post=140758"},{"taxonomy":"product_tag","embeddable":true,"href":"https:\/\/staging.nbg.eu\/lt\/wp-json\/wp\/v2\/product_tag?post=140758"}],"curies":[{"name":"wp","href":"https:\/\/api.w.org\/{rel}","templated":true}]}}