{"id":140577,"date":"2025-01-04T07:09:46","date_gmt":"2025-01-10T17:48:53","guid":{"rendered":"https:\/\/staging.nbg.eu\/product\/area-419-arcalock-arm-for-garmin-xero\/"},"modified":"2025-01-10T17:50:54","modified_gmt":"2025-01-10T17:50:54","slug":"area-419-arcalock-laikiklis-garmin-xero","status":"publish","type":"product","link":"https:\/\/staging.nbg.eu\/lt\/produktas\/area-419-arcalock-laikiklis-garmin-xero\/","title":{"rendered":"Area 419 &#8211; ARCALOCK laikiklis Garmin Xero"},"content":{"rendered":"<div class=\"product-description\">\n<h2>Area 419 &#8211; ARCALOCK laikiklis Garmin Xero C1<\/h2>\n<p>ARCALOCK laikiklis suteikia \u012fvairias tvirtinimo galimybes Garmin Xero C1:<\/p>\n<ul>\n<li>Vienoje linijoje su vamzd\u017eiu (\u0161oninis tvirtinimas)<\/li>\n<li>Su poslinkiu naudojant ARCA b\u0117gel\u012f arba pailgint\u0105 pic b\u0117gel\u012f<\/li>\n<li>Nuimamas naudojimui ant bet kurio ARCA suderinamo trikojo<\/li>\n<\/ul>\n<p>Pagamintas i\u0161 aliuminio, \u0161is laikiklis turi 17S tvirtinimo schem\u0105, suderinam\u0105 su m\u016bs\u0173 Arcalock spaustukais arba QD picatinny svirtiniais spaustukais. Tinka Garmin Xero C1 chronografui.<\/p>\n<h3>Specifikacijos:<\/h3>\n<ul>\n<li>Svoris: 0,45 kg<\/li>\n<li>Matmenys: 15,24 cm \u00d7 10,16 cm \u00d7 2,54 cm<\/li>\n<\/ul>\n<\/div>\n","protected":false},"excerpt":{"rendered":"<p>Universalus laikiklis, skirtas Garmin Xero C1: suderinamas su vamzd\u017eiu, b\u0117geliu arba trikoju.<\/p>\n","protected":false},"featured_media":114886,"template":"","meta":{"_acf_changed":false},"product_brand":[11048],"product_cat":[13689,13741],"product_tag":[],"class_list":{"0":"post-140577","1":"product","2":"type-product","3":"status-publish","4":"has-post-thumbnail","6":"product_brand-area-419","7":"product_cat-begiai","8":"product_cat-sautuvas","10":"first","11":"instock","12":"taxable","13":"shipping-taxable","14":"purchasable","15":"product-type-variable","16":"wvs-archive-product-wrapper"},"acf":[],"_links":{"self":[{"href":"https:\/\/staging.nbg.eu\/lt\/wp-json\/wp\/v2\/product\/140577","targetHints":{"allow":["GET"]}}],"collection":[{"href":"https:\/\/staging.nbg.eu\/lt\/wp-json\/wp\/v2\/product"}],"about":[{"href":"https:\/\/staging.nbg.eu\/lt\/wp-json\/wp\/v2\/types\/product"}],"wp:featuredmedia":[{"embeddable":true,"href":"https:\/\/staging.nbg.eu\/lt\/wp-json\/wp\/v2\/media\/114886"}],"wp:attachment":[{"href":"https:\/\/staging.nbg.eu\/lt\/wp-json\/wp\/v2\/media?parent=140577"}],"wp:term":[{"taxonomy":"product_brand","embeddable":true,"href":"https:\/\/staging.nbg.eu\/lt\/wp-json\/wp\/v2\/product_brand?post=140577"},{"taxonomy":"product_cat","embeddable":true,"href":"https:\/\/staging.nbg.eu\/lt\/wp-json\/wp\/v2\/product_cat?post=140577"},{"taxonomy":"product_tag","embeddable":true,"href":"https:\/\/staging.nbg.eu\/lt\/wp-json\/wp\/v2\/product_tag?post=140577"}],"curies":[{"name":"wp","href":"https:\/\/api.w.org\/{rel}","templated":true}]}}