{"id":140313,"date":"2025-01-04T04:41:18","date_gmt":"2025-01-10T15:16:27","guid":{"rendered":"https:\/\/staging.nbg.eu\/product\/area-419-arcalock-12-m-lok-dovetail-rail\/"},"modified":"2025-01-10T15:18:27","modified_gmt":"2025-01-10T15:18:27","slug":"area-419-arcalock-12-m-lok-kregzdes-uodegos-begelis","status":"publish","type":"product","link":"https:\/\/staging.nbg.eu\/lt\/produktas\/area-419-arcalock-12-m-lok-kregzdes-uodegos-begelis\/","title":{"rendered":"Area 419 &#8211; ARCALOCK 12&#8243; M-LOK kreg\u017ed\u0117s uodegos b\u0117gelis"},"content":{"rendered":"<div class=\"product-description\">\n<h2>Area 419 &#8211; ARCALOCK 12&#8243; M-LOK Kreg\u017ed\u0117s uodegos b\u0117gelis<\/h2>\n<p>Area 419 ARCALOCK 12&#8243; M-LOK Kreg\u017ed\u0117s uodegos b\u0117gelis turi \u0161ias savybes:<\/p>\n<ul>\n<li>Dantytus b\u0117gelio \u0161onus mechaniniam fiksavimui su Area 419 spaustuvais<\/li>\n<li>Atgalin\u012f suderinamum\u0105 su standartiniais Arca priedais<\/li>\n<li>12&#8243; ilgis<\/li>\n<li>Lengvas dizainas, svoris tik 4.1 oz<\/li>\n<li>Suderinamumas su RRS 1.5&#8243; Kreg\u017ed\u0117s uodegos standartu<\/li>\n<li>Nusklembti kra\u0161tai ir suapvalinti kampai<\/li>\n<li>3 tipo kietas anodizuotas pavir\u0161ius<\/li>\n<li>Pagaminta JAV i\u0161 6061-T6 aliuminio<\/li>\n<li>M-LOK angos apatin\u0117je pus\u0117je papildomiems priedams<\/li>\n<\/ul>\n<p>ARCALOCK b\u0117gelis sukurtas, kad neslyst\u0173 veikiant spaudimui. Komplekte yra visi reikalingi M-LOK tvirtinimo elementai.<\/p>\n<p><strong>Pastaba:<\/strong> Reikia 6 nuosekli\u0173 MLOK ang\u0173 tvirtinimui. Galinis kampinis u\u017etvaros stabdiklis parduodamas atskirai.<\/p>\n<\/div>\n","protected":false},"excerpt":{"rendered":"<p>Fiksuojamas 12&#8243; ARCA b\u0117gelis su M-LOK angomis. Dantytais \u0161onais, lengvas, patvarus.<\/p>\n","protected":false},"featured_media":112415,"template":"","meta":{"_acf_changed":false},"product_brand":[11048],"product_cat":[13689,13741,390],"product_tag":[],"class_list":{"0":"post-140313","1":"product","2":"type-product","3":"status-publish","4":"has-post-thumbnail","6":"product_brand-area-419","7":"product_cat-begiai","8":"product_cat-sautuvas","9":"product_cat-aiming","11":"first","12":"instock","13":"taxable","14":"shipping-taxable","15":"purchasable","16":"product-type-variable","17":"wvs-archive-product-wrapper"},"acf":[],"_links":{"self":[{"href":"https:\/\/staging.nbg.eu\/lt\/wp-json\/wp\/v2\/product\/140313","targetHints":{"allow":["GET"]}}],"collection":[{"href":"https:\/\/staging.nbg.eu\/lt\/wp-json\/wp\/v2\/product"}],"about":[{"href":"https:\/\/staging.nbg.eu\/lt\/wp-json\/wp\/v2\/types\/product"}],"wp:featuredmedia":[{"embeddable":true,"href":"https:\/\/staging.nbg.eu\/lt\/wp-json\/wp\/v2\/media\/112415"}],"wp:attachment":[{"href":"https:\/\/staging.nbg.eu\/lt\/wp-json\/wp\/v2\/media?parent=140313"}],"wp:term":[{"taxonomy":"product_brand","embeddable":true,"href":"https:\/\/staging.nbg.eu\/lt\/wp-json\/wp\/v2\/product_brand?post=140313"},{"taxonomy":"product_cat","embeddable":true,"href":"https:\/\/staging.nbg.eu\/lt\/wp-json\/wp\/v2\/product_cat?post=140313"},{"taxonomy":"product_tag","embeddable":true,"href":"https:\/\/staging.nbg.eu\/lt\/wp-json\/wp\/v2\/product_tag?post=140313"}],"curies":[{"name":"wp","href":"https:\/\/api.w.org\/{rel}","templated":true}]}}