{"id":140163,"date":"2025-01-04T04:53:09","date_gmt":"2025-01-10T14:00:56","guid":{"rendered":"https:\/\/staging.nbg.eu\/product\/area-419-arcalock-12-universal-dovetail-rail\/"},"modified":"2025-01-10T14:02:42","modified_gmt":"2025-01-10T14:02:42","slug":"area-419-arcalock-12-universali-kregzdes-uodegos-begelis","status":"publish","type":"product","link":"https:\/\/staging.nbg.eu\/lt\/produktas\/area-419-arcalock-12-universali-kregzdes-uodegos-begelis\/","title":{"rendered":"Area 419 &#8211; ARCALOCK 12&#8243; universali kreg\u017ed\u0117s uodegos b\u0117gelis"},"content":{"rendered":"<div class=\"product-description\">\n<h2>Area 419 &#8211; ARCALOCK 12&#8243; Universalus Kreg\u017ed\u0117s uodegos b\u0117gelis<\/h2>\n<p>Area 419 ARCALOCK 12&#8243; Universalus Kreg\u017ed\u0117s uodegos b\u0117gelis turi \u0161ias savybes:<\/p>\n<ul>\n<li>Dantyti \u0161onai mechaniniam fiksavimui su Area 419 spaustuvais<\/li>\n<li>Suderinamas su standartiniais Arca priedais<\/li>\n<li>12&#8243; ilgis<\/li>\n<li>Sveria 4.1 uncijas<\/li>\n<li>Suderinamas su RRS 1.5&#8243; Kreg\u017ed\u0117s uodegos standartu<\/li>\n<li>U\u017eapvalinti kra\u0161tai<\/li>\n<li>Keli tvirtinimo ta\u0161kai<\/li>\n<li>Pagamintas i\u0161 6061-T6 aliuminio su 3 tipo kietu anodavimu<\/li>\n<li>Pagaminta JAV<\/li>\n<\/ul>\n<p>MLOK tvirtinimo detal\u0117s ne\u012ftrauktos.<\/p>\n<\/div>\n","protected":false},"excerpt":{"rendered":"<p>12 coli\u0173 fiksuojama ARCA b\u0117gelis preciziniams \u0161autuvams. MLOK tvirtinimo detal\u0117s ne\u012ftrauktos.<\/p>\n","protected":false},"featured_media":114653,"template":"","meta":{"_acf_changed":false},"product_brand":[11048],"product_cat":[13689,13741,390],"product_tag":[],"class_list":{"0":"post-140163","1":"product","2":"type-product","3":"status-publish","4":"has-post-thumbnail","6":"product_brand-area-419","7":"product_cat-begiai","8":"product_cat-sautuvas","9":"product_cat-aiming","11":"first","12":"instock","13":"taxable","14":"shipping-taxable","15":"purchasable","16":"product-type-simple"},"acf":[],"_links":{"self":[{"href":"https:\/\/staging.nbg.eu\/lt\/wp-json\/wp\/v2\/product\/140163","targetHints":{"allow":["GET"]}}],"collection":[{"href":"https:\/\/staging.nbg.eu\/lt\/wp-json\/wp\/v2\/product"}],"about":[{"href":"https:\/\/staging.nbg.eu\/lt\/wp-json\/wp\/v2\/types\/product"}],"wp:featuredmedia":[{"embeddable":true,"href":"https:\/\/staging.nbg.eu\/lt\/wp-json\/wp\/v2\/media\/114653"}],"wp:attachment":[{"href":"https:\/\/staging.nbg.eu\/lt\/wp-json\/wp\/v2\/media?parent=140163"}],"wp:term":[{"taxonomy":"product_brand","embeddable":true,"href":"https:\/\/staging.nbg.eu\/lt\/wp-json\/wp\/v2\/product_brand?post=140163"},{"taxonomy":"product_cat","embeddable":true,"href":"https:\/\/staging.nbg.eu\/lt\/wp-json\/wp\/v2\/product_cat?post=140163"},{"taxonomy":"product_tag","embeddable":true,"href":"https:\/\/staging.nbg.eu\/lt\/wp-json\/wp\/v2\/product_tag?post=140163"}],"curies":[{"name":"wp","href":"https:\/\/api.w.org\/{rel}","templated":true}]}}