{"id":140052,"date":"2025-01-04T08:32:04","date_gmt":"2025-01-10T13:42:24","guid":{"rendered":"https:\/\/staging.nbg.eu\/product\/area-419-arcalock-17-universal-dovetail-rail\/"},"modified":"2025-01-10T13:44:11","modified_gmt":"2025-01-10T13:44:11","slug":"area-419-arcalock-17-universalus-kregzdes-uodegos-begelis","status":"publish","type":"product","link":"https:\/\/staging.nbg.eu\/lt\/produktas\/area-419-arcalock-17-universalus-kregzdes-uodegos-begelis\/","title":{"rendered":"Area 419 &#8211; ARCALOCK 17&#8243; universalus kreg\u017ed\u0117s uodegos b\u0117gelis"},"content":{"rendered":"<div class=\"product-description\">\n<h2>Area 419 &#8211; ARCALOCK 17&#8243; Universalus Kreg\u017ed\u0117s uodegos b\u0117gelis<\/h2>\n<p>ARCALOCK kreg\u017ed\u0117s uodegos b\u0117geli\u0173 sistema. \u0160is 17&#8243; b\u0117gelis turi:<\/p>\n<ul>\n<li>Dantyti \u0161onai mechaniniam fiksavimui su Area 419 spaustukais<\/li>\n<li>Atgalinis suderinamumas su standartiniais Arca priedais<\/li>\n<li>Atitinka RRS 1.5&#8243; kreg\u017ed\u0117s uodegos standart\u0105<\/li>\n<li>Nusklembti kra\u0161tai<\/li>\n<li>Keli tvirtinimo ta\u0161kai<\/li>\n<li>3 tipo kietai anoduoto 6061-T6 aliuminio konstrukcija<\/li>\n<li>Pagaminta JAV i\u0161 vietini\u0173 med\u017eiag\u0173<\/li>\n<\/ul>\n<p>\u012e komplekt\u0105 \u012feina pailgintas Remington 700 stiliaus veiksmo var\u017etas ir tvirtinimo \u012franga.<\/p>\n<p><em>Pastaba: Galinis fiksuotas u\u017etvaros stabdiklis ir MLOK \u012franga ne\u012ftraukta.<\/em><\/p>\n<\/div>\n","protected":false},"excerpt":{"rendered":"<p>&#8222;Fiksuojantis ARCA b\u0117gelis tiksliesiems \u0161autuvams. 17 coli\u0173 aliuminis, pagamintas JAV.&#8221;<\/p>\n","protected":false},"featured_media":116051,"template":"","meta":{"_acf_changed":false},"product_brand":[11048],"product_cat":[13689,13741,390],"product_tag":[],"class_list":{"0":"post-140052","1":"product","2":"type-product","3":"status-publish","4":"has-post-thumbnail","6":"product_brand-area-419","7":"product_cat-begiai","8":"product_cat-sautuvas","9":"product_cat-aiming","11":"first","12":"instock","13":"taxable","14":"shipping-taxable","15":"purchasable","16":"product-type-simple"},"acf":[],"_links":{"self":[{"href":"https:\/\/staging.nbg.eu\/lt\/wp-json\/wp\/v2\/product\/140052","targetHints":{"allow":["GET"]}}],"collection":[{"href":"https:\/\/staging.nbg.eu\/lt\/wp-json\/wp\/v2\/product"}],"about":[{"href":"https:\/\/staging.nbg.eu\/lt\/wp-json\/wp\/v2\/types\/product"}],"wp:featuredmedia":[{"embeddable":true,"href":"https:\/\/staging.nbg.eu\/lt\/wp-json\/wp\/v2\/media\/116051"}],"wp:attachment":[{"href":"https:\/\/staging.nbg.eu\/lt\/wp-json\/wp\/v2\/media?parent=140052"}],"wp:term":[{"taxonomy":"product_brand","embeddable":true,"href":"https:\/\/staging.nbg.eu\/lt\/wp-json\/wp\/v2\/product_brand?post=140052"},{"taxonomy":"product_cat","embeddable":true,"href":"https:\/\/staging.nbg.eu\/lt\/wp-json\/wp\/v2\/product_cat?post=140052"},{"taxonomy":"product_tag","embeddable":true,"href":"https:\/\/staging.nbg.eu\/lt\/wp-json\/wp\/v2\/product_tag?post=140052"}],"curies":[{"name":"wp","href":"https:\/\/api.w.org\/{rel}","templated":true}]}}