{"id":139867,"date":"2025-01-04T06:50:31","date_gmt":"2025-01-10T13:08:28","guid":{"rendered":"https:\/\/staging.nbg.eu\/product\/area-419-arcalock-6-m-lok-dovetail-rail\/"},"modified":"2025-01-10T13:10:26","modified_gmt":"2025-01-10T13:10:26","slug":"area-419-arcalock-6-m-lok-kregzdes-uodegos-begelis","status":"publish","type":"product","link":"https:\/\/staging.nbg.eu\/lt\/produktas\/area-419-arcalock-6-m-lok-kregzdes-uodegos-begelis\/","title":{"rendered":"Area 419 &#8211; ARCALOCK 6&#8243; M-LOK kreg\u017ed\u0117s uodegos b\u0117gelis"},"content":{"rendered":"<div class=\"product-description\">\n<h2>Area 419 &#8211; ARCALOCK 6&#8243; M-LOK Dovetail B\u0117gelis<\/h2>\n<p><strong>Pastaba: Pritvirtinimui reikia 3 nuosekli\u0173 M-LOK ang\u0173.<\/strong><\/p>\n<p>ARCALOCK Dovetail b\u0117geli\u0173 sistema. \u0160is 6&#8243; b\u0117gelis turi:<\/p>\n<ul>\n<li>Dantytus \u0161onus mechaniniam fiksavimui su Area 419 spaustukais<\/li>\n<li>Suderinamas su standartiniais ARCA priedais<\/li>\n<li>Sveria 2.2 uncijas<\/li>\n<li>Atitinka RRS 1.5&#8243; Dovetail standart\u0105<\/li>\n<li>Nusklembti kra\u0161tai ir suapvalinti kampai<\/li>\n<li>3 tipo kietai anoduotas 6061-T6 aliuminis<\/li>\n<li>Pagaminta JAV i\u0161 vietini\u0173 med\u017eiag\u0173<\/li>\n<\/ul>\n<p>\u0160is b\u0117gelis skirtas \u0161autuvo stabilumui ir universalumui pagerinti. \u012e komplekt\u0105 \u012feina visi reikalingi M-LOK tvirtinimo elementai.<\/p>\n<\/div>\n","protected":false},"excerpt":{"rendered":"<p>Saugus 6 coli\u0173 M-LOK kreg\u017ed\u0117s uodegos b\u0117gelis su fiksuojan\u010diais \u012frantais. Pagaminta JAV.<\/p>\n","protected":false},"featured_media":114266,"template":"","meta":{"_acf_changed":false},"product_brand":[11048],"product_cat":[13689,13741],"product_tag":[],"class_list":{"0":"post-139867","1":"product","2":"type-product","3":"status-publish","4":"has-post-thumbnail","6":"product_brand-area-419","7":"product_cat-begiai","8":"product_cat-sautuvas","10":"first","11":"instock","12":"taxable","13":"shipping-taxable","14":"purchasable","15":"product-type-variable","16":"wvs-archive-product-wrapper"},"acf":[],"_links":{"self":[{"href":"https:\/\/staging.nbg.eu\/lt\/wp-json\/wp\/v2\/product\/139867","targetHints":{"allow":["GET"]}}],"collection":[{"href":"https:\/\/staging.nbg.eu\/lt\/wp-json\/wp\/v2\/product"}],"about":[{"href":"https:\/\/staging.nbg.eu\/lt\/wp-json\/wp\/v2\/types\/product"}],"wp:featuredmedia":[{"embeddable":true,"href":"https:\/\/staging.nbg.eu\/lt\/wp-json\/wp\/v2\/media\/114266"}],"wp:attachment":[{"href":"https:\/\/staging.nbg.eu\/lt\/wp-json\/wp\/v2\/media?parent=139867"}],"wp:term":[{"taxonomy":"product_brand","embeddable":true,"href":"https:\/\/staging.nbg.eu\/lt\/wp-json\/wp\/v2\/product_brand?post=139867"},{"taxonomy":"product_cat","embeddable":true,"href":"https:\/\/staging.nbg.eu\/lt\/wp-json\/wp\/v2\/product_cat?post=139867"},{"taxonomy":"product_tag","embeddable":true,"href":"https:\/\/staging.nbg.eu\/lt\/wp-json\/wp\/v2\/product_tag?post=139867"}],"curies":[{"name":"wp","href":"https:\/\/api.w.org\/{rel}","templated":true}]}}