{"id":139591,"date":"2025-01-04T11:00:05","date_gmt":"2025-01-10T12:07:09","guid":{"rendered":"https:\/\/staging.nbg.eu\/product\/area-419-improved-bipod-picatinny-rail-ibr\/"},"modified":"2025-01-10T12:30:07","modified_gmt":"2025-01-10T12:30:07","slug":"area-419-pagerintas-dvikojo-picatinny-begelis-ibr","status":"publish","type":"product","link":"https:\/\/staging.nbg.eu\/lt\/produktas\/area-419-pagerintas-dvikojo-picatinny-begelis-ibr\/","title":{"rendered":"Area 419 &#8211; pagerintas dvikojo Picatinny b\u0117gelis (IBR)"},"content":{"rendered":"<div class=\"product-description\">\n<h2>Area 419 &#8211; Patobulintas dvikojo Picatinny b\u0117gelis (IBR)<\/h2>\n<p>Area 419 IBR yra 4,8 coli\u0173 b\u0117gelis su 10 ang\u0173. Jis sveria 1,09 uncijos.<\/p>\n<ul>\n<li>Tiksliai pagamintas su u\u017eapvalintais kampais ir nuo\u017eulniais kra\u0161tais<\/li>\n<li>Tinka 1,5\u20133,475 coli\u0173 var\u017et\u0173 ang\u0173 tarpams<\/li>\n<li>Turi viso plo\u010dio i\u0161ky\u0161\u0105 Larue tipo dvikojo tvirtinimams<\/li>\n<li>Visos angos naudojamos nepriklausomai nuo var\u017et\u0173 vietos<\/li>\n<li>Pagamintas i\u0161 7075-T651 aliuminio<\/li>\n<li>Pagaminta JAV i\u0161 amerikieti\u0161k\u0173 med\u017eiag\u0173<\/li>\n<li>Komplekte yra montavimo detal\u0117s<\/li>\n<\/ul>\n<\/div>\n","protected":false},"excerpt":{"rendered":"<p>Area 419 IBR: Lengvas, patvarus dvikojos b\u0117gelis su 10 ang\u0173.<\/p>\n","protected":false},"featured_media":118179,"template":"","meta":{"_acf_changed":false},"product_brand":[11048],"product_cat":[13689,13741],"product_tag":[],"class_list":{"0":"post-139591","1":"product","2":"type-product","3":"status-publish","4":"has-post-thumbnail","6":"product_brand-area-419","7":"product_cat-begiai","8":"product_cat-sautuvas","10":"first","11":"instock","12":"taxable","13":"shipping-taxable","14":"purchasable","15":"product-type-variable","16":"wvs-archive-product-wrapper"},"acf":[],"_links":{"self":[{"href":"https:\/\/staging.nbg.eu\/lt\/wp-json\/wp\/v2\/product\/139591","targetHints":{"allow":["GET"]}}],"collection":[{"href":"https:\/\/staging.nbg.eu\/lt\/wp-json\/wp\/v2\/product"}],"about":[{"href":"https:\/\/staging.nbg.eu\/lt\/wp-json\/wp\/v2\/types\/product"}],"wp:featuredmedia":[{"embeddable":true,"href":"https:\/\/staging.nbg.eu\/lt\/wp-json\/wp\/v2\/media\/118179"}],"wp:attachment":[{"href":"https:\/\/staging.nbg.eu\/lt\/wp-json\/wp\/v2\/media?parent=139591"}],"wp:term":[{"taxonomy":"product_brand","embeddable":true,"href":"https:\/\/staging.nbg.eu\/lt\/wp-json\/wp\/v2\/product_brand?post=139591"},{"taxonomy":"product_cat","embeddable":true,"href":"https:\/\/staging.nbg.eu\/lt\/wp-json\/wp\/v2\/product_cat?post=139591"},{"taxonomy":"product_tag","embeddable":true,"href":"https:\/\/staging.nbg.eu\/lt\/wp-json\/wp\/v2\/product_tag?post=139591"}],"curies":[{"name":"wp","href":"https:\/\/api.w.org\/{rel}","templated":true}]}}