{"id":139314,"date":"2025-01-04T11:28:41","date_gmt":"2025-01-04T11:28:41","guid":{"rendered":"https:\/\/staging.nbg.eu\/product\/area-419-3-inch-stackable-drop-tube\/"},"modified":"2025-01-10T10:36:26","modified_gmt":"2025-01-10T10:36:26","slug":"area-419-3-coliu-kraunama-numetimo-vamzdis","status":"publish","type":"product","link":"https:\/\/staging.nbg.eu\/lt\/produktas\/area-419-3-coliu-kraunama-numetimo-vamzdis\/","title":{"rendered":"Area 419 &#8211; 3 coli\u0173 kraunama numetimo vamzdis"},"content":{"rendered":"<h2>Area 419 &#8211; 7,62 cm kaupiamasis piltuv\u0117lis<\/h2>\n<p>Area 419 7,62 cm kaupiamasis piltuv\u0117lis skirtas naudoti su ekstruduotais parako milteliais. \u0160is \u012frankis leid\u017eia pilniau u\u017epildyti \u0161ovini\u0173 t\u016btas.<\/p>\n<h2>Pagrindin\u0117s savyb\u0117s:<\/h2>\n<ul>\n<li>Suderinamas su Area 419 kei\u010diam\u0173 galvu\u010di\u0173 parako piltuvo sistema<\/li>\n<li>7,62 cm ilgio, galima jungti norint pasiekti pageidaujam\u0105 auk\u0161t\u012f<\/li>\n<li>Tinka specifini\u0173 kalibr\u0173 galvut\u0117s<\/li>\n<li>Pagamintas i\u0161 vientiso 6061-T6 aliuminio<\/li>\n<li>II tipo anoduotas pavir\u0161ius<\/li>\n<\/ul>\n<h2>Specifikacijos:<\/h2>\n<ul>\n<li>Svoris: 0,09 kg<\/li>\n<li>Matmenys: 7,62 cm \u00d7 2,03 cm \u00d7 2,03 cm<\/li>\n<li>Gamintojas: Area 419<\/li>\n<\/ul>\n<p>\u0160is universalus piltuv\u0117lis skirtas pagerinti \u0161ovini\u0173 u\u017etaisymo proces\u0105.<\/p>\n","protected":false},"excerpt":{"rendered":"<p>3 coli\u0173 milteli\u0173 pylimo vamzdelis, kur\u012f galima sukrauti, skirtas efektyviam \u0161ovini\u0173 u\u017epildymui. Pagamintas i\u0161 aliuminio.<\/p>\n","protected":false},"featured_media":119166,"template":"","meta":{"_acf_changed":false},"product_brand":[11048],"product_cat":[13737,13691],"product_tag":[],"class_list":{"0":"post-139314","1":"product","2":"type-product","3":"status-publish","4":"has-post-thumbnail","6":"product_brand-area-419","7":"product_cat-perkrovimas","8":"product_cat-perkrovimo-priedai","10":"first","11":"outofstock","12":"taxable","13":"shipping-taxable","14":"purchasable","15":"product-type-simple"},"acf":[],"_links":{"self":[{"href":"https:\/\/staging.nbg.eu\/lt\/wp-json\/wp\/v2\/product\/139314","targetHints":{"allow":["GET"]}}],"collection":[{"href":"https:\/\/staging.nbg.eu\/lt\/wp-json\/wp\/v2\/product"}],"about":[{"href":"https:\/\/staging.nbg.eu\/lt\/wp-json\/wp\/v2\/types\/product"}],"wp:featuredmedia":[{"embeddable":true,"href":"https:\/\/staging.nbg.eu\/lt\/wp-json\/wp\/v2\/media\/119166"}],"wp:attachment":[{"href":"https:\/\/staging.nbg.eu\/lt\/wp-json\/wp\/v2\/media?parent=139314"}],"wp:term":[{"taxonomy":"product_brand","embeddable":true,"href":"https:\/\/staging.nbg.eu\/lt\/wp-json\/wp\/v2\/product_brand?post=139314"},{"taxonomy":"product_cat","embeddable":true,"href":"https:\/\/staging.nbg.eu\/lt\/wp-json\/wp\/v2\/product_cat?post=139314"},{"taxonomy":"product_tag","embeddable":true,"href":"https:\/\/staging.nbg.eu\/lt\/wp-json\/wp\/v2\/product_tag?post=139314"}],"curies":[{"name":"wp","href":"https:\/\/api.w.org\/{rel}","templated":true}]}}