{"id":139187,"date":"2025-01-04T11:14:34","date_gmt":"2025-01-04T11:14:34","guid":{"rendered":"https:\/\/staging.nbg.eu\/product\/fixed-scope-level-for-area-419-rings-and-mounts\/"},"modified":"2025-01-10T10:28:07","modified_gmt":"2025-01-10T10:28:07","slug":"fiksuotas-taikinio-lygis-area-419-ziedams-ir-laikiklems","status":"publish","type":"product","link":"https:\/\/staging.nbg.eu\/lt\/produktas\/fiksuotas-taikinio-lygis-area-419-ziedams-ir-laikiklems\/","title":{"rendered":"Fiksuotas taikinio lygis Area 419 \u017eiedams ir laikikl\u0117ms"},"content":{"rendered":"<div class=\"product-description\">\n<h2>Fiksuotas taikiklio guls\u010diukas Area 419 \u017eiedams ir tvirtinimams<\/h2>\n<p>M\u016bs\u0173 fiksuotas taikiklio guls\u010diukas. \u0160is guls\u010diukas pasi\u017eymi:<\/p>\n<ul>\n<li>Gerai matomas guls\u010diuko ampul\u0117<\/li>\n<li>Universalus dizainas, tinkantis keliems tvirtinimo ta\u0161kams<\/li>\n<li>Pagamintas i\u0161 6061 aliuminio<\/li>\n<li>Pagaminta Amerikoje<\/li>\n<\/ul>\n<p>Tinka \u0161auliams, kuriems reikia tikslumo. Galima pritvirtinti prie bet kuri\u0173 m\u016bs\u0173 \u017eied\u0173 ir tvirtinim\u0173.<\/p>\n<h3>Specifikacijos:<\/h3>\n<ul>\n<li>Svoris: 0,23 kg<\/li>\n<li>Matmenys: 15,24 \u00d7 10,16 \u00d7 2,54 cm<\/li>\n<\/ul>\n<p>Fiksuotas taikiklio guls\u010diukas &#8211; paprastumas ir tikslumas.<\/p>\n<\/div>\n","protected":false},"excerpt":{"rendered":"<p>&#8220;Matomas, pakartotinai naudojamas guls\u010diukas. Pagamintas JAV i\u0161 aliuminio. Universalus tvirtinimas.&#8221;<\/p>\n","protected":false},"featured_media":118924,"template":"","meta":{"_acf_changed":false},"product_brand":[11048],"product_cat":[13717,13674],"product_tag":[],"class_list":{"0":"post-139187","1":"product","2":"type-product","3":"status-publish","4":"has-post-thumbnail","6":"product_brand-area-419","7":"product_cat-taikymas","8":"product_cat-taikymosi-priedai","10":"first","11":"instock","12":"taxable","13":"shipping-taxable","14":"purchasable","15":"product-type-simple"},"acf":[],"_links":{"self":[{"href":"https:\/\/staging.nbg.eu\/lt\/wp-json\/wp\/v2\/product\/139187","targetHints":{"allow":["GET"]}}],"collection":[{"href":"https:\/\/staging.nbg.eu\/lt\/wp-json\/wp\/v2\/product"}],"about":[{"href":"https:\/\/staging.nbg.eu\/lt\/wp-json\/wp\/v2\/types\/product"}],"wp:featuredmedia":[{"embeddable":true,"href":"https:\/\/staging.nbg.eu\/lt\/wp-json\/wp\/v2\/media\/118924"}],"wp:attachment":[{"href":"https:\/\/staging.nbg.eu\/lt\/wp-json\/wp\/v2\/media?parent=139187"}],"wp:term":[{"taxonomy":"product_brand","embeddable":true,"href":"https:\/\/staging.nbg.eu\/lt\/wp-json\/wp\/v2\/product_brand?post=139187"},{"taxonomy":"product_cat","embeddable":true,"href":"https:\/\/staging.nbg.eu\/lt\/wp-json\/wp\/v2\/product_cat?post=139187"},{"taxonomy":"product_tag","embeddable":true,"href":"https:\/\/staging.nbg.eu\/lt\/wp-json\/wp\/v2\/product_tag?post=139187"}],"curies":[{"name":"wp","href":"https:\/\/api.w.org\/{rel}","templated":true}]}}