{"id":139080,"date":"2025-01-04T11:21:50","date_gmt":"2025-01-04T11:21:50","guid":{"rendered":"https:\/\/staging.nbg.eu\/product\/area-419-master-funnel-kit\/"},"modified":"2025-01-10T10:22:46","modified_gmt":"2025-01-10T10:22:46","slug":"area-419-pagrindinis-piltuvu-rinkinys","status":"publish","type":"product","link":"https:\/\/staging.nbg.eu\/lt\/produktas\/area-419-pagrindinis-piltuvu-rinkinys\/","title":{"rendered":"Area 419 &#8211; pagrindinis piltuv\u0173 rinkinys"},"content":{"rendered":"<h2>Area 419 &#8211; Pagrindinis piltuvo rinkinys<\/h2>\n<p>Area 419 pagrindinis piltuvo rinkinys apima:<\/p>\n<ul>\n<li>1 Piltuvo korpus\u0105<\/li>\n<li>6 Kalibro-specifinius spalvomis koduotus antgalius (22 kal., 6mm\/243, 6.5mm\/264, 7mm\/284, 30 kal., 338 kal.)<\/li>\n<li>1 Laikymo blok\u0105<\/li>\n<\/ul>\n<p>Pagamintas i\u0161 6061-T6 aliuminio, \u0161is piltuvas suma\u017eina statin\u012f kr\u016bv\u012f ir pagerina parako sraut\u0105. Kei\u010diami antgaliai tinka kiekvienam kalibrui. Konstrukcijos ypatyb\u0117s:<\/p>\n<ul>\n<li>Rifliuotas vidus parako srautui gerinti<\/li>\n<li>Ranken\u0117l\u0117s lengvam laikymui<\/li>\n<li>Lyg\u016bs pavir\u0161iai, kad neprikibt\u0173 parakas<\/li>\n<\/ul>\n<p>Pagaminta JAV.<\/p>\n","protected":false},"excerpt":{"rendered":"<p>\u201eArea 419&#8243; pagrindinis piltuvo rinkinys: Precizi\u0161kas \u0161ovini\u0173 u\u017etaisymas su 6 kalibr\u0173 galvut\u0117mis.<\/p>\n","protected":false},"featured_media":119068,"template":"","meta":{"_acf_changed":false},"product_brand":[11048],"product_cat":[13737,13691],"product_tag":[],"class_list":{"0":"post-139080","1":"product","2":"type-product","3":"status-publish","4":"has-post-thumbnail","6":"product_brand-area-419","7":"product_cat-perkrovimas","8":"product_cat-perkrovimo-priedai","10":"first","11":"instock","12":"taxable","13":"shipping-taxable","14":"purchasable","15":"product-type-simple"},"acf":[],"_links":{"self":[{"href":"https:\/\/staging.nbg.eu\/lt\/wp-json\/wp\/v2\/product\/139080","targetHints":{"allow":["GET"]}}],"collection":[{"href":"https:\/\/staging.nbg.eu\/lt\/wp-json\/wp\/v2\/product"}],"about":[{"href":"https:\/\/staging.nbg.eu\/lt\/wp-json\/wp\/v2\/types\/product"}],"wp:featuredmedia":[{"embeddable":true,"href":"https:\/\/staging.nbg.eu\/lt\/wp-json\/wp\/v2\/media\/119068"}],"wp:attachment":[{"href":"https:\/\/staging.nbg.eu\/lt\/wp-json\/wp\/v2\/media?parent=139080"}],"wp:term":[{"taxonomy":"product_brand","embeddable":true,"href":"https:\/\/staging.nbg.eu\/lt\/wp-json\/wp\/v2\/product_brand?post=139080"},{"taxonomy":"product_cat","embeddable":true,"href":"https:\/\/staging.nbg.eu\/lt\/wp-json\/wp\/v2\/product_cat?post=139080"},{"taxonomy":"product_tag","embeddable":true,"href":"https:\/\/staging.nbg.eu\/lt\/wp-json\/wp\/v2\/product_tag?post=139080"}],"curies":[{"name":"wp","href":"https:\/\/api.w.org\/{rel}","templated":true}]}}