{"id":138342,"date":"2025-01-04T04:14:08","date_gmt":"2025-01-09T20:34:46","guid":{"rendered":"https:\/\/staging.nbg.eu\/product\/area-419-remington-700-long-action-improved-scope-rail-isr-la\/"},"modified":"2025-01-09T20:37:02","modified_gmt":"2025-01-09T20:37:02","slug":"area-419-remington-700-ilgo-veikimo-pagerintas-taikinio-begelis-isr-la","status":"publish","type":"product","link":"https:\/\/staging.nbg.eu\/lt\/produktas\/area-419-remington-700-ilgo-veikimo-pagerintas-taikinio-begelis-isr-la\/","title":{"rendered":"Area 419 &#8211; Remington 700 ilgo veikimo pagerintas taikinio b\u0117gelis (ISR-LA)"},"content":{"rendered":"<div class=\"product-description\">\n<h2>Area 419 &#8211; Remington 700 ilgo veiksmo pagerintas optikos b\u0117gelis (ISR-LA)<\/h2>\n<p>Area 419 ISR-LA optikos b\u0117gelis. Pagamintas i\u0161 7075 aliuminio, \u0161is b\u0117gelis turi:<\/p>\n<ul>\n<li>Integruot\u0105 atatrankos fiksatori\u0173 stabilumui<\/li>\n<li>Galima rinktis i\u0161 pilnai griovelinio ir ARC vir\u0161aus dizaino<\/li>\n<li>Suderinamas su #6 ir #8 var\u017etais<\/li>\n<li>20 MOA kampas<\/li>\n<li>Atitinka MIL-STD-1913 standart\u0105<\/li>\n<li>III tipo kietasis juodas anoduotas pavir\u0161ius<\/li>\n<\/ul>\n<p>\u012e komplekt\u0105 \u012feina tvirtinimo detal\u0117s ir Torx T10 ver\u017eliaraktis. Galima rinktis tarp pilnai griovelinio universaliam suderinamumui arba ARC vir\u0161aus dizaino. Matmenys: 8,25&#8243; \u00d7 1&#8243; \u00d7 1&#8243;, Svoris: 0,2 svarai.<\/p>\n<\/div>\n","protected":false},"excerpt":{"rendered":"<p>Precizi\u0161kai pagamintas 20 MOA optikos b\u0117gelis Remington 700 LA \u0161autuvams.<\/p>\n","protected":false},"featured_media":111608,"template":"","meta":{"_acf_changed":false},"product_brand":[11048],"product_cat":[13689,13741],"product_tag":[],"class_list":{"0":"post-138342","1":"product","2":"type-product","3":"status-publish","4":"has-post-thumbnail","6":"product_brand-area-419","7":"product_cat-begiai","8":"product_cat-sautuvas","10":"first","11":"instock","12":"taxable","13":"shipping-taxable","14":"purchasable","15":"product-type-variable","16":"wvs-archive-product-wrapper"},"acf":[],"_links":{"self":[{"href":"https:\/\/staging.nbg.eu\/lt\/wp-json\/wp\/v2\/product\/138342","targetHints":{"allow":["GET"]}}],"collection":[{"href":"https:\/\/staging.nbg.eu\/lt\/wp-json\/wp\/v2\/product"}],"about":[{"href":"https:\/\/staging.nbg.eu\/lt\/wp-json\/wp\/v2\/types\/product"}],"wp:featuredmedia":[{"embeddable":true,"href":"https:\/\/staging.nbg.eu\/lt\/wp-json\/wp\/v2\/media\/111608"}],"wp:attachment":[{"href":"https:\/\/staging.nbg.eu\/lt\/wp-json\/wp\/v2\/media?parent=138342"}],"wp:term":[{"taxonomy":"product_brand","embeddable":true,"href":"https:\/\/staging.nbg.eu\/lt\/wp-json\/wp\/v2\/product_brand?post=138342"},{"taxonomy":"product_cat","embeddable":true,"href":"https:\/\/staging.nbg.eu\/lt\/wp-json\/wp\/v2\/product_cat?post=138342"},{"taxonomy":"product_tag","embeddable":true,"href":"https:\/\/staging.nbg.eu\/lt\/wp-json\/wp\/v2\/product_tag?post=138342"}],"curies":[{"name":"wp","href":"https:\/\/api.w.org\/{rel}","templated":true}]}}