{"id":137426,"date":"2025-01-04T07:45:36","date_gmt":"2025-01-09T11:25:08","guid":{"rendered":"https:\/\/staging.nbg.eu\/product\/area-419-picatinny-1913-adapter-for-arcalock-clamps\/"},"modified":"2025-01-09T11:26:55","modified_gmt":"2025-01-09T11:26:55","slug":"area-419-picatinny1913-adapteris-arcalock-spaustuklams","status":"publish","type":"product","link":"https:\/\/staging.nbg.eu\/lt\/produktas\/area-419-picatinny1913-adapteris-arcalock-spaustuklams\/","title":{"rendered":"Area 419 &#8211; Picatinny\/1913 adapteris ARCALOCK spaustuklams"},"content":{"rendered":"<h2>Area 419 &#8211; Picatinny\/1913 adapteris ARCALOCK spaustuvarns<\/h2>\n<p>4 ang\u0173 Picatinny b\u0117gelio adapteris, skirtas naudoti su m\u016bs\u0173 ARCALOCK spaustuvu. \u0160is adapteris leid\u017eia naudoti bet kok\u012f Picatinny suderinam\u0105 dvikoj\u0105 su j\u016bs\u0173 esama \u012franga.<\/p>\n<h2>Pagrindin\u0117s savyb\u0117s:<\/h2>\n<ul>\n<li>Suderinamas su Atlas BT10 2 var\u017et\u0173 modeliais, Evo ir kitais pic-suderinamais dvikojai<\/li>\n<li>Pagamintas vietoje<\/li>\n<li>Integruotas dir\u017eo tvirtinimas<\/li>\n<li>Lengvas ir kompakti\u0161kas dizainas<\/li>\n<\/ul>\n<h2>Specifikacijos:<\/h2>\n<ul>\n<li>Svoris: 0,09 kg<\/li>\n<li>Matmenys: 5,08 cm \u00d7 1,27 cm \u00d7 1,27 cm<\/li>\n<li>Gamintojas: B&amp;T Industries<\/li>\n<\/ul>\n<p>Atnaujinkite savo ARCALOCK spaustuvo galimybes.<\/p>\n","protected":false},"excerpt":{"rendered":"<p>4 ang\u0173 Picatinny b\u0117gelis, skirtas ARCALOCK spaustukas, tinka Atlas ir Evo dvikojai.<\/p>\n","protected":false},"featured_media":115691,"template":"","meta":{"_acf_changed":false},"product_brand":[11048],"product_cat":[13689,13741,390],"product_tag":[],"class_list":{"0":"post-137426","1":"product","2":"type-product","3":"status-publish","4":"has-post-thumbnail","6":"product_brand-area-419","7":"product_cat-begiai","8":"product_cat-sautuvas","9":"product_cat-aiming","11":"first","12":"instock","13":"taxable","14":"shipping-taxable","15":"purchasable","16":"product-type-simple"},"acf":[],"_links":{"self":[{"href":"https:\/\/staging.nbg.eu\/lt\/wp-json\/wp\/v2\/product\/137426","targetHints":{"allow":["GET"]}}],"collection":[{"href":"https:\/\/staging.nbg.eu\/lt\/wp-json\/wp\/v2\/product"}],"about":[{"href":"https:\/\/staging.nbg.eu\/lt\/wp-json\/wp\/v2\/types\/product"}],"wp:featuredmedia":[{"embeddable":true,"href":"https:\/\/staging.nbg.eu\/lt\/wp-json\/wp\/v2\/media\/115691"}],"wp:attachment":[{"href":"https:\/\/staging.nbg.eu\/lt\/wp-json\/wp\/v2\/media?parent=137426"}],"wp:term":[{"taxonomy":"product_brand","embeddable":true,"href":"https:\/\/staging.nbg.eu\/lt\/wp-json\/wp\/v2\/product_brand?post=137426"},{"taxonomy":"product_cat","embeddable":true,"href":"https:\/\/staging.nbg.eu\/lt\/wp-json\/wp\/v2\/product_cat?post=137426"},{"taxonomy":"product_tag","embeddable":true,"href":"https:\/\/staging.nbg.eu\/lt\/wp-json\/wp\/v2\/product_tag?post=137426"}],"curies":[{"name":"wp","href":"https:\/\/api.w.org\/{rel}","templated":true}]}}