{"id":137047,"date":"2024-01-30T18:18:15","date_gmt":"2024-01-30T18:18:15","guid":{"rendered":"https:\/\/staging.nbg.eu\/product\/geissele-gfr-6mm-arc-maritime-reconnaissance-18-rifle-ddc\/"},"modified":"2025-01-09T10:23:34","modified_gmt":"2025-01-09T10:23:34","slug":"geissele-gfr-6mm-arc-juru-zvalgybos-sautuvas-18-ddc","status":"publish","type":"product","link":"https:\/\/staging.nbg.eu\/lt\/produktas\/geissele-gfr-6mm-arc-juru-zvalgybos-sautuvas-18-ddc\/","title":{"rendered":"Geissele GFR 6MM ARC j\u016br\u0173 \u017evalgybos \u0161autuvas, 18&#8243; &#8211; DDC"},"content":{"rendered":"<div class=\"product-description\">\n<h2>Geissele GFR 6MM ARC j\u016brinis \u017evalgybos \u0161autuvas &#8211; DDC<\/h2>\n<p>Geissele Freedom Rifle (GFR) 18&#8243; j\u016brinis \u017evalgybos \u0161autuvas yra AR15 \u0161autuvo versija. \u0160is \u0161aunamasis ginklas sujungia in\u017einerij\u0105 ir technologij\u0105, kad u\u017etikrint\u0173 ger\u0105 veikim\u0105.<\/p>\n<h2>Pagrindin\u0117s savyb\u0117s:<\/h2>\n<ul>\n<li>18&#8243; chromu dengtas, \u0161alto kalimo vamzdis (1:7.5 sukimasis)<\/li>\n<li>6MM ARC kalibras ilgam nuotoliui<\/li>\n<li>GFR-E gaidukas su nanoweapon danga<\/li>\n<li>Patobulintas spynos mechanizmas (REBCG) su nanoweapon danga<\/li>\n<li>16.5&#8243; MK16 modulinis priekinis laikiklis su centravimo elementu<\/li>\n<li>HUXWRX liepsnos slopintuvas-QD 6MM ARC paruo\u0161tas slopintuvui<\/li>\n<li>Geissele u\u017etaisymo rankena ir j\u016brinis spynos fiksatorius<\/li>\n<li>Geissele SBS buo\u017e\u0117 su keturiais dir\u017eo tvirtinimo ta\u0161kais<\/li>\n<li>Super 42 buferio sistema<\/li>\n<li>Dykumos purvo spalva (DDC)<\/li>\n<\/ul>\n<h2>Technin\u0117s specifikacijos:<\/h2>\n<ul>\n<li>Ilgis (suskleistas): 36 1\/8&#8243;<\/li>\n<li>Ilgis (i\u0161skleistas): 39 3\/8&#8243;<\/li>\n<li>Svoris: Apie 7.8 svarus<\/li>\n<li>Duj\u0173 sistema: \u0160autuvo ilgio +1<\/li>\n<li>Duj\u0173 blokas: Kompakti\u0161kas antism\u016bginis duj\u0173 blokas<\/li>\n<\/ul>\n<p>GFR j\u016brinis \u017evalgybos \u0161autuvas turi Geissele nanoweapon dang\u0105, kuri apsaugo nuo korozijos, d\u0117v\u0117jimosi ir trynimosi. \u0160i danga u\u017etikrina lengv\u0105 valym\u0105 ir veikim\u0105 su minimaliu tepimu.<\/p>\n<p>Geissele GFR 6MM ARC j\u016brinis \u017evalgybos \u0161autuvas jungia naujoves ir tikslum\u0105.<\/p>\n<\/div>\n","protected":false},"excerpt":{"rendered":"<p>Tiksliai pagamintas 18 coli\u0173 6MM ARC \u0161autuvas su pa\u017eangiomis funkcijomis, skirtas naudoti j\u016broje.<\/p>\n","protected":false},"featured_media":81523,"template":"","meta":{"_acf_changed":false},"product_brand":[11386],"product_cat":[13738,13741],"product_tag":[],"class_list":{"0":"post-137047","1":"product","2":"type-product","3":"status-publish","4":"has-post-thumbnail","6":"product_brand-geissele","7":"product_cat-karabinai","8":"product_cat-sautuvas","10":"first","11":"instock","12":"taxable","13":"shipping-taxable","14":"product-type-simple"},"acf":[],"_links":{"self":[{"href":"https:\/\/staging.nbg.eu\/lt\/wp-json\/wp\/v2\/product\/137047","targetHints":{"allow":["GET"]}}],"collection":[{"href":"https:\/\/staging.nbg.eu\/lt\/wp-json\/wp\/v2\/product"}],"about":[{"href":"https:\/\/staging.nbg.eu\/lt\/wp-json\/wp\/v2\/types\/product"}],"wp:featuredmedia":[{"embeddable":true,"href":"https:\/\/staging.nbg.eu\/lt\/wp-json\/wp\/v2\/media\/81523"}],"wp:attachment":[{"href":"https:\/\/staging.nbg.eu\/lt\/wp-json\/wp\/v2\/media?parent=137047"}],"wp:term":[{"taxonomy":"product_brand","embeddable":true,"href":"https:\/\/staging.nbg.eu\/lt\/wp-json\/wp\/v2\/product_brand?post=137047"},{"taxonomy":"product_cat","embeddable":true,"href":"https:\/\/staging.nbg.eu\/lt\/wp-json\/wp\/v2\/product_cat?post=137047"},{"taxonomy":"product_tag","embeddable":true,"href":"https:\/\/staging.nbg.eu\/lt\/wp-json\/wp\/v2\/product_tag?post=137047"}],"curies":[{"name":"wp","href":"https:\/\/api.w.org\/{rel}","templated":true}]}}