{"id":136801,"date":"2024-11-26T18:19:06","date_gmt":"2024-11-26T18:19:06","guid":{"rendered":"https:\/\/staging.nbg.eu\/product\/geissele-border-patrol-rifle-14-5-5-56mm-black\/"},"modified":"2025-01-09T09:53:29","modified_gmt":"2025-01-09T09:53:29","slug":"geissele-border-patrol-sautuvas-145-556mm-juodas","status":"publish","type":"product","link":"https:\/\/staging.nbg.eu\/lt\/produktas\/geissele-border-patrol-sautuvas-145-556mm-juodas\/","title":{"rendered":"Geissele Border Patrol \u0161autuvas, 14.5&#8243;, 5.56MM &#8211; juodas"},"content":{"rendered":"<div class=\"product-description\">\n<h2>Geissele Pasienio Kontrol\u0117s \u0160autuvas, 14.5&#8243;, 5.56MM &#8211; Juodas<\/h2>\n<p>Geissele Pasienio Kontrol\u0117s \u0160autuvas yra pilnai \u012frengtas tarnybinis \u0161autuvas, skirtas patikimumui ir efektyvumui. \u0160is AR-15 \u0161autuvas u\u017etikrina ilgamet\u012f patikim\u0105 naudojim\u0105 sud\u0117tingomis s\u0105lygomis.<\/p>\n<h2>Pagrindin\u0117s savyb\u0117s:<\/h2>\n<ul>\n<li>14.5&#8243; \u0161alto kalimo (CHF) vamzdis su chromuotu vidiniu pavir\u0161iumi<\/li>\n<li>1:7 grai\u017etvos \u017eingsnis ir 5.56x45mm NATO kamera<\/li>\n<li>Vidutinio ilgio duj\u0173 sistema su 17-4 ner\u016bdijan\u010dio plieno duj\u0173 bloku<\/li>\n<li>12.6&#8243; MK20 Super Modulin\u0117 Rankena su M-Lok jungtimis<\/li>\n<li>Super Duty kalti 7075 T6 aliuminio vir\u0161utin\u0117 ir apatin\u0117 dalys<\/li>\n<li>Geissele Government u\u017etaisymo rankena abipusiam naudojimui<\/li>\n<li>H2 buferis ir pintos vielos buferio spyruokl\u0117 patikimumui padidinti<\/li>\n<li>ALG Defense Pa\u017eangus Kovinis Nuleistukas su nikelio-boro danga<\/li>\n<li>Mangano fosfatu dengtas Geissele spyna ir sklend\u0117<\/li>\n<li>Prailgintas A2 liepsnos slopintuvas (pritvirtintas ir privirintas)<\/li>\n<li>BCM Mod 0 buo\u017e\u0117 ir B5 rankena su Geissele logotipu<\/li>\n<\/ul>\n<p>Pasienio Kontrol\u0117s \u0160autuvas sukurtas lengvam manevringumui ir tvirtam patikimumui. Kiekvienas komponentas kruop\u0161\u010diai parinktas, siekiant u\u017etikrinti ilgalaik\u012f naudojim\u0105 sud\u0117tingomis s\u0105lygomis.<\/p>\n<p><strong>Svoris:<\/strong> Apie 6.3 svarus<br \/>\n  <strong>Ilgis:<\/strong> 31&#8243; (suskleistas) &#8211; 34 1\/4&#8243; (i\u0161skleistas)<\/p>\n<p><em>Pastaba: \u0160is \u0161autuvas turi nuolat pritvirtint\u0105 ir privirint\u0105 antgal\u012f, kad atitikt\u0173 teisinius vamzd\u017eio ilgio reikalavimus. Modifikavimas gali lemti NFA reglament\u0173 taikym\u0105. Pirk\u0117jas yra atsakingas u\u017e vis\u0173 taikom\u0173 \u012fstatym\u0173 laikym\u0105si.<\/em><\/p>\n<\/div>\n","protected":false},"excerpt":{"rendered":"<p>Patikimas 14,5 coli\u0173 5,56 mm tarnybinis \u0161autuvas su auk\u0161\u010diausios kokyb\u0117s savyb\u0117mis, skirtas naudoti sud\u0117tingomis s\u0105lygomis.<\/p>\n","protected":false},"featured_media":191352,"template":"","meta":{"_acf_changed":false},"product_brand":[11386],"product_cat":[13738,13741],"product_tag":[],"class_list":{"0":"post-136801","1":"product","2":"type-product","3":"status-publish","4":"has-post-thumbnail","6":"product_brand-geissele","7":"product_cat-karabinai","8":"product_cat-sautuvas","10":"first","11":"instock","12":"taxable","13":"shipping-taxable","14":"product-type-simple"},"acf":[],"_links":{"self":[{"href":"https:\/\/staging.nbg.eu\/lt\/wp-json\/wp\/v2\/product\/136801","targetHints":{"allow":["GET"]}}],"collection":[{"href":"https:\/\/staging.nbg.eu\/lt\/wp-json\/wp\/v2\/product"}],"about":[{"href":"https:\/\/staging.nbg.eu\/lt\/wp-json\/wp\/v2\/types\/product"}],"wp:featuredmedia":[{"embeddable":true,"href":"https:\/\/staging.nbg.eu\/lt\/wp-json\/wp\/v2\/media\/191352"}],"wp:attachment":[{"href":"https:\/\/staging.nbg.eu\/lt\/wp-json\/wp\/v2\/media?parent=136801"}],"wp:term":[{"taxonomy":"product_brand","embeddable":true,"href":"https:\/\/staging.nbg.eu\/lt\/wp-json\/wp\/v2\/product_brand?post=136801"},{"taxonomy":"product_cat","embeddable":true,"href":"https:\/\/staging.nbg.eu\/lt\/wp-json\/wp\/v2\/product_cat?post=136801"},{"taxonomy":"product_tag","embeddable":true,"href":"https:\/\/staging.nbg.eu\/lt\/wp-json\/wp\/v2\/product_tag?post=136801"}],"curies":[{"name":"wp","href":"https:\/\/api.w.org\/{rel}","templated":true}]}}