{"id":136576,"date":"2024-11-26T10:16:42","date_gmt":"2024-11-26T10:16:42","guid":{"rendered":"https:\/\/staging.nbg.eu\/product\/geissele-alg-defense-barrel-nut-wrench\/"},"modified":"2025-01-09T09:21:03","modified_gmt":"2025-01-09T09:21:03","slug":"geissele-alg-defense-vamzdzio-verzles-raktas","status":"publish","type":"product","link":"https:\/\/staging.nbg.eu\/lt\/produktas\/geissele-alg-defense-vamzdzio-verzles-raktas\/","title":{"rendered":"Geissele ALG Defense vamzd\u017eio ver\u017el\u0117s raktas"},"content":{"rendered":"<div class=\"product-description\">\n<h2>ALG Defense vamzd\u017eio ver\u017el\u0117s raktas<\/h2>\n<p>ALG Defense vamzd\u017eio ver\u017el\u0117s raktas yra \u012frankis, skirtas \u0161aunam\u0173j\u0173 ginkl\u0173 entuziastams ir ginkl\u0173 meistrams. \u0160is raktas leid\u017eia:<\/p>\n<ul>\n<li>Taikyti tinkam\u0105 sukimo moment\u0105 vamzd\u017eio ver\u017elei<\/li>\n<li>Tuo pa\u010diu metu suderinti vamzd\u017eio ver\u017el\u0119 su duj\u0173 vamzdeliu<\/li>\n<li>Surinkti ALG Defense b\u0117gi\u0173 sistemas be sukimo momento rakto<\/li>\n<\/ul>\n<p>\u0160is raktas supaprastina montavimo proces\u0105. Jo dizainas u\u017etikrina nuoseklius rezultatus kiekvien\u0105 kart\u0105, tod\u0117l jis yra naudingas papildymas j\u016bs\u0173 \u012franki\u0173 rinkiniui.<\/p>\n<p>ALG Defense vamzd\u017eio ver\u017el\u0117s raktas yra sprendimas \u0161aunam\u0173j\u0173 ginkl\u0173 surinkimui ir prie\u017ei\u016brai.<\/p>\n<\/div>\n","protected":false},"excerpt":{"rendered":"<p>ALG Defense vamzd\u017eio ver\u017el\u0117s raktas: Lengvas sukimo momentas ir indeksavimas, nereikia joki\u0173 papildom\u0173 \u012franki\u0173.<\/p>\n","protected":false},"featured_media":81243,"template":"","meta":{"_acf_changed":false},"product_brand":[11386],"product_cat":[13690],"product_tag":[],"class_list":{"0":"post-136576","1":"product","2":"type-product","3":"status-publish","4":"has-post-thumbnail","6":"product_brand-geissele","7":"product_cat-sautuvo-derinimas","9":"first","10":"instock","11":"taxable","12":"shipping-taxable","13":"product-type-simple"},"acf":[],"_links":{"self":[{"href":"https:\/\/staging.nbg.eu\/lt\/wp-json\/wp\/v2\/product\/136576","targetHints":{"allow":["GET"]}}],"collection":[{"href":"https:\/\/staging.nbg.eu\/lt\/wp-json\/wp\/v2\/product"}],"about":[{"href":"https:\/\/staging.nbg.eu\/lt\/wp-json\/wp\/v2\/types\/product"}],"wp:featuredmedia":[{"embeddable":true,"href":"https:\/\/staging.nbg.eu\/lt\/wp-json\/wp\/v2\/media\/81243"}],"wp:attachment":[{"href":"https:\/\/staging.nbg.eu\/lt\/wp-json\/wp\/v2\/media?parent=136576"}],"wp:term":[{"taxonomy":"product_brand","embeddable":true,"href":"https:\/\/staging.nbg.eu\/lt\/wp-json\/wp\/v2\/product_brand?post=136576"},{"taxonomy":"product_cat","embeddable":true,"href":"https:\/\/staging.nbg.eu\/lt\/wp-json\/wp\/v2\/product_cat?post=136576"},{"taxonomy":"product_tag","embeddable":true,"href":"https:\/\/staging.nbg.eu\/lt\/wp-json\/wp\/v2\/product_tag?post=136576"}],"curies":[{"name":"wp","href":"https:\/\/api.w.org\/{rel}","templated":true}]}}