{"id":134780,"date":"2024-11-26T10:13:16","date_gmt":"2024-11-26T10:13:16","guid":{"rendered":"https:\/\/staging.nbg.eu\/product\/geissele-ak-high-energy-main-spring\/"},"modified":"2025-01-08T19:00:31","modified_gmt":"2025-01-08T19:00:31","slug":"geissele-ak-dideles-energijos-pagrindine-spyruokle","status":"publish","type":"product","link":"https:\/\/staging.nbg.eu\/lt\/produktas\/geissele-ak-dideles-energijos-pagrindine-spyruokle\/","title":{"rendered":"Geissele AK didel\u0117s energijos pagrindin\u0117 spyruokl\u0117"},"content":{"rendered":"<div class=\"product-description\">\n<h2>Geissele AK pagrindinis spyruokl\u0117<\/h2>\n<p>Geissele AK pagrindinis spyruokl\u0117 skirta AK47\/74 platformos \u0161autuvams. \u0160i spyruokl\u0117 si\u016blo:<\/p>\n<ul>\n<li>Chromo silicio vielos konstrukcija<\/li>\n<li>Pagaminta pagal ASTM A401 specifikacijas<\/li>\n<li>25% daugiau sukimo momento nei standartin\u0117s gamyklin\u0117s spyruokl\u0117s<\/li>\n<li>Sutrumpintas u\u017erakto laikas<\/li>\n<li>Pagerintas kapsuli\u0173 u\u017edegimo nuoseklumas<\/li>\n<\/ul>\n<p>\u0160i spyruokl\u0117 pagerina AK patikimum\u0105 ir veikim\u0105. Ji skirta \u0161autuvams, kuriems reikia geresni\u0173 eksploatacini\u0173 savybi\u0173 ir nuoseklumo.<\/p>\n<\/div>\n","protected":false},"excerpt":{"rendered":"<p>Pagerinkite AK47\/74 veikim\u0105 su \u0161ia auk\u0161tos energijos pakaitine spyruokle.<\/p>\n","protected":false},"featured_media":81150,"template":"","meta":{"_acf_changed":false},"product_brand":[11386],"product_cat":[13675],"product_tag":[],"class_list":{"0":"post-134780","1":"product","2":"type-product","3":"status-publish","4":"has-post-thumbnail","6":"product_brand-geissele","7":"product_cat-ak-derinimas","9":"first","10":"instock","11":"taxable","12":"shipping-taxable","13":"product-type-simple"},"acf":[],"_links":{"self":[{"href":"https:\/\/staging.nbg.eu\/lt\/wp-json\/wp\/v2\/product\/134780","targetHints":{"allow":["GET"]}}],"collection":[{"href":"https:\/\/staging.nbg.eu\/lt\/wp-json\/wp\/v2\/product"}],"about":[{"href":"https:\/\/staging.nbg.eu\/lt\/wp-json\/wp\/v2\/types\/product"}],"wp:featuredmedia":[{"embeddable":true,"href":"https:\/\/staging.nbg.eu\/lt\/wp-json\/wp\/v2\/media\/81150"}],"wp:attachment":[{"href":"https:\/\/staging.nbg.eu\/lt\/wp-json\/wp\/v2\/media?parent=134780"}],"wp:term":[{"taxonomy":"product_brand","embeddable":true,"href":"https:\/\/staging.nbg.eu\/lt\/wp-json\/wp\/v2\/product_brand?post=134780"},{"taxonomy":"product_cat","embeddable":true,"href":"https:\/\/staging.nbg.eu\/lt\/wp-json\/wp\/v2\/product_cat?post=134780"},{"taxonomy":"product_tag","embeddable":true,"href":"https:\/\/staging.nbg.eu\/lt\/wp-json\/wp\/v2\/product_tag?post=134780"}],"curies":[{"name":"wp","href":"https:\/\/api.w.org\/{rel}","templated":true}]}}