{"id":134646,"date":"2024-11-04T19:18:31","date_gmt":"2025-01-08T18:09:53","guid":{"rendered":"https:\/\/staging.nbg.eu\/product\/tinck-arms-semi-automatic-carbine-perun-x17-12-5\/"},"modified":"2025-01-08T18:11:18","modified_gmt":"2025-01-08T18:11:18","slug":"tinck-arms-pusiau-automatinis-karabinas-perun-x17-125","status":"publish","type":"product","link":"https:\/\/staging.nbg.eu\/lt\/produktas\/tinck-arms-pusiau-automatinis-karabinas-perun-x17-125\/","title":{"rendered":"Tinck Arms pusiau automatinis karabinas Perun X17 &#8211; 12.5&#8243;"},"content":{"rendered":"<div class=\"product-description\">\n<h2>Tinck Arms Perun X17 &#8211; 12.5&#8243; Pusiau automatinis karabinas<\/h2>\n<p>Perun X17 yra pusiau automatinis karabinas, skirtas sportiniam \u0161audymui, teis\u0117saugai ir kariuomenei. \u0160i platforma pagr\u012fsta AR10 sistema, su patentuota technologija patikimumui ir prie\u017ei\u016brai pagerinti.<\/p>\n<h2>Pagrindin\u0117s savyb\u0117s:<\/h2>\n<ul>\n<li>Balansas ir valdymas tikslumui pagerinti<\/li>\n<li>Sklandus \u0161audymas ma\u017eina nuovarg\u012f<\/li>\n<li>Auk\u0161tas moduli\u0161kumas ir suderinamumas su AR10 platformos dalimis<\/li>\n<li>Abipusiai valdymo elementai<\/li>\n<li>Hibridin\u0117 tiesioginio impulsinio ir trumpo st\u016bmoklio veikimo sistema<\/li>\n<\/ul>\n<h2>Technin\u0117s specifikacijos:<\/h2>\n<ul>\n<li>Kalibras: 7.62x51mm NATO (.308 Win) arba 6.5 Creedmoor<\/li>\n<li>Veikimas: Pusiau automatinis<\/li>\n<li>Vamzd\u017eio ilgis: 12.5&#8243; (Standartiniai AR10 vamzd\u017eiai)<\/li>\n<li>Grai\u017etvos \u017eingsnis: 1:12&#8243;<\/li>\n<li>Bendras ilgis: 23.8&#8243; (605mm) suglaustas \/ 40.9&#8243; (1040mm) i\u0161skleistas<\/li>\n<li>Plotis: 2.2&#8243; (56mm) su u\u017etaisymo rankena, 2.5&#8243; (64mm) i\u0161 viso<\/li>\n<li>Auk\u0161tis: 8.3&#8243; (210mm) su 10 \u0161ovini\u0173 d\u0117tuve<\/li>\n<li>Svoris: 8.15 svar\u0173 (3.7kg) su 20 \u0161ovini\u0173 d\u0117tuve<\/li>\n<li>Taikikli\u0173 ilgis: 11.8&#8243; (300mm) \/ 13.4&#8243; (340mm)<\/li>\n<\/ul>\n<h2>Papildomos savyb\u0117s:<\/h2>\n<ul>\n<li>Integruotas 3 kamer\u0173 liepsnos slopintuvas su 5\/8&#215;24 sriegiu slopintuvui<\/li>\n<li>1+3 NAR b\u0117geliai priedams montuoti<\/li>\n<li>Nejudanti u\u017etaisymo rankena<\/li>\n<li>Suderinamas su 10, 20 ir 25 \u0161ovini\u0173 polimerin\u0117mis d\u0117tuv\u0117mis<\/li>\n<li>Masada sulankstoma buo\u017e\u0117 arba MFT buo\u017e\u0117 ant AR-15 buferio vamzd\u017eio<\/li>\n<li>Atlenkiami avariniai taikikliai \u012ftraukti<\/li>\n<\/ul>\n<p>Perun X17 yra pusiau automatinis karabinas, si\u016blantis na\u0161um\u0105 ir pritaikomum\u0105. Tinka sportiniam \u0161audymui, teis\u0117saugai ir kariuomenei.<\/p>\n<p>Perun X17 komplekte yra viena d\u0117tuv\u0117 (10, 20 arba 25 \u0161ovini\u0173) ir naudotojo vadovas.<\/p>\n<\/div>\n","protected":false},"excerpt":{"rendered":"<p>Universalus 7,62 mm karabinas su 31,75 cm vamzd\u017eiu, skland\u017eiu \u0161audymu ir suderinamas su AR10.<\/p>\n","protected":false},"featured_media":77489,"template":"","meta":{"_acf_changed":false},"product_brand":[11919],"product_cat":[13738,13741],"product_tag":[],"class_list":{"0":"post-134646","1":"product","2":"type-product","3":"status-publish","4":"has-post-thumbnail","6":"product_brand-tinck-arms","7":"product_cat-karabinai","8":"product_cat-sautuvas","10":"first","11":"instock","12":"taxable","13":"shipping-taxable","14":"purchasable","15":"product-type-simple"},"acf":[],"_links":{"self":[{"href":"https:\/\/staging.nbg.eu\/lt\/wp-json\/wp\/v2\/product\/134646","targetHints":{"allow":["GET"]}}],"collection":[{"href":"https:\/\/staging.nbg.eu\/lt\/wp-json\/wp\/v2\/product"}],"about":[{"href":"https:\/\/staging.nbg.eu\/lt\/wp-json\/wp\/v2\/types\/product"}],"wp:featuredmedia":[{"embeddable":true,"href":"https:\/\/staging.nbg.eu\/lt\/wp-json\/wp\/v2\/media\/77489"}],"wp:attachment":[{"href":"https:\/\/staging.nbg.eu\/lt\/wp-json\/wp\/v2\/media?parent=134646"}],"wp:term":[{"taxonomy":"product_brand","embeddable":true,"href":"https:\/\/staging.nbg.eu\/lt\/wp-json\/wp\/v2\/product_brand?post=134646"},{"taxonomy":"product_cat","embeddable":true,"href":"https:\/\/staging.nbg.eu\/lt\/wp-json\/wp\/v2\/product_cat?post=134646"},{"taxonomy":"product_tag","embeddable":true,"href":"https:\/\/staging.nbg.eu\/lt\/wp-json\/wp\/v2\/product_tag?post=134646"}],"curies":[{"name":"wp","href":"https:\/\/api.w.org\/{rel}","templated":true}]}}