{"id":134523,"date":"2024-11-26T10:10:26","date_gmt":"2025-01-08T18:00:37","guid":{"rendered":"https:\/\/staging.nbg.eu\/product\/geissele-ak-braided-spring\/"},"modified":"2025-01-08T18:02:28","modified_gmt":"2025-01-08T18:02:28","slug":"geissele-ak-pinta-spyruokle","status":"publish","type":"product","link":"https:\/\/staging.nbg.eu\/lt\/produktas\/geissele-ak-pinta-spyruokle\/","title":{"rendered":"Geissele AK pinta spyruokl\u0117"},"content":{"rendered":"<div class=\"product-description\">\n<h2>Geissele AK pinta spyruokl\u0117<\/h2>\n<p>AK47\/74 platformos \u0161autuvui skirta ALG AK pinta pagrindin\u0117 spyruokl\u0117, pakei\u010dianti standartin\u0119 atatrankos spyruokl\u0119. Pagaminta JAV, \u0161i spyruokl\u0117 pasi\u017eymi:<\/p>\n<ul>\n<li>Trimis muzikinio vielos gijomis<\/li>\n<li>Pinta konstrukcija ilgaam\u017ei\u0161kumui<\/li>\n<li>Pagerintu veikimu ir patikimumu<\/li>\n<li>Tinka AK47 ir AK74 variantams<\/li>\n<\/ul>\n<p>\u0160i spyruokl\u0117 u\u017etikrina sklandesn\u012f veikim\u0105 ir nuosekl\u0173 na\u0161um\u0105. Pinta konstrukcija leid\u017eia spyruoklei tarnauti ilgiau nei \u012fprastoms vienos vielos spyruokl\u0117ms, u\u017etikrindama ilgalaik\u012f \u0161autuvo veikim\u0105. \u0160is priedas pagerina \u0161autuvo funkcionalum\u0105.<\/p>\n<\/div>\n","protected":false},"excerpt":{"rendered":"<p>Pagerinkite AK47\/74 veikim\u0105 su JAV gamybos pinta pagrindine spyruokle.<\/p>\n","protected":false},"featured_media":81103,"template":"","meta":{"_acf_changed":false},"product_brand":[11386],"product_cat":[13675],"product_tag":[],"class_list":{"0":"post-134523","1":"product","2":"type-product","3":"status-publish","4":"has-post-thumbnail","6":"product_brand-geissele","7":"product_cat-ak-derinimas","9":"first","10":"instock","11":"taxable","12":"shipping-taxable","13":"product-type-simple"},"acf":[],"_links":{"self":[{"href":"https:\/\/staging.nbg.eu\/lt\/wp-json\/wp\/v2\/product\/134523","targetHints":{"allow":["GET"]}}],"collection":[{"href":"https:\/\/staging.nbg.eu\/lt\/wp-json\/wp\/v2\/product"}],"about":[{"href":"https:\/\/staging.nbg.eu\/lt\/wp-json\/wp\/v2\/types\/product"}],"wp:featuredmedia":[{"embeddable":true,"href":"https:\/\/staging.nbg.eu\/lt\/wp-json\/wp\/v2\/media\/81103"}],"wp:attachment":[{"href":"https:\/\/staging.nbg.eu\/lt\/wp-json\/wp\/v2\/media?parent=134523"}],"wp:term":[{"taxonomy":"product_brand","embeddable":true,"href":"https:\/\/staging.nbg.eu\/lt\/wp-json\/wp\/v2\/product_brand?post=134523"},{"taxonomy":"product_cat","embeddable":true,"href":"https:\/\/staging.nbg.eu\/lt\/wp-json\/wp\/v2\/product_cat?post=134523"},{"taxonomy":"product_tag","embeddable":true,"href":"https:\/\/staging.nbg.eu\/lt\/wp-json\/wp\/v2\/product_tag?post=134523"}],"curies":[{"name":"wp","href":"https:\/\/api.w.org\/{rel}","templated":true}]}}