{"id":134235,"date":"2024-11-17T08:22:03","date_gmt":"2025-01-08T17:29:14","guid":{"rendered":"https:\/\/staging.nbg.eu\/product\/geissele-ak-recoil-spring\/"},"modified":"2025-01-08T17:31:10","modified_gmt":"2025-01-08T17:31:10","slug":"geissele-ak-atatrankos-spyruokle","status":"publish","type":"product","link":"https:\/\/staging.nbg.eu\/lt\/produktas\/geissele-ak-atatrankos-spyruokle\/","title":{"rendered":"Geissele AK Atatrankos Spyruokl\u0117"},"content":{"rendered":"<div class=\"product-description\">\n<h2>Geissele AK atatrankos spyruokl\u0117<\/h2>\n<p>ALG AK atatrankos spyruokl\u0117 skirta pagerinti AK veikim\u0105. \u0160is dizainas si\u016blo patvarum\u0105 ir patikimum\u0105 j\u016bs\u0173 \u0161aunamajam ginklui.<\/p>\n<ul>\n<li>Pagaminta i\u0161 chromo silicio plieno<\/li>\n<li>Atsparumas sm\u016bgiams ir atsipalaidavimui<\/li>\n<li>Turi 2-3 nejudan\u010dias vijas centre<\/li>\n<li>Apsaugo nuo harmonini\u0173 virpesi\u0173 \u017ealos ir i\u0161laiko laisv\u0105 ilg\u012f<\/li>\n<\/ul>\n<p>\u0160i spyruokl\u0117 sukurta ilgaam\u017ei\u0161kumui ir turi dizain\u0105, kuris kei\u010dia jos nat\u016bral\u0173 da\u017en\u012f, u\u017etikrinant nuosekl\u0173 veikim\u0105 ir ilgesn\u012f tarnavimo laik\u0105. \u0160i atatrankos spyruokl\u0117 padeda pagerinti \u0161audymo stabilum\u0105 ir suma\u017eina ginklo nusid\u0117v\u0117jim\u0105.<\/p>\n<\/div>\n","protected":false},"excerpt":{"rendered":"<p>\u201eGeissele&#8221; AK atatrankos spyruokl\u0117: patvari, atspari sm\u016bgiams, ma\u017einanti vibracij\u0105.<\/p>\n","protected":false},"featured_media":81056,"template":"","meta":{"_acf_changed":false},"product_brand":[11386],"product_cat":[13675],"product_tag":[],"class_list":{"0":"post-134235","1":"product","2":"type-product","3":"status-publish","4":"has-post-thumbnail","6":"product_brand-geissele","7":"product_cat-ak-derinimas","9":"first","10":"instock","11":"taxable","12":"shipping-taxable","13":"product-type-simple"},"acf":[],"_links":{"self":[{"href":"https:\/\/staging.nbg.eu\/lt\/wp-json\/wp\/v2\/product\/134235","targetHints":{"allow":["GET"]}}],"collection":[{"href":"https:\/\/staging.nbg.eu\/lt\/wp-json\/wp\/v2\/product"}],"about":[{"href":"https:\/\/staging.nbg.eu\/lt\/wp-json\/wp\/v2\/types\/product"}],"wp:featuredmedia":[{"embeddable":true,"href":"https:\/\/staging.nbg.eu\/lt\/wp-json\/wp\/v2\/media\/81056"}],"wp:attachment":[{"href":"https:\/\/staging.nbg.eu\/lt\/wp-json\/wp\/v2\/media?parent=134235"}],"wp:term":[{"taxonomy":"product_brand","embeddable":true,"href":"https:\/\/staging.nbg.eu\/lt\/wp-json\/wp\/v2\/product_brand?post=134235"},{"taxonomy":"product_cat","embeddable":true,"href":"https:\/\/staging.nbg.eu\/lt\/wp-json\/wp\/v2\/product_cat?post=134235"},{"taxonomy":"product_tag","embeddable":true,"href":"https:\/\/staging.nbg.eu\/lt\/wp-json\/wp\/v2\/product_tag?post=134235"}],"curies":[{"name":"wp","href":"https:\/\/api.w.org\/{rel}","templated":true}]}}