{"id":134103,"date":"2024-11-27T16:45:20","date_gmt":"2025-01-08T17:17:55","guid":{"rendered":"https:\/\/staging.nbg.eu\/product\/area-419-remington-700-short-action-improved-scope-rail-isr-sa\/"},"modified":"2025-01-08T17:19:55","modified_gmt":"2025-01-08T17:19:55","slug":"area-419-remington-700-trumpo-veiksmo-patobulinta-taikiklio-begelis-isr-sa","status":"publish","type":"product","link":"https:\/\/staging.nbg.eu\/lt\/produktas\/area-419-remington-700-trumpo-veiksmo-patobulinta-taikiklio-begelis-isr-sa\/","title":{"rendered":"Area 419 &#8211; Remington 700 Trumpo Veiksmo Patobulinta Taikiklio B\u0117gelis (ISR-SA)"},"content":{"rendered":"<div class=\"product-description\">\n<h2>Area 419 &#8211; Remington 700 trumpo veiksmo pagerintas taikiklio b\u0117gelis (ISR-SA)<\/h2>\n<p>Area 419 ISR-SA yra taikiklio b\u0117gelis, skirtas Remington 700 trumpo veiksmo \u0161autuvams. Pagamintas i\u0161 7075 aliuminio, \u0161is b\u0117gelis turi:<\/p>\n<ul>\n<li>Integruot\u0105 atatrankos i\u0161ky\u0161\u0105 stabilumui<\/li>\n<li>Galima rinktis i\u0161 pilnai grioveli\u0173 ir ARC vir\u0161utin\u0117s versijos<\/li>\n<li>Suderinamas su #6 ir #8 var\u017etais (pridedami)<\/li>\n<li>1:1 pavir\u0161iaus apdirbimas tiksliam pritaikymui<\/li>\n<li>Atitinka MIL-STD-1913 standart\u0105<\/li>\n<li>III tipo kietasis juodas anoduotas pavir\u0161ius<\/li>\n<li>I\u0161pjova i\u0161metimo angai patogiam \u012fd\u0117jimui i\u0161 vir\u0161aus<\/li>\n<\/ul>\n<p>Galima rinktis tarp 20 MOA ir 30 MOA variant\u0173. Svoris: 0,2 svarai. Matmenys: 8,25 \u00d7 1 \u00d7 1 coliai. Skirtas Remington 700 \u0161autuvams.<\/p>\n<\/div>\n","protected":false},"excerpt":{"rendered":"<p>Precizi\u0161kai apdirbta 7075 Al optinio taikiklio montavimo juosta, skirta Remington 700 SA<\/p>\n","protected":false},"featured_media":108107,"template":"","meta":{"_acf_changed":false},"product_brand":[11048],"product_cat":[13689,13741],"product_tag":[],"class_list":{"0":"post-134103","1":"product","2":"type-product","3":"status-publish","4":"has-post-thumbnail","6":"product_brand-area-419","7":"product_cat-begiai","8":"product_cat-sautuvas","10":"first","11":"instock","12":"taxable","13":"shipping-taxable","14":"purchasable","15":"product-type-variable","16":"wvs-archive-product-wrapper"},"acf":[],"_links":{"self":[{"href":"https:\/\/staging.nbg.eu\/lt\/wp-json\/wp\/v2\/product\/134103","targetHints":{"allow":["GET"]}}],"collection":[{"href":"https:\/\/staging.nbg.eu\/lt\/wp-json\/wp\/v2\/product"}],"about":[{"href":"https:\/\/staging.nbg.eu\/lt\/wp-json\/wp\/v2\/types\/product"}],"wp:featuredmedia":[{"embeddable":true,"href":"https:\/\/staging.nbg.eu\/lt\/wp-json\/wp\/v2\/media\/108107"}],"wp:attachment":[{"href":"https:\/\/staging.nbg.eu\/lt\/wp-json\/wp\/v2\/media?parent=134103"}],"wp:term":[{"taxonomy":"product_brand","embeddable":true,"href":"https:\/\/staging.nbg.eu\/lt\/wp-json\/wp\/v2\/product_brand?post=134103"},{"taxonomy":"product_cat","embeddable":true,"href":"https:\/\/staging.nbg.eu\/lt\/wp-json\/wp\/v2\/product_cat?post=134103"},{"taxonomy":"product_tag","embeddable":true,"href":"https:\/\/staging.nbg.eu\/lt\/wp-json\/wp\/v2\/product_tag?post=134103"}],"curies":[{"name":"wp","href":"https:\/\/api.w.org\/{rel}","templated":true}]}}