{"id":133929,"date":"2025-01-01T20:54:41","date_gmt":"2025-01-08T17:04:50","guid":{"rendered":"https:\/\/staging.nbg.eu\/product\/area-419-offset-mounts-for-match-attachment-points\/"},"modified":"2025-01-08T17:07:00","modified_gmt":"2025-01-08T17:07:00","slug":"area-419-poslinkio-laikikliai-match-tvirtinimo-taskams","status":"publish","type":"product","link":"https:\/\/staging.nbg.eu\/lt\/produktas\/area-419-poslinkio-laikikliai-match-tvirtinimo-taskams\/","title":{"rendered":"Area 419 Poslinkio Laikikliai MATCH Tvirtinimo Ta\u0161kams"},"content":{"rendered":"<h2>Area 419 poslinkio tvirtinimai MATCH tvirtinimo ta\u0161kams<\/h2>\n<p>Area 419 si\u016blo poslinkio tvirtinimus MATCH tvirtinimo ta\u0161kams. \u0160ie tvirtinimai turi vientis\u0105 konstrukcij\u0105 ir leid\u017eia pritaikyti montavim\u0105:<\/p>\n<ul>\n<li>Galima rinktis tarp 35\u00b0 ir 45\u00b0 poslinkio kamp\u0173<\/li>\n<li>Kelios tvirtinimo vietos<\/li>\n<li>Svoris: 25 svarai<\/li>\n<li>Matmenys: 6 \u00d7 4 \u00d7 1 coliai<\/li>\n<\/ul>\n<p>\u0160ie tvirtinimai leid\u017eia reguliuoti raudonojo ta\u0161ko taikikli\u0173 pad\u0117t\u012f. Jie tinka \u012fvairioms \u0161audymo situacijoms.<\/p>\n","protected":false},"excerpt":{"rendered":"<p>Pritaikomi 35\u00b0\/45\u00b0 kampu montuojami laikikliai MATCH ta\u0161kams. Universalus \u012frengimas.<\/p>\n","protected":false},"featured_media":109210,"template":"","meta":{"_acf_changed":false},"product_brand":[11048],"product_cat":[13741,13717,13674],"product_tag":[],"class_list":{"0":"post-133929","1":"product","2":"type-product","3":"status-publish","4":"has-post-thumbnail","6":"product_brand-area-419","7":"product_cat-sautuvas","8":"product_cat-taikymas","9":"product_cat-taikymosi-priedai","11":"first","12":"instock","13":"taxable","14":"shipping-taxable","15":"purchasable","16":"product-type-variable","17":"wvs-archive-product-wrapper"},"acf":[],"_links":{"self":[{"href":"https:\/\/staging.nbg.eu\/lt\/wp-json\/wp\/v2\/product\/133929","targetHints":{"allow":["GET"]}}],"collection":[{"href":"https:\/\/staging.nbg.eu\/lt\/wp-json\/wp\/v2\/product"}],"about":[{"href":"https:\/\/staging.nbg.eu\/lt\/wp-json\/wp\/v2\/types\/product"}],"wp:featuredmedia":[{"embeddable":true,"href":"https:\/\/staging.nbg.eu\/lt\/wp-json\/wp\/v2\/media\/109210"}],"wp:attachment":[{"href":"https:\/\/staging.nbg.eu\/lt\/wp-json\/wp\/v2\/media?parent=133929"}],"wp:term":[{"taxonomy":"product_brand","embeddable":true,"href":"https:\/\/staging.nbg.eu\/lt\/wp-json\/wp\/v2\/product_brand?post=133929"},{"taxonomy":"product_cat","embeddable":true,"href":"https:\/\/staging.nbg.eu\/lt\/wp-json\/wp\/v2\/product_cat?post=133929"},{"taxonomy":"product_tag","embeddable":true,"href":"https:\/\/staging.nbg.eu\/lt\/wp-json\/wp\/v2\/product_tag?post=133929"}],"curies":[{"name":"wp","href":"https:\/\/api.w.org\/{rel}","templated":true}]}}