{"id":133719,"date":"2024-11-02T08:42:18","date_gmt":"2025-01-08T16:50:17","guid":{"rendered":"https:\/\/staging.nbg.eu\/product\/sprinco-usa-spring-kit-xp-buffer-spring-dual-extractor-spring\/"},"modified":"2025-01-08T16:52:03","modified_gmt":"2025-01-08T16:52:03","slug":"sprinco-usa-spyruokliu-rinkinys-xp-buferio-spyruokle-dviguba-istraukejo-spyruokle","status":"publish","type":"product","link":"https:\/\/staging.nbg.eu\/lt\/produktas\/sprinco-usa-spyruokliu-rinkinys-xp-buferio-spyruokle-dviguba-istraukejo-spyruokle\/","title":{"rendered":"SPRINCO USA Spyruokli\u0173 Rinkinys-XP Buferio Spyruokl\u0117 \/ Dviguba I\u0161trauk\u0117jo Spyruokl\u0117"},"content":{"rendered":"<div class=\"product-description\">\n<h2>SPRINCO USA spyruokli\u0173 rinkinys-XP buferio spyruokl\u0117 \/ dviguba i\u0161traukiklio spyruokl\u0117<\/h2>\n<p>SPRINCO USA papildomo galingumo buferio spyruokl\u0117 skirta AR patikimumui pagerinti. Sukurta 2006 metais Paj\u0117g\u0173 modernizavimo komandai, \u0161i spyruokl\u0117 sprend\u017eia M4 karabino veikimo problemas sud\u0117tingomis s\u0105lygomis.<\/p>\n<ul>\n<li>25% didesnis projektinis apkrovos lygis, palyginti su balt\u0105ja spyruokle<\/li>\n<li>Tinka 9mm, 6.8 SPC, 6.5 Grendel, .450 BM, .450 SOCOM, .500 Beowulf ir Colt LE6920 modeliams<\/li>\n<li>Pridedami derinimo proced\u016bros dokumentai optimaliam veikimui u\u017etikrinti<\/li>\n<\/ul>\n<p>Pastaba: Veikimas gali skirtis priklausomai nuo ang\u0173 dyd\u017ei\u0173 ir \u0161audmen\u0173 u\u017etais\u0173. Prie\u0161 naudojim\u0105 perskaitykite pateikt\u0105 dokumentacij\u0105.<\/p>\n<\/div>\n","protected":false},"excerpt":{"rendered":"<p>Patobulinta AR buferio spyruokl\u0117, u\u017etikrinanti didesn\u012f patikimum\u0105 sud\u0117tingomis aplinkos s\u0105lygomis.<\/p>\n","protected":false},"featured_media":76560,"template":"","meta":{"_acf_changed":false},"product_brand":[],"product_cat":[13690],"product_tag":[],"class_list":{"0":"post-133719","1":"product","2":"type-product","3":"status-publish","4":"has-post-thumbnail","6":"product_cat-sautuvo-derinimas","8":"first","9":"instock","10":"taxable","11":"shipping-taxable","12":"purchasable","13":"product-type-simple"},"acf":[],"_links":{"self":[{"href":"https:\/\/staging.nbg.eu\/lt\/wp-json\/wp\/v2\/product\/133719","targetHints":{"allow":["GET"]}}],"collection":[{"href":"https:\/\/staging.nbg.eu\/lt\/wp-json\/wp\/v2\/product"}],"about":[{"href":"https:\/\/staging.nbg.eu\/lt\/wp-json\/wp\/v2\/types\/product"}],"wp:featuredmedia":[{"embeddable":true,"href":"https:\/\/staging.nbg.eu\/lt\/wp-json\/wp\/v2\/media\/76560"}],"wp:attachment":[{"href":"https:\/\/staging.nbg.eu\/lt\/wp-json\/wp\/v2\/media?parent=133719"}],"wp:term":[{"taxonomy":"product_brand","embeddable":true,"href":"https:\/\/staging.nbg.eu\/lt\/wp-json\/wp\/v2\/product_brand?post=133719"},{"taxonomy":"product_cat","embeddable":true,"href":"https:\/\/staging.nbg.eu\/lt\/wp-json\/wp\/v2\/product_cat?post=133719"},{"taxonomy":"product_tag","embeddable":true,"href":"https:\/\/staging.nbg.eu\/lt\/wp-json\/wp\/v2\/product_tag?post=133719"}],"curies":[{"name":"wp","href":"https:\/\/api.w.org\/{rel}","templated":true}]}}