{"id":130831,"date":"2025-01-01T20:50:51","date_gmt":"2025-01-07T14:16:32","guid":{"rendered":"https:\/\/staging.nbg.eu\/product\/low-profile-red-dot-plates-for-area-419-tactical-mounts\/"},"modified":"2025-01-07T14:18:36","modified_gmt":"2025-01-07T14:18:36","slug":"zemo-profilio-raudonojo-tasko-ploksteles-area-419-taktiniams-laikikliams","status":"publish","type":"product","link":"https:\/\/staging.nbg.eu\/lt\/produktas\/zemo-profilio-raudonojo-tasko-ploksteles-area-419-taktiniams-laikikliams\/","title":{"rendered":"\u017demo Profilio Raudonojo Ta\u0161ko Plok\u0161tel\u0117s Area 419 Taktiniams Laikikliams"},"content":{"rendered":"<div class=\"product-description\">\n<h2>\u017demo profilio raudonojo ta\u0161ko plok\u0161t\u0117s Area 419 taktiniams laikikliams<\/h2>\n<p>\u017demo profilio raudonojo ta\u0161ko plok\u0161t\u0117s, skirtos Area 419 taktiniams laikikliams. \u0160ios CNC frezuotos plok\u0161t\u0117s turi:<\/p>\n<ul>\n<li>III tipo kiet\u0105 juod\u0105 anoduot\u0105 apdail\u0105<\/li>\n<li>Fiksuojamus tvirtinimo var\u017etus lengvam montavimui<\/li>\n<li>Pagaminta JAV i\u0161 7075 aliuminio<\/li>\n<li>Patentuota dvigubo nuolyd\u017eio tvirtinimo sistema<\/li>\n<li>Padidintas patvarumas ir standumas<\/li>\n<\/ul>\n<p>Galima \u012fsigyti RMR, ACRO ir DPP format\u0173, tinka daugeliui populiari\u0173 optini\u0173 taikikli\u0173. Svoris 0,25 svar\u0173, matmenys 6&#8243; \u00d7 4&#8243; \u00d7 1&#8243;.<\/p>\n<p>Area 419 raudonojo ta\u0161ko plok\u0161t\u0117s taktiniams laikikliams.<\/p>\n<\/div>\n","protected":false},"excerpt":{"rendered":"<p>Saug\u016bs, universal\u016bs raudonojo ta\u0161ko tvirtinimo plok\u0161tel\u0117s, skirtos &#8222;Area 419 Tactical&#8221; montavimo sistemoms.<\/p>\n","protected":false},"featured_media":109001,"template":"","meta":{"_acf_changed":false},"product_brand":[11048],"product_cat":[13717,13674],"product_tag":[],"class_list":{"0":"post-130831","1":"product","2":"type-product","3":"status-publish","4":"has-post-thumbnail","6":"product_brand-area-419","7":"product_cat-taikymas","8":"product_cat-taikymosi-priedai","10":"first","11":"instock","12":"taxable","13":"shipping-taxable","14":"purchasable","15":"product-type-variable","16":"wvs-archive-product-wrapper"},"acf":[],"_links":{"self":[{"href":"https:\/\/staging.nbg.eu\/lt\/wp-json\/wp\/v2\/product\/130831","targetHints":{"allow":["GET"]}}],"collection":[{"href":"https:\/\/staging.nbg.eu\/lt\/wp-json\/wp\/v2\/product"}],"about":[{"href":"https:\/\/staging.nbg.eu\/lt\/wp-json\/wp\/v2\/types\/product"}],"wp:featuredmedia":[{"embeddable":true,"href":"https:\/\/staging.nbg.eu\/lt\/wp-json\/wp\/v2\/media\/109001"}],"wp:attachment":[{"href":"https:\/\/staging.nbg.eu\/lt\/wp-json\/wp\/v2\/media?parent=130831"}],"wp:term":[{"taxonomy":"product_brand","embeddable":true,"href":"https:\/\/staging.nbg.eu\/lt\/wp-json\/wp\/v2\/product_brand?post=130831"},{"taxonomy":"product_cat","embeddable":true,"href":"https:\/\/staging.nbg.eu\/lt\/wp-json\/wp\/v2\/product_cat?post=130831"},{"taxonomy":"product_tag","embeddable":true,"href":"https:\/\/staging.nbg.eu\/lt\/wp-json\/wp\/v2\/product_tag?post=130831"}],"curies":[{"name":"wp","href":"https:\/\/api.w.org\/{rel}","templated":true}]}}