{"id":130619,"date":"2024-11-02T06:44:40","date_gmt":"2025-01-07T14:08:38","guid":{"rendered":"https:\/\/staging.nbg.eu\/product\/sons-of-liberty-gun-worksar-15-castle-nuts\/"},"modified":"2025-01-07T14:10:23","modified_gmt":"2025-01-07T14:10:23","slug":"sons-of-liberty-gun-works-ar-15-pilies-verzles","status":"publish","type":"product","link":"https:\/\/staging.nbg.eu\/lt\/produktas\/sons-of-liberty-gun-works-ar-15-pilies-verzles\/","title":{"rendered":"SONS OF LIBERTY GUN WORKS AR-15 Pilies Ver\u017el\u0117s"},"content":{"rendered":"<div class=\"product-description\">\n<h2>SONS OF LIBERTY GUN WORKS AR-15 Ver\u017el\u0117s<\/h2>\n<p>SONS OF LIBERTY GUN WORKS (SOLGW) pagamintos ver\u017el\u0117s AR-15 \u0161autuvui. \u0160ios atsargin\u0117s dalys yra b\u016btinos \u0161autuvo veikimui u\u017etikrinti.<\/p>\n<ul>\n<li>Pagamintos pagal tikslius matmenis<\/li>\n<li>Tinka visiems AR-15 modeliams<\/li>\n<li>U\u017etikrina tinkam\u0105 surinkim\u0105 ir patikimum\u0105<\/li>\n<li>Sveria 28 gramus<\/li>\n<li>2,54 cm dyd\u017eio<\/li>\n<\/ul>\n<p>SOLGW gamina \u0161ias patvarias ver\u017eles. Jos yra atsargin\u0117s dalys, atitinkan\u010dios auk\u0161tus standartus.<\/p>\n<p><strong>Patarimas:<\/strong> \u012etvirtinkite ver\u017eles, kad jos b\u016bt\u0173 saugesn\u0117s ir ilgiau tarnaut\u0173.<\/p>\n<\/div>\n","protected":false},"excerpt":{"rendered":"<p>Precizi\u0161kai pagaminta AR-15 ver\u017el\u0117. Patvari, universalaus tinkamo dyd\u017eio. 1&#8243; dyd\u017eio.<\/p>\n","protected":false},"featured_media":76420,"template":"","meta":{"_acf_changed":false},"product_brand":[],"product_cat":[13690],"product_tag":[],"class_list":{"0":"post-130619","1":"product","2":"type-product","3":"status-publish","4":"has-post-thumbnail","6":"product_cat-sautuvo-derinimas","8":"first","9":"instock","10":"taxable","11":"shipping-taxable","12":"purchasable","13":"product-type-simple"},"acf":[],"_links":{"self":[{"href":"https:\/\/staging.nbg.eu\/lt\/wp-json\/wp\/v2\/product\/130619","targetHints":{"allow":["GET"]}}],"collection":[{"href":"https:\/\/staging.nbg.eu\/lt\/wp-json\/wp\/v2\/product"}],"about":[{"href":"https:\/\/staging.nbg.eu\/lt\/wp-json\/wp\/v2\/types\/product"}],"wp:featuredmedia":[{"embeddable":true,"href":"https:\/\/staging.nbg.eu\/lt\/wp-json\/wp\/v2\/media\/76420"}],"wp:attachment":[{"href":"https:\/\/staging.nbg.eu\/lt\/wp-json\/wp\/v2\/media?parent=130619"}],"wp:term":[{"taxonomy":"product_brand","embeddable":true,"href":"https:\/\/staging.nbg.eu\/lt\/wp-json\/wp\/v2\/product_brand?post=130619"},{"taxonomy":"product_cat","embeddable":true,"href":"https:\/\/staging.nbg.eu\/lt\/wp-json\/wp\/v2\/product_cat?post=130619"},{"taxonomy":"product_tag","embeddable":true,"href":"https:\/\/staging.nbg.eu\/lt\/wp-json\/wp\/v2\/product_tag?post=130619"}],"curies":[{"name":"wp","href":"https:\/\/api.w.org\/{rel}","templated":true}]}}