{"id":130208,"date":"2024-01-30T18:12:20","date_gmt":"2025-01-07T13:15:41","guid":{"rendered":"https:\/\/staging.nbg.eu\/product\/area-419-cantilevered-tactical-one-piece-scope-mount\/"},"modified":"2025-01-07T13:17:46","modified_gmt":"2025-01-07T13:17:46","slug":"area-419-konsolinis-taktinis-viengubas-taikiklio-laikiklis","status":"publish","type":"product","link":"https:\/\/staging.nbg.eu\/lt\/produktas\/area-419-konsolinis-taktinis-viengubas-taikiklio-laikiklis\/","title":{"rendered":"Area 419 Konsolinis Taktinis Viengubas Taikiklio Laikiklis"},"content":{"rendered":"<div class=\"product-description\">\n<h2>Area 419 Konsolinis taktinis vientisas optikos laikiklis<\/h2>\n<p>Area 419 konsolinis taktinis vientisas optikos laikiklis yra sukurtas tikslaus \u0161audymo entuziastams. \u0160is laikiklis u\u017etikrina patikim\u0105 optikos pritvirtinim\u0105.<\/p>\n<h2>Gamybos procesas<\/h2>\n<ul>\n<li>CNC frezuotas Amerikoje i\u0161 7075 aliuminio<\/li>\n<li>Galutinis gr\u0119\u017eimas atliekamas komplektais, siekiant tobulo sulygiavimo<\/li>\n<li>Neapdorotas aliuminis, tiksliai i\u0161gr\u0119\u017eti optikos kontaktiniai pavir\u0161iai<\/li>\n<li>Po gr\u0119\u017eimo niekada pilnai nei\u0161ardomas, u\u017etikrinant tobul\u0105 pritaikym\u0105<\/li>\n<\/ul>\n<h2>Pagrindin\u0117s savyb\u0117s<\/h2>\n<ul>\n<li>Lengvas dizainas: 8-9 uncijos vienam laikikliui<\/li>\n<li>Kelios pried\u0173 tvirtinimo vietos<\/li>\n<li>Atskiros b\u0117gelio tvirtinimo juostos<\/li>\n<li>\u012eleisti tvirtinimo koj\u0173 elementai<\/li>\n<li>Plieniniai kreipiamieji kai\u0161\u010diai tarp pagrindo ir dangteli\u0173<\/li>\n<li>Special\u016bs nitriduoti ner\u016bdijan\u010dio plieno tvirtinimo elementai<\/li>\n<li>Patentuota itin tvirta vir\u0161utini\u0173 pried\u0173 tvirtinimo sistema<\/li>\n<\/ul>\n<h2>Specifikacijos<\/h2>\n<ul>\n<li>Svoris: 1,5 svaro<\/li>\n<li>Matmenys: 9,5 \u00d7 5,8 \u00d7 2,8 colio<\/li>\n<li>Vamzd\u017eio skersmens parinktys: 30mm, 34mm, 35mm, 36mm<\/li>\n<li>Auk\u0161\u010dio parinktys: 34mm (1,34&#8243;), 39mm (1,54&#8243;)<\/li>\n<li>Posvyrio parinktys: 0 MOA, 20 MOA (5,8 MIL)<\/li>\n<\/ul>\n<p>M\u016bs\u0173 gamybos procesas u\u017etikrina auk\u0161t\u0105 optikos laikiklio kokyb\u0119 ir veikim\u0105.<\/p>\n<\/div>\n","protected":false},"excerpt":{"rendered":"<p>Tiksliai pagamintas taikiklio tvirtinimas: tvirtas, lengvas, su galutinai pritaikytais \u017eiedais maksimaliam tikslumui.<\/p>\n","protected":false},"featured_media":108741,"template":"","meta":{"_acf_changed":false},"product_brand":[11048],"product_cat":[13717],"product_tag":[],"class_list":{"0":"post-130208","1":"product","2":"type-product","3":"status-publish","4":"has-post-thumbnail","6":"product_brand-area-419","7":"product_cat-taikymas","9":"first","10":"instock","11":"taxable","12":"shipping-taxable","13":"purchasable","14":"product-type-variable","15":"wvs-archive-product-wrapper"},"acf":[],"_links":{"self":[{"href":"https:\/\/staging.nbg.eu\/lt\/wp-json\/wp\/v2\/product\/130208","targetHints":{"allow":["GET"]}}],"collection":[{"href":"https:\/\/staging.nbg.eu\/lt\/wp-json\/wp\/v2\/product"}],"about":[{"href":"https:\/\/staging.nbg.eu\/lt\/wp-json\/wp\/v2\/types\/product"}],"wp:featuredmedia":[{"embeddable":true,"href":"https:\/\/staging.nbg.eu\/lt\/wp-json\/wp\/v2\/media\/108741"}],"wp:attachment":[{"href":"https:\/\/staging.nbg.eu\/lt\/wp-json\/wp\/v2\/media?parent=130208"}],"wp:term":[{"taxonomy":"product_brand","embeddable":true,"href":"https:\/\/staging.nbg.eu\/lt\/wp-json\/wp\/v2\/product_brand?post=130208"},{"taxonomy":"product_cat","embeddable":true,"href":"https:\/\/staging.nbg.eu\/lt\/wp-json\/wp\/v2\/product_cat?post=130208"},{"taxonomy":"product_tag","embeddable":true,"href":"https:\/\/staging.nbg.eu\/lt\/wp-json\/wp\/v2\/product_tag?post=130208"}],"curies":[{"name":"wp","href":"https:\/\/api.w.org\/{rel}","templated":true}]}}