{"id":129770,"date":"2024-01-30T18:11:57","date_gmt":"2025-01-07T12:20:39","guid":{"rendered":"https:\/\/staging.nbg.eu\/product\/area-419-tactical-one-piece-scope-mount\/"},"modified":"2025-01-07T12:22:45","modified_gmt":"2025-01-07T12:22:45","slug":"area-419-taktinis-viengubas-taikiklio-laikiklis","status":"publish","type":"product","link":"https:\/\/staging.nbg.eu\/lt\/produktas\/area-419-taktinis-viengubas-taikiklio-laikiklis\/","title":{"rendered":"Area 419 Taktinis Viengubas Taikiklio Laikiklis"},"content":{"rendered":"<div class=\"product-description\">\n<h2>Area 419 Taktinis Vientisas Optikos Laikiklis<\/h2>\n<p>\u0160is optikos laikiklis pagamintas su tiksliai i\u0161gr\u0119\u017etais \u017eiedais ir neapdoroto aliuminio vidine dalimi. Jis tvirtai laiko optik\u0105 be papildomo svorio.<\/p>\n<ul>\n<li>CNC frezuotas Amerikoje i\u0161 7075 aliuminio<\/li>\n<li>Neapdoroto aliuminio, tiksliai i\u0161gr\u0119\u017eti optikos kontaktiniai pavir\u0161iai<\/li>\n<li>Kelios pried\u0173 tvirtinimo vietos<\/li>\n<li>Atskiri b\u0117gelio tvirtinimo strypai maksimaliam sukibimui<\/li>\n<li>Plieniniai kreipiamieji kai\u0161\u010diai i\u0161lyginimui<\/li>\n<li>Special\u016bs nitriduoti ner\u016bdijan\u010dio plieno tvirtinimo elementai<\/li>\n<li>Patentuotas ypa\u010d tvirtas vir\u0161utinis pried\u0173 tvirtinimas<\/li>\n<\/ul>\n<p>Galimi \u012fvair\u016bs vamzd\u017eio skersmenys ir auk\u0161\u010diai, su 0 MOA arba 20 MOA pasvirimo variantais. Svoris: 0,68 kg. Matmenys: 24,1 \u00d7 14,7 \u00d7 7,1 cm.<\/p>\n<\/div>\n","protected":false},"excerpt":{"rendered":"<p>Precizi\u0161kai i\u0161gr\u0119\u017etas, ypa\u010d tvirtas optikos laikiklis, u\u017etikrinantis neprilygstam\u0105 patikimum\u0105.<\/p>\n","protected":false},"featured_media":108369,"template":"","meta":{"_acf_changed":false},"product_brand":[11048],"product_cat":[13717],"product_tag":[],"class_list":{"0":"post-129770","1":"product","2":"type-product","3":"status-publish","4":"has-post-thumbnail","6":"product_brand-area-419","7":"product_cat-taikymas","9":"first","10":"instock","11":"taxable","12":"shipping-taxable","13":"purchasable","14":"product-type-variable","15":"wvs-archive-product-wrapper"},"acf":[],"_links":{"self":[{"href":"https:\/\/staging.nbg.eu\/lt\/wp-json\/wp\/v2\/product\/129770","targetHints":{"allow":["GET"]}}],"collection":[{"href":"https:\/\/staging.nbg.eu\/lt\/wp-json\/wp\/v2\/product"}],"about":[{"href":"https:\/\/staging.nbg.eu\/lt\/wp-json\/wp\/v2\/types\/product"}],"wp:featuredmedia":[{"embeddable":true,"href":"https:\/\/staging.nbg.eu\/lt\/wp-json\/wp\/v2\/media\/108369"}],"wp:attachment":[{"href":"https:\/\/staging.nbg.eu\/lt\/wp-json\/wp\/v2\/media?parent=129770"}],"wp:term":[{"taxonomy":"product_brand","embeddable":true,"href":"https:\/\/staging.nbg.eu\/lt\/wp-json\/wp\/v2\/product_brand?post=129770"},{"taxonomy":"product_cat","embeddable":true,"href":"https:\/\/staging.nbg.eu\/lt\/wp-json\/wp\/v2\/product_cat?post=129770"},{"taxonomy":"product_tag","embeddable":true,"href":"https:\/\/staging.nbg.eu\/lt\/wp-json\/wp\/v2\/product_tag?post=129770"}],"curies":[{"name":"wp","href":"https:\/\/api.w.org\/{rel}","templated":true}]}}