{"id":129471,"date":"2024-11-06T20:46:32","date_gmt":"2024-11-06T20:46:32","guid":{"rendered":"https:\/\/staging.nbg.eu\/product\/vortex-optics-defender-stmicro-red-dot\/"},"modified":"2025-01-07T10:55:19","modified_gmt":"2025-01-07T10:55:19","slug":"vortex-optics-defender-st-mikro-raudonasis-taskas","status":"publish","type":"product","link":"https:\/\/staging.nbg.eu\/lt\/produktas\/vortex-optics-defender-st-mikro-raudonasis-taskas\/","title":{"rendered":"Vortex Optics &#8211; Defender-ST\u2122 Mikro Raudonasis Ta\u0161kas"},"content":{"rendered":"<h2>Vortex Optics &#8211; Defender-ST\u2122 Mikro Raudonas Ta\u0161kas<\/h2>\n<p>Vortex Optics Defender-ST\u2122 Mikro Raudonas Ta\u0161kas skirtas pistoletams, \u0161autuvams ir karabinams. Tinka \u0161audykloje ir tarnybos metu.<\/p>\n<h2>Pagrindin\u0117s savyb\u0117s:<\/h2>\n<ul>\n<li>DeltaPoint\u00ae Pro tvirtinimo pagrindas<\/li>\n<li>6 MOA raudonas ta\u0161kas<\/li>\n<li>1x didinimas be akies atstumo apribojimo<\/li>\n<li>25 000 valand\u0173 baterijos veikimo laikas su CR2032 baterija<\/li>\n<li>Judesio aktyvavimas su 10 minu\u010di\u0173 automatinio i\u0161sijungimo funkcija<\/li>\n<li>ShockShield\u2122 technologija patvarumui padidinti<\/li>\n<li>Fast-Rack\u2122 tekst\u016bra lengvam spynos u\u017etaisymui<\/li>\n<li>Baterija vir\u0161uje patogiam keitimui<\/li>\n<li>10 ry\u0161kumo nustatym\u0173, \u012fskaitant 2 suderinamus su naktinio matymo prietaisais<\/li>\n<\/ul>\n<h2>Optin\u0117s savyb\u0117s:<\/h2>\n<p>Defender-ST\u2122 turi didel\u012f, kietu sluoksniu padengt\u0105 asferin\u012f l\u0119\u0161\u012f. Su paralakso neturin\u010dia konstrukcija ir ap\u0161viestu centriniu ta\u0161ku, galima greitai taikytis \u012fvairiomis ap\u0161vietimo s\u0105lygomis.<\/p>\n<h2>Patvarumas ir konstrukcija:<\/h2>\n<p>\u0160is optinis prietaisas yra atsparus vandeniui, r\u016bkui ir sm\u016bgiams. 7075 aliuminio korpusas su ShockShield\u2122 polimero \u012fd\u0117klu u\u017etikrina patvarum\u0105, o matinis juodas anoduotas pavir\u0161ius atsparum\u0105 korozijai.<\/p>\n<h2>Universalumas ir patogumas:<\/h2>\n<p>D\u0117l kompakti\u0161ko dyd\u017eio (1,8&#8243; ilgio) ir nedidelio svorio (1,48 uncijos), Defender-ST\u2122 tinka \u012fvairioms reikm\u0117ms. Baterija vir\u0161uje leid\u017eia j\u0105 pakeisti neprarandant taikiklio nustatym\u0173, o Fast-Rack\u2122 tekst\u016bra leid\u017eia u\u017etaisyti spyn\u0105 nuo bet kokio pavir\u0161iaus.<\/p>\n<p>Vortex Optics Defender-ST\u2122 Mikro Raudonas Ta\u0161kas yra patikimas partneris bet kokioje \u0161audymo situacijoje.<\/p>\n","protected":false},"excerpt":{"rendered":"<p>Tvirtas, tikslus mikro raudonasis ta\u0161kas pistoletams, \u0161autuvams ir karabinams.<\/p>\n","protected":false},"featured_media":78387,"template":"","meta":{"_acf_changed":false},"product_brand":[11961],"product_cat":[13698,13697,13718,13751,13717],"product_tag":[],"class_list":{"0":"post-129471","1":"product","2":"type-product","3":"status-publish","4":"has-post-thumbnail","6":"product_brand-vortex","7":"product_cat-pistoletas","8":"product_cat-pistoleto-taskai","9":"product_cat-raudoni-taskai","10":"product_cat-sautuvu-taikikliai","11":"product_cat-taikymas","13":"first","14":"outofstock","15":"taxable","16":"shipping-taxable","17":"purchasable","18":"product-type-simple"},"acf":[],"_links":{"self":[{"href":"https:\/\/staging.nbg.eu\/lt\/wp-json\/wp\/v2\/product\/129471","targetHints":{"allow":["GET"]}}],"collection":[{"href":"https:\/\/staging.nbg.eu\/lt\/wp-json\/wp\/v2\/product"}],"about":[{"href":"https:\/\/staging.nbg.eu\/lt\/wp-json\/wp\/v2\/types\/product"}],"wp:featuredmedia":[{"embeddable":true,"href":"https:\/\/staging.nbg.eu\/lt\/wp-json\/wp\/v2\/media\/78387"}],"wp:attachment":[{"href":"https:\/\/staging.nbg.eu\/lt\/wp-json\/wp\/v2\/media?parent=129471"}],"wp:term":[{"taxonomy":"product_brand","embeddable":true,"href":"https:\/\/staging.nbg.eu\/lt\/wp-json\/wp\/v2\/product_brand?post=129471"},{"taxonomy":"product_cat","embeddable":true,"href":"https:\/\/staging.nbg.eu\/lt\/wp-json\/wp\/v2\/product_cat?post=129471"},{"taxonomy":"product_tag","embeddable":true,"href":"https:\/\/staging.nbg.eu\/lt\/wp-json\/wp\/v2\/product_tag?post=129471"}],"curies":[{"name":"wp","href":"https:\/\/api.w.org\/{rel}","templated":true}]}}