{"id":129160,"date":"2025-01-01T20:36:12","date_gmt":"2025-01-07T10:13:46","guid":{"rendered":"https:\/\/staging.nbg.eu\/product\/high-profile-red-dot-plates-for-area-419-tactical-mounts\/"},"modified":"2025-01-07T10:15:51","modified_gmt":"2025-01-07T10:15:51","slug":"auksto-profilio-raudonojo-tasko-ploksteles-area-419-taktiniams-laikikliams","status":"publish","type":"product","link":"https:\/\/staging.nbg.eu\/lt\/produktas\/auksto-profilio-raudonojo-tasko-ploksteles-area-419-taktiniams-laikikliams\/","title":{"rendered":"Auk\u0161to Profilio Raudonojo Ta\u0161ko Plok\u0161tel\u0117s Area 419 Taktiniams Laikikliams"},"content":{"rendered":"<h2>Auk\u0161to profilio raudonojo ta\u0161ko plok\u0161t\u0117s Area 419 taktiniams tvirtinimams<\/h2>\n<p>M\u016bs\u0173 auk\u0161to profilio raudonojo ta\u0161ko plok\u0161t\u0117s skirtos taktiniam vienos dalies optikos tvirtinimui. \u0160ios plok\u0161t\u0117s pasi\u017eymi funkcionalumu ir patvarumu.<\/p>\n<h2>Pagrindin\u0117s savyb\u0117s:<\/h2>\n<ul>\n<li>Patentuota dvigubo nuolyd\u017eio tvirtinimo sistema u\u017etikrina saug\u0173 pritvirtinim\u0105<\/li>\n<li>Universalumas: suderinama su guls\u010diukais, balistin\u0117mis kortel\u0117mis, raudonaisiais ta\u0161kais ir lazeriniais atstumo matuokliais<\/li>\n<li>Patvarumas ir standumas u\u017etikrina tiksl\u0173 gr\u012f\u017eim\u0105 \u012f nulin\u0119 pad\u0117t\u012f<\/li>\n<li>Galima rinktis tarp standartinio ir \u017eemo auk\u0161\u010dio variant\u0173<\/li>\n<li>CNC b\u016bdu gaminama Amerikoje i\u0161 7075 aliuminio<\/li>\n<li>III tipo kietasis juodas anodinis pavir\u0161ius<\/li>\n<\/ul>\n<p>Galima rinktis tarp standartinio (1,11 colio auk\u0161\u010dio) ir \u017eemo (0,70 colio auk\u0161\u010dio) variant\u0173. Abu variantai turi MIL-STD-1913 specifikacijos b\u0117gelius ir fiksuojamus tvirtinimo var\u017etus lengvam montavimui.<\/p>\n<p>Svoris: 1 svaras<br \/>\nMatmenys: 6 \u00d7 3,5 \u00d7 2 coliai<\/p>\n","protected":false},"excerpt":{"rendered":"<p>Saugus, universalus b\u0117gelis raudon\u0173j\u0173 ta\u0161k\u0173 taikikliams ir priedams montuoti ant taktini\u0173 tvirtinimo sistem\u0173.<\/p>\n","protected":false},"featured_media":108717,"template":"","meta":{"_acf_changed":false},"product_brand":[11048],"product_cat":[13717,13674],"product_tag":[],"class_list":{"0":"post-129160","1":"product","2":"type-product","3":"status-publish","4":"has-post-thumbnail","6":"product_brand-area-419","7":"product_cat-taikymas","8":"product_cat-taikymosi-priedai","10":"first","11":"instock","12":"taxable","13":"shipping-taxable","14":"purchasable","15":"product-type-variable","16":"wvs-archive-product-wrapper"},"acf":[],"_links":{"self":[{"href":"https:\/\/staging.nbg.eu\/lt\/wp-json\/wp\/v2\/product\/129160","targetHints":{"allow":["GET"]}}],"collection":[{"href":"https:\/\/staging.nbg.eu\/lt\/wp-json\/wp\/v2\/product"}],"about":[{"href":"https:\/\/staging.nbg.eu\/lt\/wp-json\/wp\/v2\/types\/product"}],"wp:featuredmedia":[{"embeddable":true,"href":"https:\/\/staging.nbg.eu\/lt\/wp-json\/wp\/v2\/media\/108717"}],"wp:attachment":[{"href":"https:\/\/staging.nbg.eu\/lt\/wp-json\/wp\/v2\/media?parent=129160"}],"wp:term":[{"taxonomy":"product_brand","embeddable":true,"href":"https:\/\/staging.nbg.eu\/lt\/wp-json\/wp\/v2\/product_brand?post=129160"},{"taxonomy":"product_cat","embeddable":true,"href":"https:\/\/staging.nbg.eu\/lt\/wp-json\/wp\/v2\/product_cat?post=129160"},{"taxonomy":"product_tag","embeddable":true,"href":"https:\/\/staging.nbg.eu\/lt\/wp-json\/wp\/v2\/product_tag?post=129160"}],"curies":[{"name":"wp","href":"https:\/\/api.w.org\/{rel}","templated":true}]}}