{"id":128693,"date":"2025-01-01T20:31:02","date_gmt":"2025-01-07T09:59:49","guid":{"rendered":"https:\/\/staging.nbg.eu\/product\/area-419-tactical-one-piece-mount-diving-board\/"},"modified":"2025-01-07T10:02:10","modified_gmt":"2025-01-07T10:02:10","slug":"area-419-taktinis-viengubas-laikiklis-diving-board","status":"publish","type":"product","link":"https:\/\/staging.nbg.eu\/lt\/produktas\/area-419-taktinis-viengubas-laikiklis-diving-board\/","title":{"rendered":"Area 419 &#8211; Taktinis Viengubas Laikiklis Diving Board"},"content":{"rendered":"<div class=\"product-description\">\n<h2>Area 419 &#8211; Taktinis vientisas montavimo priedas<\/h2>\n<p>\u0160is priedas turi patentuot\u0105 dvigubo k\u016bgio montavimo ta\u0161k\u0105, u\u017etikrinant\u012f saugum\u0105 ir universalum\u0105 j\u016bs\u0173 optikai. Tinka guls\u010diukams, dope kortel\u0117ms, raudon\u0173j\u0173 ta\u0161k\u0173 taikikliams ir lazeriniams atstumo matuokliams tvirtinti.<\/p>\n<h3>Pagrindin\u0117s savyb\u0117s:<\/h3>\n<ul>\n<li>Galimi standartinio ir \u017eemo auk\u0161\u010dio variantai<\/li>\n<li>MIL-STD-1913 specifikacijos b\u0117gelis (10 ang\u0173 standartiniam, 6 \u017eemam)<\/li>\n<li>III tipo kietasis juodas anodinis pavir\u0161ius<\/li>\n<li>Fiksuojami montavimo var\u017etai lengvam montavimui<\/li>\n<li>CNC b\u016bdu frezuotas Amerikoje i\u0161 7075 aliuminio<\/li>\n<li>Svoris: 70,9 g (standartinis) arba 42,5 g (\u017eemas)<\/li>\n<\/ul>\n<p>Area 419 taktinis vientisas montavimo priedas &#8211; sprendimas tikslumui ir stabilumui u\u017etikrinti.<\/p>\n<\/div>\n","protected":false},"excerpt":{"rendered":"<p>Tvirtas, universalus b\u0117gelis optiniams taikikliams tvirtinti. Saugus, patvarus, pagamintas Amerikoje.<\/p>\n","protected":false},"featured_media":108394,"template":"","meta":{"_acf_changed":false},"product_brand":[11048],"product_cat":[13717,13674],"product_tag":[],"class_list":{"0":"post-128693","1":"product","2":"type-product","3":"status-publish","4":"has-post-thumbnail","6":"product_brand-area-419","7":"product_cat-taikymas","8":"product_cat-taikymosi-priedai","10":"first","11":"instock","12":"taxable","13":"shipping-taxable","14":"purchasable","15":"product-type-variable","16":"wvs-archive-product-wrapper"},"acf":[],"_links":{"self":[{"href":"https:\/\/staging.nbg.eu\/lt\/wp-json\/wp\/v2\/product\/128693","targetHints":{"allow":["GET"]}}],"collection":[{"href":"https:\/\/staging.nbg.eu\/lt\/wp-json\/wp\/v2\/product"}],"about":[{"href":"https:\/\/staging.nbg.eu\/lt\/wp-json\/wp\/v2\/types\/product"}],"wp:featuredmedia":[{"embeddable":true,"href":"https:\/\/staging.nbg.eu\/lt\/wp-json\/wp\/v2\/media\/108394"}],"wp:attachment":[{"href":"https:\/\/staging.nbg.eu\/lt\/wp-json\/wp\/v2\/media?parent=128693"}],"wp:term":[{"taxonomy":"product_brand","embeddable":true,"href":"https:\/\/staging.nbg.eu\/lt\/wp-json\/wp\/v2\/product_brand?post=128693"},{"taxonomy":"product_cat","embeddable":true,"href":"https:\/\/staging.nbg.eu\/lt\/wp-json\/wp\/v2\/product_cat?post=128693"},{"taxonomy":"product_tag","embeddable":true,"href":"https:\/\/staging.nbg.eu\/lt\/wp-json\/wp\/v2\/product_tag?post=128693"}],"curies":[{"name":"wp","href":"https:\/\/api.w.org\/{rel}","templated":true}]}}