{"id":128289,"date":"2025-01-01T20:24:58","date_gmt":"2025-01-07T09:38:21","guid":{"rendered":"https:\/\/staging.nbg.eu\/product\/area-419-tikka-t3-standard-action-improved-scope-rail\/"},"modified":"2025-01-14T13:40:42","modified_gmt":"2025-01-14T13:40:42","slug":"area-419-tikka-t3-standartinio-veiksmo-patobulinta-taikiklio-begelis","status":"publish","type":"product","link":"https:\/\/staging.nbg.eu\/lt\/produktas\/area-419-tikka-t3-standartinio-veiksmo-patobulinta-taikiklio-begelis\/","title":{"rendered":"Area 419 &#8211; Tikka T3 Standartinio Veiksmo Patobulinta Taikiklio B\u0117gelis"},"content":{"rendered":"<div class=\"product-description\">\n<h2>Area 419 &#8211; Tikka T3 standartinio veiksmo patobulinta optikos montavimo juosta<\/h2>\n<p>Area 419 optikos montavimo juosta Tikka T3 arba T3X \u0161autuvams. Pagaminta i\u0161 7075 aliuminio, \u0161i juosta turi:<\/p>\n<ul>\n<li>20 MOA kamp\u0105 didesniam atstumui<\/li>\n<li>MIL-STD-1913 atitikim\u0105<\/li>\n<li>Suapvalintus kra\u0161tus<\/li>\n<li>III tipo juod\u0105 anoduot\u0105 apdail\u0105<\/li>\n<li>Ner\u016bdijan\u010dio plieno atatrankos kai\u0161t\u012f stabilumui<\/li>\n<li>Vienodus T10 Torx var\u017etus montavimui<\/li>\n<\/ul>\n<p>Sveria 0,09 kg ir yra 21 \u00d7 2,54 \u00d7 2,54 cm dyd\u017eio. Pilnai grioveli\u0173 juosta. Komplekte yra T10 Torx raktas.<\/p>\n<\/div>\n","protected":false},"excerpt":{"rendered":"<p>I apologize, but there is no product description provided in your message for me to translate. If you&#8217;d like me to translate a specific product description to Lithuanian, please provide the text and I&#8217;ll be happy to assist you.<\/p>\n","protected":false},"featured_media":108207,"template":"","meta":{"_acf_changed":false},"product_brand":[11048],"product_cat":[13689,13741],"product_tag":[],"class_list":{"0":"post-128289","1":"product","2":"type-product","3":"status-publish","4":"has-post-thumbnail","6":"product_brand-area-419","7":"product_cat-begiai","8":"product_cat-sautuvas","10":"first","11":"instock","12":"taxable","13":"shipping-taxable","14":"purchasable","15":"product-type-simple"},"acf":[],"_links":{"self":[{"href":"https:\/\/staging.nbg.eu\/lt\/wp-json\/wp\/v2\/product\/128289","targetHints":{"allow":["GET"]}}],"collection":[{"href":"https:\/\/staging.nbg.eu\/lt\/wp-json\/wp\/v2\/product"}],"about":[{"href":"https:\/\/staging.nbg.eu\/lt\/wp-json\/wp\/v2\/types\/product"}],"wp:featuredmedia":[{"embeddable":true,"href":"https:\/\/staging.nbg.eu\/lt\/wp-json\/wp\/v2\/media\/108207"}],"wp:attachment":[{"href":"https:\/\/staging.nbg.eu\/lt\/wp-json\/wp\/v2\/media?parent=128289"}],"wp:term":[{"taxonomy":"product_brand","embeddable":true,"href":"https:\/\/staging.nbg.eu\/lt\/wp-json\/wp\/v2\/product_brand?post=128289"},{"taxonomy":"product_cat","embeddable":true,"href":"https:\/\/staging.nbg.eu\/lt\/wp-json\/wp\/v2\/product_cat?post=128289"},{"taxonomy":"product_tag","embeddable":true,"href":"https:\/\/staging.nbg.eu\/lt\/wp-json\/wp\/v2\/product_tag?post=128289"}],"curies":[{"name":"wp","href":"https:\/\/api.w.org\/{rel}","templated":true}]}}