{"id":106803,"date":"2024-11-16T10:23:45","date_gmt":"2024-12-30T09:55:41","guid":{"rendered":"https:\/\/staging.nbg.eu\/product\/sai-optics-model-sai-6-1x-6x\/"},"modified":"2024-12-30T09:58:09","modified_gmt":"2024-12-30T09:58:09","slug":"sai-optics-modelis-sai-6-1x-6x","status":"publish","type":"product","link":"https:\/\/staging.nbg.eu\/lt\/produktas\/sai-optics-modelis-sai-6-1x-6x\/","title":{"rendered":"SAI Optics\u2122 Modelis SAI 6\u2122 &#8211; 1x-6x"},"content":{"rendered":"<h2>SAI Optics\u2122 Modelis SAI 6\u2122 &#8211; 1x-6x<\/h2>\n<p>SAI\u2122 6 serijos optinis taikytuvas si\u016blo sprendim\u0105 kintan\u010dio didinimo poreikiams. Turi LED ap\u0161viest\u0105 pirmojo \u017eidinio plok\u0161tumos tinklel\u012f, u\u017etikrinant\u012f tiksl\u0173 atstumo nustatym\u0105 ir balistin\u012f laikym\u0105 bet kokiu didinimu. Tinklelis ir platus matymo laukas gerina efektyvum\u0105 artimoje aplinkoje.<\/p>\n<h2>Pagrindin\u0117s savyb\u0117s:<\/h2>\n<ul>\n<li>Didinimas: 1x-6x<\/li>\n<li>Sustiprintas vamzdinis dizainas moduliniam montavimui<\/li>\n<li>LED ap\u0161viestas tinklelis su 10 nustatym\u0173<\/li>\n<li>Galimi tinkleliai: 5.56 BDC, 6.8 BDC, 7.62 BDC<\/li>\n<li>Atsparumas vandeniui: 2 valandos @ 3 metrai<\/li>\n<li>Atsparumas sm\u016bgiams: 1000g @ 10,000 cikl\u0173<\/li>\n<\/ul>\n<h2>Tinkleliai:<\/h2>\n<ul>\n<li>5.56 BDC tinklelis<\/li>\n<li>6.8 BDC tinklelis<\/li>\n<li>7.62 BDC tinklelis<\/li>\n<\/ul>\n<h2>Specifikacijos:<\/h2>\n<ul>\n<li>Ilgis: 256mm (10.07in)<\/li>\n<li>Svoris: 510g (18.0oz)<\/li>\n<li>Vamzd\u017eio skersmuo: 30mm<\/li>\n<li>Matymo laukas @ 1x: 22 laipsniai (38.8m @ 100m)<\/li>\n<li>Akies atstumas: 90mm (3.54in) nominalus<\/li>\n<li>Baterijos tipas: CR2032 3v li\u010dio<\/li>\n<\/ul>\n<h2>Standartiniai priedai:<\/h2>\n<ul>\n<li>Tenebraex\u00ae l\u0119\u0161i\u0173 dangteliai<\/li>\n<li>Tenebraex\u00ae atspind\u017ei\u0173 ma\u017einimo \u012ftaisas<\/li>\n<li>Reguliavimo dangtelio tvirtinimo virv\u0117<\/li>\n<li>Baterijos i\u0161\u0117mimo diskas<\/li>\n<\/ul>\n<p>SAI\u2122 6 serija skirta optiniam naudojimui sud\u0117tingomis s\u0105lygomis, tinka naudoti su papildomais priedais, tokiais kaip atver\u010diami dangteliai, lazerio filtrai ir poliarizatoriai.<\/p>\n","protected":false},"excerpt":{"rendered":"<p>SAI 6\u2122: Tvirtas 1x-6x LED taikiklis su FFP tinkleliu ir pla\u010diu matymo lauku.<\/p>\n","protected":false},"featured_media":79692,"template":"","meta":{"_acf_changed":false},"product_brand":[11716],"product_cat":[13685,13717],"product_tag":[],"class_list":{"0":"post-106803","1":"product","2":"type-product","3":"status-publish","4":"has-post-thumbnail","6":"product_brand-sai-optics","7":"product_cat-padidinta-optika","8":"product_cat-taikymas","10":"first","11":"instock","12":"taxable","13":"shipping-taxable","14":"purchasable","15":"product-type-variable","16":"wvs-archive-product-wrapper"},"acf":[],"_links":{"self":[{"href":"https:\/\/staging.nbg.eu\/lt\/wp-json\/wp\/v2\/product\/106803","targetHints":{"allow":["GET"]}}],"collection":[{"href":"https:\/\/staging.nbg.eu\/lt\/wp-json\/wp\/v2\/product"}],"about":[{"href":"https:\/\/staging.nbg.eu\/lt\/wp-json\/wp\/v2\/types\/product"}],"wp:featuredmedia":[{"embeddable":true,"href":"https:\/\/staging.nbg.eu\/lt\/wp-json\/wp\/v2\/media\/79692"}],"wp:attachment":[{"href":"https:\/\/staging.nbg.eu\/lt\/wp-json\/wp\/v2\/media?parent=106803"}],"wp:term":[{"taxonomy":"product_brand","embeddable":true,"href":"https:\/\/staging.nbg.eu\/lt\/wp-json\/wp\/v2\/product_brand?post=106803"},{"taxonomy":"product_cat","embeddable":true,"href":"https:\/\/staging.nbg.eu\/lt\/wp-json\/wp\/v2\/product_cat?post=106803"},{"taxonomy":"product_tag","embeddable":true,"href":"https:\/\/staging.nbg.eu\/lt\/wp-json\/wp\/v2\/product_tag?post=106803"}],"curies":[{"name":"wp","href":"https:\/\/api.w.org\/{rel}","templated":true}]}}