{"id":106626,"date":"2024-01-30T18:13:57","date_gmt":"2024-12-30T09:39:07","guid":{"rendered":"https:\/\/staging.nbg.eu\/product\/tangent-theta-tt735p-7-35x56mm-professional\/"},"modified":"2024-12-30T09:40:56","modified_gmt":"2024-12-30T09:40:56","slug":"tangent-theta-tt735p-7-35x56mm-profesionalus","status":"publish","type":"product","link":"https:\/\/staging.nbg.eu\/lt\/produktas\/tangent-theta-tt735p-7-35x56mm-profesionalus\/","title":{"rendered":"Tangent Theta TT735P (7-35x56mm Profesionalus)"},"content":{"rendered":"<div class=\"product-description\">\n<p>Tangent Theta \u012fkurta 2013 m. Naujojoje \u0160kotijoje, Kanadoje, siekiant gaminti geriausius \u0161autuv\u0173 taikiklius pasaulyje. Taikikliai yra surenkami rankomis, individualiai i\u0161bandomi ir tikrinami optikos dizaineri\u0173, mechanikos in\u017einieri\u0173 ir tarptautinio lygio tolimojo \u0161audymo specialist\u0173 komandos.<\/p>\n<h2>Tangent Theta TT735P 7-35x56mm profesionalus \u0161autuvo taikiklis<\/h2>\n<p>Tangent Theta TT735P yra 7-35x56mm \u0161autuvo taikiklis, skirtas profesionaliems \u0161auliams. \u0160is taikiklis jungia pa\u017eangi\u0105 technologij\u0105 su patvarumu, siekiant u\u017etikrinti auk\u0161t\u0105 veikim\u0105 sud\u0117tingomis s\u0105lygomis.<\/p>\n<h2>Pagrindin\u0117s savyb\u0117s:<\/h2>\n<ul>\n<li>7-35x didinimo diapazonas taikinio identifikavimui dideliais atstumais<\/li>\n<li>56mm objektyvo l\u0119\u0161is \u0161viesos surinkimui<\/li>\n<li>36mm pagrindinis vamzdis strukt\u016briniam vientisumui ir reguliavimo diapazonui<\/li>\n<li>Paralakso reguliavimas iki 10 metr\u0173<\/li>\n<li>11 tinklelio ap\u0161vietimo nustatym\u0173<\/li>\n<li>Patentuota TOOL-LESS RE-ZERO\u00ae funkcija greitam nulinimui (JAV patentas # 10,591,253)<\/li>\n<li>Nepersikeliantys reguliatoriai su auk\u0161\u010dio nulio stabdikliu<\/li>\n<li>Dvigubas auk\u0161\u010dio sukimas su apsisukimo indikatoriumi<\/li>\n<li>U\u017erakinamas greitai reguliuojamas dioptrijas<\/li>\n<\/ul>\n<h2>Kokyb\u0117:<\/h2>\n<p>Pagamintas Kanadoje, TT735P yra i\u0161bandytas atlaikyti sud\u0117tingas aplinkos s\u0105lygas. Turi II tipo anoduot\u0105 matin\u0119 apdail\u0105, 4 valand\u0173 atsparum\u0105 vandeniui 10 metr\u0173 gylyje ir 700g atsparum\u0105 sm\u016bgiams 10 000 cikl\u0173.<\/p>\n<\/div>\n<h2>Tinkleliai:<\/h2>\n<ol>\n<li data-line-height=\"xs\">Horus Tremor3 tinklelis<\/li>\n<li data-line-height=\"xs\">JTAC<\/li>\n<li data-line-height=\"xs\">Gen 3 XR Fine<\/li>\n<\/ol>\n<div class=\"product-description\">\n<h2>Optika:<\/h2>\n<p>Galima rinktis i\u0161 trij\u0173 tinkleli\u0173: Horus Tremor3, JTAC arba Gen 3 XR Fine. TT735P turi 90mm akies atstum\u0105 ir reg\u0117jimo lauk\u0105 nuo 5,41m 100m atstumu (7x) iki 1,08m 100m atstumu (35x).<\/p>\n<h2>Reguliavimas:<\/h2>\n<p>0,1 mrad reguliavimo tikslumas, 30 mrad bendras auk\u0161\u010dio diapazonas ir 14 mrad bendras v\u0117jo kompensavimo diapazonas. \u0160oninis paralakso reguliavimas ir u\u017erakinamas dioptrijas u\u017etikrina ai\u0161k\u0173 vaizd\u0105 bet kokiu atstumu.<\/p>\n<p>Tangent Theta TT735P yra skirtas \u0161auliams, kuriems reikia auk\u0161tos kokyb\u0117s taikikli\u0173.<\/p>\n<\/div>\n","protected":false},"excerpt":{"rendered":"<p>Tangent Theta 7-35x56mm Professional yra optinis taikinys, kur\u012f pasirenkate itin tolimam \u0161audymui.<\/p>\n","protected":false},"featured_media":81001,"template":"","meta":{"_acf_changed":false},"product_brand":[11898],"product_cat":[13685,13717],"product_tag":[],"class_list":{"0":"post-106626","1":"product","2":"type-product","3":"status-publish","4":"has-post-thumbnail","6":"product_brand-tangent-theta","7":"product_cat-padidinta-optika","8":"product_cat-taikymas","10":"first","11":"instock","12":"taxable","13":"shipping-taxable","14":"purchasable","15":"product-type-variable","16":"wvs-archive-product-wrapper"},"acf":[],"_links":{"self":[{"href":"https:\/\/staging.nbg.eu\/lt\/wp-json\/wp\/v2\/product\/106626","targetHints":{"allow":["GET"]}}],"collection":[{"href":"https:\/\/staging.nbg.eu\/lt\/wp-json\/wp\/v2\/product"}],"about":[{"href":"https:\/\/staging.nbg.eu\/lt\/wp-json\/wp\/v2\/types\/product"}],"wp:featuredmedia":[{"embeddable":true,"href":"https:\/\/staging.nbg.eu\/lt\/wp-json\/wp\/v2\/media\/81001"}],"wp:attachment":[{"href":"https:\/\/staging.nbg.eu\/lt\/wp-json\/wp\/v2\/media?parent=106626"}],"wp:term":[{"taxonomy":"product_brand","embeddable":true,"href":"https:\/\/staging.nbg.eu\/lt\/wp-json\/wp\/v2\/product_brand?post=106626"},{"taxonomy":"product_cat","embeddable":true,"href":"https:\/\/staging.nbg.eu\/lt\/wp-json\/wp\/v2\/product_cat?post=106626"},{"taxonomy":"product_tag","embeddable":true,"href":"https:\/\/staging.nbg.eu\/lt\/wp-json\/wp\/v2\/product_tag?post=106626"}],"curies":[{"name":"wp","href":"https:\/\/api.w.org\/{rel}","templated":true}]}}