{"id":106244,"date":"2024-11-17T08:06:47","date_gmt":"2024-12-30T09:21:04","guid":{"rendered":"https:\/\/staging.nbg.eu\/product\/tangent-theta-tt525p-5-25x56mm-professional\/"},"modified":"2024-12-30T09:23:30","modified_gmt":"2024-12-30T09:23:30","slug":"tangent-theta-tt525p-5-25x56mm-profesionalus","status":"publish","type":"product","link":"https:\/\/staging.nbg.eu\/lt\/produktas\/tangent-theta-tt525p-5-25x56mm-profesionalus\/","title":{"rendered":"Tangent Theta TT525P (5-25x56mm Profesionalus)"},"content":{"rendered":"<h2>Tangent Theta TT525P 5-25x56mm Profesionalus \u0161autuvo teleskopas<\/h2>\n<p>Tangent Theta TT525P yra ilgo nuotolio taikymo prietaisas, skirtas profesionaliems \u0161auliams. Pagamintas Kanadoje, \u0161is \u0161autuvo teleskopas pasi\u017eymi patvarumu, mechanini\u0173 dali\u0173 tikslumu ir auk\u0161tos kokyb\u0117s optika.<\/p>\n<h2>Pagrindin\u0117s savyb\u0117s:<\/h2>\n<ul>\n<li>56mm objektyvo l\u0119\u0161is<\/li>\n<li>34mm pagrindinis vamzdis<\/li>\n<li>5-25x didinimo diapazonas<\/li>\n<li>Vienuolika taikinio ap\u0161vietimo nustatym\u0173<\/li>\n<li>\u0160oninis paralakso reguliavimas nuo 50m iki begalyb\u0117s<\/li>\n<li>Patentuota TOOL-LESS RE-ZERO\u00ae funkcija (JAV patentas # 10,591,253)<\/li>\n<li>Nesikei\u010diantys reguliatoriai su auk\u0161\u010dio nustatymo ribotuvu<\/li>\n<li>Dvigubo apsisukimo auk\u0161\u010dio reguliatorius su apsisukim\u0173 indikatoriumi<\/li>\n<li>U\u017erakinamas greitai reguliuojamas dioptrijas (-3 iki +2.5)<\/li>\n<\/ul>\n<h2>Taikikliai:<\/h2>\n<ul>\n<li>Gen 2 XR taikiklis<\/li>\n<li>MoA-ER<\/li>\n<li>Gen 3 XR taikiklis<\/li>\n<li>Gen 2 MoA-ER<\/li>\n<li>Gen 3 XR Fine taikiklis<\/li>\n<li>Horus H59 taikiklis<\/li>\n<li>Horus Tremor3 taikiklis<\/li>\n<li>JTAC taikiklis<\/li>\n<li>Gen 2 XR taikiklis, AIF<\/li>\n<li>Gen 3 XR taikiklis, AIF<\/li>\n<li>Gen 3 XR Fine taikiklis, AIF<\/li>\n<li>JTAC taikiklis, AIF<\/li>\n<li>Horus Tremor3 taikiklis, AIF<\/li>\n<\/ul>\n<h2>Tikslumo in\u017einerija:<\/h2>\n<p>TT525P turi 30 mrad (103 MoA) auk\u0161\u010dio ir \u00b110 mrad (\u00b134 MoA) \u0161oninio reguliavimo diapazon\u0105. Su 0,1 mrad arba 1\/4 MoA reguliavimo tikslumu.<\/p>\n<h2>Optin\u0117 kokyb\u0117:<\/h2>\n<p>90mm akies atstumas ir matymo laukas nuo 7,6m 100m atstumu (5x) iki 1,6m 100m atstumu (25x). 56mm objektyvo l\u0119\u0161is u\u017etikrina ger\u0105 \u0161viesos pralaidum\u0105.<\/p>\n<h2>Patvarumas:<\/h2>\n<p>TT525P yra atsparus vandeniui iki 10 metr\u0173 4 valandas ir sm\u016bgiams iki 700g 10 000 cikl\u0173. II tipo anoduota matin\u0117 apdaila suteikia papildom\u0105 apsaug\u0105.<\/p>\n<h2>Taikikli\u0173 pasirinkimai:<\/h2>\n<p>Galima rinktis i\u0161 \u012fvairi\u0173 taikikli\u0173: Gen 2XR, MoA, Gen 3XR, H-59, Tremor3, JTAC, Gen 3 XR Fine ir GEN2 MOA-ER.<\/p>\n<h2>Papildomos specifikacijos:<\/h2>\n<ul>\n<li>Ilgis: 425mm<\/li>\n<li>Svoris: 1150g<\/li>\n<li>Objektyvo varpelio skersmuo: 65mm<\/li>\n<li>Ap\u0161vietimas: LED su 11 nustatym\u0173<\/li>\n<li>Baterija: DL2032 3v li\u010dio<\/li>\n<\/ul>\n<p>Tangent Theta TT525P komplekte yra Tenebraex l\u0119\u0161i\u0173 dangteliai ir ARD. TT525P yra \u0161autuvo teleskopas, skirtas naudoti reikliose aplinkose.<\/p>\n","protected":false},"excerpt":{"rendered":"<p>Profesionalaus lygio 5-25x56mm \u0161autuv\u0173 optinis taikiklis. Tvirtas, tikslus, su puikia optika.<\/p>\n","protected":false},"featured_media":100879,"template":"","meta":{"_acf_changed":false},"product_brand":[11898],"product_cat":[13685,13717],"product_tag":[],"class_list":{"0":"post-106244","1":"product","2":"type-product","3":"status-publish","4":"has-post-thumbnail","6":"product_brand-tangent-theta","7":"product_cat-padidinta-optika","8":"product_cat-taikymas","10":"first","11":"instock","12":"taxable","13":"shipping-taxable","14":"purchasable","15":"product-type-variable","16":"wvs-archive-product-wrapper"},"acf":[],"_links":{"self":[{"href":"https:\/\/staging.nbg.eu\/lt\/wp-json\/wp\/v2\/product\/106244","targetHints":{"allow":["GET"]}}],"collection":[{"href":"https:\/\/staging.nbg.eu\/lt\/wp-json\/wp\/v2\/product"}],"about":[{"href":"https:\/\/staging.nbg.eu\/lt\/wp-json\/wp\/v2\/types\/product"}],"wp:featuredmedia":[{"embeddable":true,"href":"https:\/\/staging.nbg.eu\/lt\/wp-json\/wp\/v2\/media\/100879"}],"wp:attachment":[{"href":"https:\/\/staging.nbg.eu\/lt\/wp-json\/wp\/v2\/media?parent=106244"}],"wp:term":[{"taxonomy":"product_brand","embeddable":true,"href":"https:\/\/staging.nbg.eu\/lt\/wp-json\/wp\/v2\/product_brand?post=106244"},{"taxonomy":"product_cat","embeddable":true,"href":"https:\/\/staging.nbg.eu\/lt\/wp-json\/wp\/v2\/product_cat?post=106244"},{"taxonomy":"product_tag","embeddable":true,"href":"https:\/\/staging.nbg.eu\/lt\/wp-json\/wp\/v2\/product_tag?post=106244"}],"curies":[{"name":"wp","href":"https:\/\/api.w.org\/{rel}","templated":true}]}}