{"id":546106,"date":"2025-09-05T18:15:45","date_gmt":"2025-09-05T15:15:45","guid":{"rendered":"https:\/\/staging.nbg.eu\/product\/rrs-sc-arc-harris-bipod-adapter-black\/"},"modified":"2025-10-01T10:58:18","modified_gmt":"2025-10-01T07:58:18","slug":"adattatore-bipiede-harris-rrs-sc-arc-nero","status":"publish","type":"product","link":"https:\/\/staging.nbg.eu\/it\/product\/adattatore-bipiede-harris-rrs-sc-arc-nero\/","title":{"rendered":"Adattatore Bipiede Harris RRS SC-ARC Nero"},"content":{"rendered":"<div class=\"product-description\">\n<h2>Adattatore per bipiede Harris RRS SC-ARC nero<\/h2>\n<h2>Adattatore per bipiede Harris<\/h2>\n<p>L&#8217;adattatore RRS SC-ARC per bipiede Harris si integra con i bipiedi Harris &#8216;S&#8217; esistenti, offrendo funzionalit\u00e0 e vantaggi.<\/p>\n<h3>Vantaggi principali:<\/h3>\n<ul>\n<li><strong>Cambio rapido dell&#8217;attrezzatura:<\/strong> Permette transizioni veloci tra configurazioni.<\/li>\n<li><strong>Supporto pi\u00f9 stabile:<\/strong> Fornisce maggiore stabilit\u00e0.<\/li>\n<li><strong>Ampia compatibilit\u00e0:<\/strong> Funziona con morsetti RRS come BTC-Pro e SC-ARC.<\/li>\n<\/ul>\n<p>L&#8217;adattatore per bipiede Harris collega l&#8217;attrezzatura attuale con l&#8217;equipaggiamento RRS.<\/p>\n<h3>Specifiche:<\/h3>\n<table>\n<tr>\n<td><strong>Lunghezza:<\/strong><\/td>\n<td>1,4 pollici (35,6 mm)<\/td>\n<\/tr>\n<tr>\n<td><strong>Larghezza:<\/strong><\/td>\n<td>1,3 pollici (33,8 mm)<\/td>\n<\/tr>\n<tr>\n<td><strong>Altezza:<\/strong><\/td>\n<td>1,35 pollici (34,3 mm)<\/td>\n<\/tr>\n<tr>\n<td><strong>Peso:<\/strong><\/td>\n<td>1,2 once (34,7 g)<\/td>\n<\/tr>\n<\/table>\n<p>L&#8217;adattatore RRS SC-ARC per bipiede Harris migliora la funzionalit\u00e0 dei bipiedi Harris &#8216;S&#8217;, integrandosi con i morsetti RRS. Questo accessorio offre versatilit\u00e0 e stabilit\u00e0 per tiri precisi e regolazioni rapide sul campo.<\/p>\n<\/div>\n","protected":false},"excerpt":{"rendered":"<p>Migliora la stabilit\u00e0 e la versatilit\u00e0 con questo leggero adattatore per bipiede Harris.<\/p>\n","protected":false},"featured_media":546107,"template":"","meta":{"_acf_changed":false},"product_brand":[],"product_cat":[12358,12365,369],"product_tag":[],"class_list":{"0":"post-546106","1":"product","2":"type-product","3":"status-publish","4":"has-post-thumbnail","6":"product_cat-bipiedi","7":"product_cat-fucile","8":"product_cat-uncategorized","10":"first","11":"instock","12":"taxable","13":"shipping-taxable","14":"purchasable","15":"product-type-simple"},"acf":[],"_links":{"self":[{"href":"https:\/\/staging.nbg.eu\/it\/wp-json\/wp\/v2\/product\/546106","targetHints":{"allow":["GET"]}}],"collection":[{"href":"https:\/\/staging.nbg.eu\/it\/wp-json\/wp\/v2\/product"}],"about":[{"href":"https:\/\/staging.nbg.eu\/it\/wp-json\/wp\/v2\/types\/product"}],"wp:featuredmedia":[{"embeddable":true,"href":"https:\/\/staging.nbg.eu\/it\/wp-json\/wp\/v2\/media\/546107"}],"wp:attachment":[{"href":"https:\/\/staging.nbg.eu\/it\/wp-json\/wp\/v2\/media?parent=546106"}],"wp:term":[{"taxonomy":"product_brand","embeddable":true,"href":"https:\/\/staging.nbg.eu\/it\/wp-json\/wp\/v2\/product_brand?post=546106"},{"taxonomy":"product_cat","embeddable":true,"href":"https:\/\/staging.nbg.eu\/it\/wp-json\/wp\/v2\/product_cat?post=546106"},{"taxonomy":"product_tag","embeddable":true,"href":"https:\/\/staging.nbg.eu\/it\/wp-json\/wp\/v2\/product_tag?post=546106"}],"curies":[{"name":"wp","href":"https:\/\/api.w.org\/{rel}","templated":true}]}}