{"id":533751,"date":"2025-09-04T18:48:23","date_gmt":"2025-09-04T15:48:23","guid":{"rendered":"https:\/\/staging.nbg.eu\/product\/utg-h3-carbine-buffer-ar15-m4-rb-t6bfh3\/"},"modified":"2025-09-29T11:03:50","modified_gmt":"2025-09-29T08:03:50","slug":"utg-buffer-carabina-h3-ar15-m4-rb-t6bfh3","status":"publish","type":"product","link":"https:\/\/staging.nbg.eu\/it\/product\/utg-buffer-carabina-h3-ar15-m4-rb-t6bfh3\/","title":{"rendered":"UTG &#8211; Buffer Carabina H3 &#8211; AR15 \/ M4 &#8211; RB-T6BFH3"},"content":{"rendered":"<div class=\"product-description\">\n<h2>UTG &#8211; Buffer H3 per Carabina &#8211; AR15 \/ M4 &#8211; RB-T6BFH3<\/h2>\n<p>Il buffer di rinculo UTG H3 per AR15 presenta:<\/p>\n<ul>\n<li>3 pesi in tungsteno<\/li>\n<li>Corpo in alluminio 6061-T6 con finitura anodizzata<\/li>\n<li>Paraurti terminale aderente<\/li>\n<li>Aumenta il tempo di permanenza e facilita l&#8217;estrazione<\/li>\n<li>Riduce il rinculo percepito<\/li>\n<li>Pu\u00f2 migliorare la precisione con calibri leggermente pi\u00f9 pesanti<\/li>\n<\/ul>\n<p>Con un peso di 5,4 oz, questo buffer \u00e8 progettato per rendere la piattaforma AR pi\u00f9 confortevole e potenzialmente pi\u00f9 precisa.<\/p>\n","protected":false},"excerpt":{"rendered":"<p>Tampone Carbine UTG H3: Riduce il rinculo, migliora il comfort per AR15\/M4.<\/p>\n","protected":false},"featured_media":533752,"template":"","meta":{"_acf_changed":false},"product_brand":[],"product_cat":[12314],"product_tag":[],"class_list":{"0":"post-533751","1":"product","2":"type-product","3":"status-publish","4":"has-post-thumbnail","6":"product_cat-tuning-per-fucile","8":"first","9":"instock","10":"taxable","11":"shipping-taxable","12":"purchasable","13":"product-type-simple"},"acf":[],"_links":{"self":[{"href":"https:\/\/staging.nbg.eu\/it\/wp-json\/wp\/v2\/product\/533751","targetHints":{"allow":["GET"]}}],"collection":[{"href":"https:\/\/staging.nbg.eu\/it\/wp-json\/wp\/v2\/product"}],"about":[{"href":"https:\/\/staging.nbg.eu\/it\/wp-json\/wp\/v2\/types\/product"}],"wp:featuredmedia":[{"embeddable":true,"href":"https:\/\/staging.nbg.eu\/it\/wp-json\/wp\/v2\/media\/533752"}],"wp:attachment":[{"href":"https:\/\/staging.nbg.eu\/it\/wp-json\/wp\/v2\/media?parent=533751"}],"wp:term":[{"taxonomy":"product_brand","embeddable":true,"href":"https:\/\/staging.nbg.eu\/it\/wp-json\/wp\/v2\/product_brand?post=533751"},{"taxonomy":"product_cat","embeddable":true,"href":"https:\/\/staging.nbg.eu\/it\/wp-json\/wp\/v2\/product_cat?post=533751"},{"taxonomy":"product_tag","embeddable":true,"href":"https:\/\/staging.nbg.eu\/it\/wp-json\/wp\/v2\/product_tag?post=533751"}],"curies":[{"name":"wp","href":"https:\/\/api.w.org\/{rel}","templated":true}]}}